{"id":10825,"date":"2022-12-07T09:45:14","date_gmt":"2022-12-07T08:45:14","guid":{"rendered":"http:\/\/klubmamgdynia.pl\/?post_type=product&#038;p=10825"},"modified":"2026-04-04T08:07:56","modified_gmt":"2026-04-04T06:07:56","slug":"dziurkacz-ozdobny-2-5cm-kurczak-d25-74","status":"publish","type":"product","link":"http:\/\/klubmamgdynia.pl\/index.php\/produkt\/dziurkacz-ozdobny-2-5cm-kurczak-d25-74\/","title":{"rendered":"Dziurkacz ozdobny 2.5cm Kurczak D25-74"},"content":{"rendered":"<p>Dziurkacz ozdobny Brewis, wykrawaj\u0105cy otw\u00f3r w kszta\u0142cie kurczaczka. Prosty w obs\u0142udze dziurkacz, kt\u00f3ry doskonale sprawdzi si\u0119 w dziurkowaniu papieru lub pianki. Nieoceniona pomoc przy tworzeniu kartek okoliczno\u015bciowych, ozdobnych kopert oraz r\u00f3\u017cnego rodzaju dekoracji.Model: D25-74Kszta\u0142t otworu: kurczakWielko\u015b\u0107 otworu: 2.5cm<\/p>\n<h2>Dziurkacz ozdobny 2.5cm Kurczak D25-74 Amos<\/h2>\n<p>konstancja imie, cytaty na dzie\u0144 nauczyciela, quizy geograficzne, wielkanocne zagadki, ozdoby \u015bwi\u0105teczne do zrobienia z dzie\u0107mi, pies rysunek, pozytywne cytaty mama cytaty<\/p>\n<p>yyyyy<\/p>\n<p>&nbsp;<\/p>\n","protected":false},"excerpt":{"rendered":"<p>Dziurkacz ozdobny Brewis, wykrawaj\u0105cy otw\u00f3r w kszta\u0142cie kurczaczka. Prosty w obs\u0142udze dziurkacz, kt\u00f3ry doskonale sprawdzi si\u0119 w dziurkowaniu papieru lub pianki. Nieoceniona pomoc przy tworzeniu kartek okoliczno\u015bciowych, ozdobnych kopert oraz r\u00f3\u017cnego rodzaju dekoracji.Model: D25-74Kszta\u0142t otworu: kurczakWielko\u015b\u0107 otworu: 2.5cm Dziurkacz ozdobny 2.5cm Kurczak D25-74 Amos konstancja imie, cytaty na dzie\u0144 nauczyciela, quizy geograficzne, wielkanocne zagadki, ozdoby [&hellip;]<\/p>\n","protected":false},"featured_media":10826,"comment_status":"closed","ping_status":"open","template":"","meta":[],"product_cat":[1898,1926],"product_tag":[859,826,599,794,576],"class_list":["post-10825","product","type-product","status-publish","has-post-thumbnail","hentry","product_cat-amos","product_cat-dziurkacze-i-zszywacze","product_tag-dobranoc-pchly-na-noc","product_tag-prezent-dla-15-latka","product_tag-prezent-dla-nastolatkow-2021","product_tag-test-opowiesci-z-narnii-lew-czarownica-i-stara-szafa-do-druku","product_tag-trudne-zagadki"],"_links":{"self":[{"href":"http:\/\/klubmamgdynia.pl\/index.php\/wp-json\/wp\/v2\/product\/10825","targetHints":{"allow":["GET"]}}],"collection":[{"href":"http:\/\/klubmamgdynia.pl\/index.php\/wp-json\/wp\/v2\/product"}],"about":[{"href":"http:\/\/klubmamgdynia.pl\/index.php\/wp-json\/wp\/v2\/types\/product"}],"replies":[{"embeddable":true,"href":"http:\/\/klubmamgdynia.pl\/index.php\/wp-json\/wp\/v2\/comments?post=10825"}],"wp:featuredmedia":[{"embeddable":true,"href":"http:\/\/klubmamgdynia.pl\/index.php\/wp-json\/wp\/v2\/media\/10826"}],"wp:attachment":[{"href":"http:\/\/klubmamgdynia.pl\/index.php\/wp-json\/wp\/v2\/media?parent=10825"}],"wp:term":[{"taxonomy":"product_cat","embeddable":true,"href":"http:\/\/klubmamgdynia.pl\/index.php\/wp-json\/wp\/v2\/product_cat?post=10825"},{"taxonomy":"product_tag","embeddable":true,"href":"http:\/\/klubmamgdynia.pl\/index.php\/wp-json\/wp\/v2\/product_tag?post=10825"}],"curies":[{"name":"wp","href":"https:\/\/api.w.org\/{rel}","templated":true}]}}