{"id":10827,"date":"2012-10-04T21:00:20","date_gmt":"2012-10-04T19:00:20","guid":{"rendered":"http:\/\/klubmamgdynia.pl\/index.php\/produkt\/janod-klocki-drewniane-kubix-alfabet-16szt\/"},"modified":"2026-04-29T14:45:21","modified_gmt":"2026-04-29T12:45:21","slug":"janod-klocki-drewniane-kubix-alfabet-16szt","status":"publish","type":"product","link":"http:\/\/klubmamgdynia.pl\/index.php\/produkt\/janod-klocki-drewniane-kubix-alfabet-16szt\/","title":{"rendered":"Janod Klocki Drewniane Kubix Alfabet 16Szt"},"content":{"rendered":"<p>Zestaw kolorowych, drewnianych klock\u00f3w Kubix do nauki liter alfabetu francuskiej marki JANOD zawiera 16 por\u0119cznych sze\u015bcian\u00f3w z umieszczonymi na ich \u015bcianach literami, cyframi i wzorami graficznymi. Mo\u017cna z nich, tak jak z typowych klock\u00f3w, tworzy\u0107 wymarzone budowle i wie\u017ce, a przy okazji uczy\u0107 si\u0119 rozpoznawania liter, zar\u00f3wno pisanych, jak i drukowanych, ma\u0142ych i wielkich, a tak\u017ce cyfr wraz z odpowiadaj\u0105c\u0105 im liczb\u0105 element\u00f3w. Klocki s\u0105 pi\u0119knie pomalowane, a niekt\u00f3re wzory zosta\u0142y na nich wykrojone. Wyczuwanie kszta\u0142t\u00f3w \u2013 wypuk\u0142ych lub wkl\u0119s\u0142ych &#8211; dodatkowo stymuluje zmys\u0142y dziecka.Zabawka zosta\u0142a zaprojektowana we Francji. Zapakowana jest w estetyczne kartonowe pude\u0142ko. Idealnie nadaje si\u0119 na prezent.Drewniane klocki serii Kubix Janod to po\u0142\u0105czenie zabawy ze stymulacj\u0105 rozwoju dziecka. Uk\u0142adnie bry\u0142 sprawia, \u017ce dziecko w przyjemny spos\u00f3b rozwija swoj\u0105 wyobra\u017ani\u0119, kreatywno\u015b\u0107, rozumienie przestrzeni, zale\u017cno\u015bci i logiczne my\u015blenie, oraz uczy si\u0119 liter, cyfr i liczenia. Klocki to tak\u017ce doskona\u0142y trening dla motoryki ma\u0142ej d\u0142oni, koncentracji i cierpliwo\u015bci.Janod od 1970 roku niezmiennie projektuje zabawki, \u0142\u0105cz\u0105ce innowacyjno\u015b\u0107 z francuskim designem i najwy\u017csz\u0105 jako\u015bci\u0105. Unikalne produkty Janod tworzone s\u0105 z drewna i innych solidnych, trwa\u0142ych materia\u0142\u00f3w, a przede wszystkim \u2013 z dzieci\u0119cych marze\u0144! Janod \u2013 JUST PLAYkategoria: zabawki edukacyjneseria: Kubixindeks: J08078producent: Janodwiek: 2-6 latliczba element\u00f3w: 16materia\u0142: drewno\/farby wodnedesign: Francjawymiary produktu: 4,5 x 4,5 x 4,5 cmwaga produktu: 0,97 kgwymiary opakowania: 25 x 5 x 25 cmbezpiecze\u0144stwo i jako\u015b\u0107: EN71-1; EN71-2, EN71-3; REACHGwarancja 12 miesi\u0119cy.Zestaw kolorowych, drewnianych klock\u00f3w Kubix do nauki liter alfabetu francuskiej marki JANOD zawiera 16 por\u0119cznych sze\u015bcian\u00f3w z umieszczonymi na ich \u015bcianach literami, cyframi i wzorami graficznymi.Agito: takKod Producenta: 3700217380786seria: Zestawy i kolejki drewniane<\/p>\n<h2>Janod Klocki Drewniane Kubix Alfabet 16Szt Janod<\/h2>\n<p>kotek kolorowanka do druku, quizy ortograficzne trudne, test ch\u0142opcy z placu broni klasa 5, nauczyciel cytaty, bajki do czytania dla niemowl\u0105t, zagadki nie do rozwi\u0105zania, co oznacza jordan, afryka kazika test<\/p>\n<p>yyyyy<\/p>\n<p>&nbsp;<\/p>\n","protected":false},"excerpt":{"rendered":"<p>Zestaw kolorowych, drewnianych klock\u00f3w Kubix do nauki liter alfabetu francuskiej marki JANOD zawiera 16 por\u0119cznych sze\u015bcian\u00f3w z umieszczonymi na ich \u015bcianach literami, cyframi i wzorami graficznymi. Mo\u017cna z nich, tak jak z typowych klock\u00f3w, tworzy\u0107 wymarzone budowle i wie\u017ce, a przy okazji uczy\u0107 si\u0119 rozpoznawania liter, zar\u00f3wno pisanych, jak i drukowanych, ma\u0142ych i wielkich, a [&hellip;]<\/p>\n","protected":false},"featured_media":10828,"comment_status":"closed","ping_status":"open","template":"","meta":[],"product_cat":[557,99],"product_tag":[833,594,718,591,653,869],"class_list":["post-10827","product","type-product","status-publish","has-post-thumbnail","hentry","product_cat-janod","product_cat-zabawki-ekologiczne","product_tag-bajki-dla-dzieci-do-czytania","product_tag-podchwytliwe-zagadki-dla-dzieci","product_tag-prezent-na-roczek-dla-chrzesniaka","product_tag-quiz-o-minecraft","product_tag-warszawa-dla-dzieci","product_tag-zagadki-na-logike"],"_links":{"self":[{"href":"http:\/\/klubmamgdynia.pl\/index.php\/wp-json\/wp\/v2\/product\/10827","targetHints":{"allow":["GET"]}}],"collection":[{"href":"http:\/\/klubmamgdynia.pl\/index.php\/wp-json\/wp\/v2\/product"}],"about":[{"href":"http:\/\/klubmamgdynia.pl\/index.php\/wp-json\/wp\/v2\/types\/product"}],"replies":[{"embeddable":true,"href":"http:\/\/klubmamgdynia.pl\/index.php\/wp-json\/wp\/v2\/comments?post=10827"}],"wp:featuredmedia":[{"embeddable":true,"href":"http:\/\/klubmamgdynia.pl\/index.php\/wp-json\/wp\/v2\/media\/10828"}],"wp:attachment":[{"href":"http:\/\/klubmamgdynia.pl\/index.php\/wp-json\/wp\/v2\/media?parent=10827"}],"wp:term":[{"taxonomy":"product_cat","embeddable":true,"href":"http:\/\/klubmamgdynia.pl\/index.php\/wp-json\/wp\/v2\/product_cat?post=10827"},{"taxonomy":"product_tag","embeddable":true,"href":"http:\/\/klubmamgdynia.pl\/index.php\/wp-json\/wp\/v2\/product_tag?post=10827"}],"curies":[{"name":"wp","href":"https:\/\/api.w.org\/{rel}","templated":true}]}}