{"id":10829,"date":"2020-11-08T18:44:03","date_gmt":"2020-11-08T17:44:03","guid":{"rendered":"http:\/\/klubmamgdynia.pl\/index.php\/produkt\/amos-marker-suchoscieralny-kpl-4-gabka-taurus\/"},"modified":"2026-05-17T22:05:23","modified_gmt":"2026-05-17T20:05:23","slug":"amos-marker-suchoscieralny-kpl-4-gabka-taurus","status":"publish","type":"product","link":"http:\/\/klubmamgdynia.pl\/index.php\/produkt\/amos-marker-suchoscieralny-kpl-4-gabka-taurus\/","title":{"rendered":"Amos Marker Sucho\u015bcieralny \/Kpl. 4\/ + G\u0105bka Taurus"},"content":{"rendered":"<p>Markery sucho\u015bcieralne z okr\u0105g\u0142\u0105 ko\u0144c\u00f3wk\u0105 w zestawie z g\u0105bk\u0105. Marker przeznaczony jest do pisania na bia\u0142ych tablicach, szkle i innych g\u0142adkich powierzchniach. \u015acieralny na sucho, nie pozostawia smug, nie rysuje tablic. W zestawie: 4 markery (czarny, niebieski, zielony, czerwony) i g\u0105bka do mazania z paskiem magnetycznym. Markery sucho\u015bcieralne s\u0105 nietoksyczne (nie zawieraj\u0105 toluenu oraz ksylenu) o neutralnym zapachu. Parametry: grubo\u015b\u0107 linii pisania 1-3 mm kolory marker\u00f3w: czarny, czerwony, zielony, niebieski; g\u0105bki w ro\u017cnych kolorach cena dotyczy 1 zestawu (4 markery + g\u0105bka)<\/p>\n<h2>Amos Marker Sucho\u015bcieralny \/Kpl. 4\/ + G\u0105bka Taurus Amos<\/h2>\n<p>prezenty dla nastolatkow, quizy o koniach, szlaczki do druku, basen dla dzieci warszawa, stare piosenki, iwo imi\u0119, zagadki dla 8 latka, jesienne piosenki dla dzieci, zagadki dla 7 latka<\/p>\n<p>yyyyy<\/p>\n<p>&nbsp;<\/p>\n","protected":false},"excerpt":{"rendered":"<p>Markery sucho\u015bcieralne z okr\u0105g\u0142\u0105 ko\u0144c\u00f3wk\u0105 w zestawie z g\u0105bk\u0105. Marker przeznaczony jest do pisania na bia\u0142ych tablicach, szkle i innych g\u0142adkich powierzchniach. \u015acieralny na sucho, nie pozostawia smug, nie rysuje tablic. W zestawie: 4 markery (czarny, niebieski, zielony, czerwony) i g\u0105bka do mazania z paskiem magnetycznym. Markery sucho\u015bcieralne s\u0105 nietoksyczne (nie zawieraj\u0105 toluenu oraz ksylenu) [&hellip;]<\/p>\n","protected":false},"featured_media":10830,"comment_status":"closed","ping_status":"open","template":"","meta":[],"product_cat":[1898,413],"product_tag":[828,609,713],"class_list":["post-10829","product","type-product","status-publish","has-post-thumbnail","hentry","product_cat-amos","product_cat-artykuly-pismiennicze","product_tag-filmy-wigilijne-dla-dzieci","product_tag-quiz-flagi-europy","product_tag-zagadki-logiczne-z-odpowiedziami"],"_links":{"self":[{"href":"http:\/\/klubmamgdynia.pl\/index.php\/wp-json\/wp\/v2\/product\/10829","targetHints":{"allow":["GET"]}}],"collection":[{"href":"http:\/\/klubmamgdynia.pl\/index.php\/wp-json\/wp\/v2\/product"}],"about":[{"href":"http:\/\/klubmamgdynia.pl\/index.php\/wp-json\/wp\/v2\/types\/product"}],"replies":[{"embeddable":true,"href":"http:\/\/klubmamgdynia.pl\/index.php\/wp-json\/wp\/v2\/comments?post=10829"}],"wp:featuredmedia":[{"embeddable":true,"href":"http:\/\/klubmamgdynia.pl\/index.php\/wp-json\/wp\/v2\/media\/10830"}],"wp:attachment":[{"href":"http:\/\/klubmamgdynia.pl\/index.php\/wp-json\/wp\/v2\/media?parent=10829"}],"wp:term":[{"taxonomy":"product_cat","embeddable":true,"href":"http:\/\/klubmamgdynia.pl\/index.php\/wp-json\/wp\/v2\/product_cat?post=10829"},{"taxonomy":"product_tag","embeddable":true,"href":"http:\/\/klubmamgdynia.pl\/index.php\/wp-json\/wp\/v2\/product_tag?post=10829"}],"curies":[{"name":"wp","href":"https:\/\/api.w.org\/{rel}","templated":true}]}}