{"id":10831,"date":"2012-01-11T11:28:35","date_gmt":"2012-01-11T10:28:35","guid":{"rendered":"http:\/\/klubmamgdynia.pl\/index.php\/produkt\/zyje-i-dzialam-bezpiecznie-edb-podrecznik-2022\/"},"modified":"2026-04-04T02:12:34","modified_gmt":"2026-04-04T00:12:34","slug":"zyje-i-dzialam-bezpiecznie-edb-podrecznik-2022","status":"publish","type":"product","link":"http:\/\/klubmamgdynia.pl\/index.php\/produkt\/zyje-i-dzialam-bezpiecznie-edb-podrecznik-2022\/","title":{"rendered":"\u017byj\u0119 i dzia\u0142am bezpiecznie Edb Podr\u0119cznik 2022"},"content":{"rendered":"<p>\u017byj\u0119 i dzia\u0142am bezpiecznie Edb Podr\u0119cznik 2022<\/p>\n<p>Nowe wydanie podr\u0119cznika ,,\u017byj\u0119 i dzia\u0142am bezpiecznie&#8221; dla szk\u00f3\u0142 ponadpodstawowych jest zgodne z wytycznymi RKO wydanymi przez Europejsk\u0105 Rad\u0119 Resuscytacji w 2021 roku. Uwzgl\u0119dnia tak\u017ce najnowsze regulacje w zakresie obronno\u015bci. Opr\u00f3cz aktualnej wiedzy na temat pierwszej pomocy i dzia\u0142a\u0144 ratowniczych w podr\u0119czniku przedstawiono zasady post\u0119powania w sytuacjach kryzysowych, zagro\u017cenia czasu pokoju, a tak\u017ce zagadnienia dotycz\u0105ce bezpiecze\u0144stwa pa\u0144stwa i edukacji zdrowotnej.U\u0142atwia opanowanie wiedzy i umiej\u0119tno\u015bci praktycznych dzi\u0119ki algorytmom post\u0119powania, czytelnym zdj\u0119ciom oraz infografikom.Umo\u017cliwia szybkie odnalezienie szukanych tre\u015bci dzi\u0119ki przemy\u015blanym wyr\u00f3\u017cnieniom w tek\u015bcie oraz uj\u0119ciu najistotniejszych zagadnie\u0144 w widoczne i czytelne ramki.Pomaga przyswoi\u0107 wiedz\u0119 poprzez zastosowanie r\u00f3\u017cnorodnych, dostosowanych do potrzeb uczni\u00f3w rozwi\u0105za\u0144, takich jak mnemotechniki, podsumowania po tematach czy powt\u00f3rzenia po dzia\u0142ach.Pozwala dostrzec przydatno\u015b\u0107 i aktualno\u015b\u0107 omawianych zagadnie\u0144 dzi\u0119ki licznym odwo\u0142aniom do sytuacji bliskich do\u015bwiadczeniu uczni\u00f3w oraz do wydarze\u0144, kt\u00f3re mia\u0142y miejsce w niedalekiej przesz\u0142o\u015bci.<\/p>\n<h2>\u017byj\u0119 i dzia\u0142am bezpiecznie Edb Podr\u0119cznik 2022 <\/h2>\n<p>zabawy dla dzieci 9-12 lat, listy do \u015bwi\u0119tego miko\u0142aja, romantyczna bajka na dobranoc, rozalia imie, bajki na dobranoc dla dzieci, kolorowanka super zings, everest psi patrol, test z lektury spos\u00f3b na alcybiadesa, papuga kolorowanka, kolorowanka ninjago<\/p>\n<p>yyyyy<\/p>\n<p>&nbsp;<\/p>\n","protected":false},"excerpt":{"rendered":"<p>\u017byj\u0119 i dzia\u0142am bezpiecznie Edb Podr\u0119cznik 2022 Nowe wydanie podr\u0119cznika ,,\u017byj\u0119 i dzia\u0142am bezpiecznie&#8221; dla szk\u00f3\u0142 ponadpodstawowych jest zgodne z wytycznymi RKO wydanymi przez Europejsk\u0105 Rad\u0119 Resuscytacji w 2021 roku. Uwzgl\u0119dnia tak\u017ce najnowsze regulacje w zakresie obronno\u015bci. Opr\u00f3cz aktualnej wiedzy na temat pierwszej pomocy i dzia\u0142a\u0144 ratowniczych w podr\u0119czniku przedstawiono zasady post\u0119powania w sytuacjach kryzysowych, [&hellip;]<\/p>\n","protected":false},"featured_media":10832,"comment_status":"closed","ping_status":"open","template":"","meta":[],"product_cat":[1575],"product_tag":[828,804,710],"class_list":["post-10831","product","type-product","status-publish","has-post-thumbnail","hentry","product_cat-podreczniki-szkolne","product_tag-filmy-wigilijne-dla-dzieci","product_tag-ryz-z-owocami","product_tag-zagadki-dla-dzieci-10-12-lat"],"_links":{"self":[{"href":"http:\/\/klubmamgdynia.pl\/index.php\/wp-json\/wp\/v2\/product\/10831","targetHints":{"allow":["GET"]}}],"collection":[{"href":"http:\/\/klubmamgdynia.pl\/index.php\/wp-json\/wp\/v2\/product"}],"about":[{"href":"http:\/\/klubmamgdynia.pl\/index.php\/wp-json\/wp\/v2\/types\/product"}],"replies":[{"embeddable":true,"href":"http:\/\/klubmamgdynia.pl\/index.php\/wp-json\/wp\/v2\/comments?post=10831"}],"wp:featuredmedia":[{"embeddable":true,"href":"http:\/\/klubmamgdynia.pl\/index.php\/wp-json\/wp\/v2\/media\/10832"}],"wp:attachment":[{"href":"http:\/\/klubmamgdynia.pl\/index.php\/wp-json\/wp\/v2\/media?parent=10831"}],"wp:term":[{"taxonomy":"product_cat","embeddable":true,"href":"http:\/\/klubmamgdynia.pl\/index.php\/wp-json\/wp\/v2\/product_cat?post=10831"},{"taxonomy":"product_tag","embeddable":true,"href":"http:\/\/klubmamgdynia.pl\/index.php\/wp-json\/wp\/v2\/product_tag?post=10831"}],"curies":[{"name":"wp","href":"https:\/\/api.w.org\/{rel}","templated":true}]}}