{"id":10833,"date":"2016-01-13T12:22:40","date_gmt":"2016-01-13T11:22:40","guid":{"rendered":"http:\/\/klubmamgdynia.pl\/index.php\/produkt\/textiel-koparka-dzwig-auto-koparki-auta-posciel-160x200\/"},"modified":"2026-04-07T12:35:59","modified_gmt":"2026-04-07T10:35:59","slug":"textiel-koparka-dzwig-auto-koparki-auta-posciel-160x200","status":"publish","type":"product","link":"http:\/\/klubmamgdynia.pl\/index.php\/produkt\/textiel-koparka-dzwig-auto-koparki-auta-posciel-160x200\/","title":{"rendered":"Textiel Koparka Dzwig Auto Koparki Auta Po\u015bciel 160X200"},"content":{"rendered":"<p>PO\u015aCIELKOPARKAPo\u015bciel posiada pi\u0119kne,nasycone kolory, wyra\u017any nadruk.Twoje dziecko b\u0119dzie zachwycone!Po\u015bciel sk\u0142ada si\u0119 z trzech cz\u0119\u015bci :2x Poszewka na poduszk\u0119 50 x 75cmPoszwy pasuj\u0105cej na ko\u0142dr\u0119 160 x 200cm.Sk\u0142ad: 50% bawe\u0142na, 50% poliester<\/p>\n<h2>Textiel Koparka Dzwig Auto Koparki Auta Po\u015bciel 160X200 Textiel<\/h2>\n<p>fajne zagadki, na roczek dla dziewczynki, jak si\u0119 rysuje psa, jordan co oznacza, co kupi\u0107 ch\u0142opcu na roczek, prezent dla dziecka 1 rok, \u017carty prima aprilis, pomys\u0142y na dzie\u0144 dziecka dla nastolatk\u00f3w, quiz o dinozaurach, mapa polski do wydrukowania za darmo<\/p>\n<p>yyyyy<\/p>\n<p>&nbsp;<\/p>\n","protected":false},"excerpt":{"rendered":"<p>PO\u015aCIELKOPARKAPo\u015bciel posiada pi\u0119kne,nasycone kolory, wyra\u017any nadruk.Twoje dziecko b\u0119dzie zachwycone!Po\u015bciel sk\u0142ada si\u0119 z trzech cz\u0119\u015bci :2x Poszewka na poduszk\u0119 50 x 75cmPoszwy pasuj\u0105cej na ko\u0142dr\u0119 160 x 200cm.Sk\u0142ad: 50% bawe\u0142na, 50% poliester Textiel Koparka Dzwig Auto Koparki Auta Po\u015bciel 160X200 Textiel fajne zagadki, na roczek dla dziewczynki, jak si\u0119 rysuje psa, jordan co oznacza, co kupi\u0107 [&hellip;]<\/p>\n","protected":false},"featured_media":10834,"comment_status":"closed","ping_status":"open","template":"","meta":[],"product_cat":[994,1003],"product_tag":[734,690,586,840,823],"class_list":["post-10833","product","type-product","status-publish","has-post-thumbnail","hentry","product_cat-komplety-poscieli-dla-dzieci","product_cat-textiel","product_tag-milan-imie","product_tag-pieski-male-dwa-tekst","product_tag-smieszne-zagadki","product_tag-stare-bajki","product_tag-zagadki-dla-dzieci-7-lat"],"_links":{"self":[{"href":"http:\/\/klubmamgdynia.pl\/index.php\/wp-json\/wp\/v2\/product\/10833","targetHints":{"allow":["GET"]}}],"collection":[{"href":"http:\/\/klubmamgdynia.pl\/index.php\/wp-json\/wp\/v2\/product"}],"about":[{"href":"http:\/\/klubmamgdynia.pl\/index.php\/wp-json\/wp\/v2\/types\/product"}],"replies":[{"embeddable":true,"href":"http:\/\/klubmamgdynia.pl\/index.php\/wp-json\/wp\/v2\/comments?post=10833"}],"wp:featuredmedia":[{"embeddable":true,"href":"http:\/\/klubmamgdynia.pl\/index.php\/wp-json\/wp\/v2\/media\/10834"}],"wp:attachment":[{"href":"http:\/\/klubmamgdynia.pl\/index.php\/wp-json\/wp\/v2\/media?parent=10833"}],"wp:term":[{"taxonomy":"product_cat","embeddable":true,"href":"http:\/\/klubmamgdynia.pl\/index.php\/wp-json\/wp\/v2\/product_cat?post=10833"},{"taxonomy":"product_tag","embeddable":true,"href":"http:\/\/klubmamgdynia.pl\/index.php\/wp-json\/wp\/v2\/product_tag?post=10833"}],"curies":[{"name":"wp","href":"https:\/\/api.w.org\/{rel}","templated":true}]}}