{"id":10835,"date":"2019-04-26T05:23:31","date_gmt":"2019-04-26T03:23:31","guid":{"rendered":"http:\/\/klubmamgdynia.pl\/index.php\/produkt\/lean-toys-pojazd-na-akumulator-sx1928-4x4-bialy\/"},"modified":"2026-04-29T18:48:28","modified_gmt":"2026-04-29T16:48:28","slug":"lean-toys-pojazd-na-akumulator-sx1928-4x4-bialy","status":"publish","type":"product","link":"http:\/\/klubmamgdynia.pl\/index.php\/produkt\/lean-toys-pojazd-na-akumulator-sx1928-4x4-bialy\/","title":{"rendered":"Lean Toys Pojazd na Akumulator SX1928 4&#215;4 Bia\u0142y"},"content":{"rendered":"<p>Wymiary opakowania:148,5 cm x 83,5 cm x 45 cmInformacje o produkcieModel SX1928Kolor Bia\u0142ySilnik 4x45WAkumulator 1x12V14AhSkrzynia Bieg\u00f3w Automatyczna, 3 pr\u0119dko\u015bciWymiary Pojazdu 146cm x 98cm x 76cmPr\u0119dko\u015b\u0107 3-9km\/hMasa W\u0142asna 35kgMax. Obci\u0105\u017cenie 60kgCzas \u0141adowania 8 godzinCzas Dzia\u0142ania do 1 godzinyHamulec Automatyczny po zwolnieniu peda\u0142u gazu, Zatrzymanie awaryjne z pilota (P)Pasy Bezpiecze\u0144stwa \u2713Otwierane Drzwi \u2713Kluczyki \u2715Fotele Mi\u0119kka ekosk\u00f3raKo\u0142a Mi\u0119kkie EVAZdalne Sterowanie 2.4G, 3-stopniowa regulacja pr\u0119dko\u015bci\u015awiat\u0142a Przednie i Tylne LEDAudio Wej\u015bcie MP3, USB, SD<\/p>\n<h2>Lean Toys Pojazd na Akumulator SX1928 4&#215;4 Bia\u0142y Lean Toys<\/h2>\n<p>motto dla nauczyciela, kolorowanki zwierz\u0119ta, kolorowanka myszka minnie, warszawa z dzieckiem, \u015bmieszne zagadki z odpowiedziami<\/p>\n<p>yyyyy<\/p>\n<p>&nbsp;<\/p>\n","protected":false},"excerpt":{"rendered":"<p>Wymiary opakowania:148,5 cm x 83,5 cm x 45 cmInformacje o produkcieModel SX1928Kolor Bia\u0142ySilnik 4x45WAkumulator 1x12V14AhSkrzynia Bieg\u00f3w Automatyczna, 3 pr\u0119dko\u015bciWymiary Pojazdu 146cm x 98cm x 76cmPr\u0119dko\u015b\u0107 3-9km\/hMasa W\u0142asna 35kgMax. Obci\u0105\u017cenie 60kgCzas \u0141adowania 8 godzinCzas Dzia\u0142ania do 1 godzinyHamulec Automatyczny po zwolnieniu peda\u0142u gazu, Zatrzymanie awaryjne z pilota (P)Pasy Bezpiecze\u0144stwa \u2713Otwierane Drzwi \u2713Kluczyki \u2715Fotele Mi\u0119kka ekosk\u00f3raKo\u0142a Mi\u0119kkie [&hellip;]<\/p>\n","protected":false},"featured_media":10836,"comment_status":"closed","ping_status":"open","template":"","meta":[],"product_cat":[73,24],"product_tag":[681,750,670],"class_list":["post-10835","product","type-product","status-publish","has-post-thumbnail","hentry","product_cat-lean-toys","product_cat-samochody-dla-dzieci","product_tag-flagi-europy-quiz","product_tag-imie-kostek","product_tag-irma"],"_links":{"self":[{"href":"http:\/\/klubmamgdynia.pl\/index.php\/wp-json\/wp\/v2\/product\/10835","targetHints":{"allow":["GET"]}}],"collection":[{"href":"http:\/\/klubmamgdynia.pl\/index.php\/wp-json\/wp\/v2\/product"}],"about":[{"href":"http:\/\/klubmamgdynia.pl\/index.php\/wp-json\/wp\/v2\/types\/product"}],"replies":[{"embeddable":true,"href":"http:\/\/klubmamgdynia.pl\/index.php\/wp-json\/wp\/v2\/comments?post=10835"}],"wp:featuredmedia":[{"embeddable":true,"href":"http:\/\/klubmamgdynia.pl\/index.php\/wp-json\/wp\/v2\/media\/10836"}],"wp:attachment":[{"href":"http:\/\/klubmamgdynia.pl\/index.php\/wp-json\/wp\/v2\/media?parent=10835"}],"wp:term":[{"taxonomy":"product_cat","embeddable":true,"href":"http:\/\/klubmamgdynia.pl\/index.php\/wp-json\/wp\/v2\/product_cat?post=10835"},{"taxonomy":"product_tag","embeddable":true,"href":"http:\/\/klubmamgdynia.pl\/index.php\/wp-json\/wp\/v2\/product_tag?post=10835"}],"curies":[{"name":"wp","href":"https:\/\/api.w.org\/{rel}","templated":true}]}}