{"id":10837,"date":"2012-12-03T20:24:01","date_gmt":"2012-12-03T19:24:01","guid":{"rendered":"http:\/\/klubmamgdynia.pl\/index.php\/produkt\/amos-zakreslacz-suchy-hld12-rozowy-160-1950\/"},"modified":"2026-04-23T14:09:14","modified_gmt":"2026-04-23T12:09:14","slug":"amos-zakreslacz-suchy-hld12-rozowy-160-1950","status":"publish","type":"product","link":"http:\/\/klubmamgdynia.pl\/index.php\/produkt\/amos-zakreslacz-suchy-hld12-rozowy-160-1950\/","title":{"rendered":"Amos Zakre\u015blacz Suchy Hld12 R\u00f3\u017cowy (160-1950)"},"content":{"rendered":"<p>Suchy zakre\u015blacz firmy Amos z wykr\u0119canym sztyftemTransparentny grafit \u017celowy o grubo\u015bci ok. 10 mm\u0141atwa aplikacja na r\u00f3\u017cnych typach atramentuNie rozmazuje zakre\u015blanego tekstu odr\u0119cznego ani wydruk\u00f3wNie przesi\u0105ka przez papierNie powoduje marszczenia papieruPozostawiony bez zatyczki nie wysychaJednolity, fluorescencyjny kolorMo\u017cliwe ostrzenie no\u017cykiemNiezwykle g\u0142adkie i ciche zakre\u015blanieMo\u017ce by\u0107 u\u017cywany jako fluorescencyjna kredkaNiewidoczny na fotokopiach<\/p>\n<h2>Amos Zakre\u015blacz Suchy Hld12 R\u00f3\u017cowy (160-1950) Amos<\/h2>\n<p>wroc\u0142aw i okolice atrakcje, kolorowanki do druku pokemon, znaki drogowe quizy, kolorowanka kotka, \u0142amig\u0142\u00f3wki matematyczne, wiersz na wielkanocnym stole, rysunki do druku, nasza zima z\u0142a tekst, tajemniczy ogr\u00f3d test z odpowiedziami, quiz o polsce dla dzieci, malowanka, imiona \u017ce\u0144skie nietypowe, prezent dla rocznego ch\u0142opca, pomys\u0142 na prezent dla nastolatka, jasmin imie, prezent dla trzynastolatki, malowanki, ale kino program<\/p>\n<p>yyyyy<\/p>\n<p>&nbsp;<\/p>\n","protected":false},"excerpt":{"rendered":"<p>Suchy zakre\u015blacz firmy Amos z wykr\u0119canym sztyftemTransparentny grafit \u017celowy o grubo\u015bci ok. 10 mm\u0141atwa aplikacja na r\u00f3\u017cnych typach atramentuNie rozmazuje zakre\u015blanego tekstu odr\u0119cznego ani wydruk\u00f3wNie przesi\u0105ka przez papierNie powoduje marszczenia papieruPozostawiony bez zatyczki nie wysychaJednolity, fluorescencyjny kolorMo\u017cliwe ostrzenie no\u017cykiemNiezwykle g\u0142adkie i ciche zakre\u015blanieMo\u017ce by\u0107 u\u017cywany jako fluorescencyjna kredkaNiewidoczny na fotokopiach Amos Zakre\u015blacz Suchy Hld12 R\u00f3\u017cowy [&hellip;]<\/p>\n","protected":false},"featured_media":10838,"comment_status":"closed","ping_status":"open","template":"","meta":[],"product_cat":[1898,962],"product_tag":[585,717,843,672],"class_list":["post-10837","product","type-product","status-publish","has-post-thumbnail","hentry","product_cat-amos","product_cat-szkolne-przybory-do-pisania","product_tag-kolorowanki-dla-chlopcow","product_tag-prezent-roczek","product_tag-smieszne-zagadki-dla-dzieci","product_tag-trudne-zagadki-z-odpowiedziami"],"_links":{"self":[{"href":"http:\/\/klubmamgdynia.pl\/index.php\/wp-json\/wp\/v2\/product\/10837","targetHints":{"allow":["GET"]}}],"collection":[{"href":"http:\/\/klubmamgdynia.pl\/index.php\/wp-json\/wp\/v2\/product"}],"about":[{"href":"http:\/\/klubmamgdynia.pl\/index.php\/wp-json\/wp\/v2\/types\/product"}],"replies":[{"embeddable":true,"href":"http:\/\/klubmamgdynia.pl\/index.php\/wp-json\/wp\/v2\/comments?post=10837"}],"wp:featuredmedia":[{"embeddable":true,"href":"http:\/\/klubmamgdynia.pl\/index.php\/wp-json\/wp\/v2\/media\/10838"}],"wp:attachment":[{"href":"http:\/\/klubmamgdynia.pl\/index.php\/wp-json\/wp\/v2\/media?parent=10837"}],"wp:term":[{"taxonomy":"product_cat","embeddable":true,"href":"http:\/\/klubmamgdynia.pl\/index.php\/wp-json\/wp\/v2\/product_cat?post=10837"},{"taxonomy":"product_tag","embeddable":true,"href":"http:\/\/klubmamgdynia.pl\/index.php\/wp-json\/wp\/v2\/product_tag?post=10837"}],"curies":[{"name":"wp","href":"https:\/\/api.w.org\/{rel}","templated":true}]}}