{"id":10839,"date":"2016-08-09T14:40:22","date_gmt":"2016-08-09T12:40:22","guid":{"rendered":"http:\/\/klubmamgdynia.pl\/index.php\/produkt\/farba-olejna-120ml-phoenix-306-light-red\/"},"modified":"2026-04-30T08:24:46","modified_gmt":"2026-04-30T06:24:46","slug":"farba-olejna-120ml-phoenix-306-light-red","status":"publish","type":"product","link":"http:\/\/klubmamgdynia.pl\/index.php\/produkt\/farba-olejna-120ml-phoenix-306-light-red\/","title":{"rendered":"FARBA OLEJNA 120ml PHOENIX 306 LIGHT RED"},"content":{"rendered":"<p>Wysokiej jako\u015bci farby olejne marki Phoenix &#8211; tuba 120 ml. Dzi\u0119ki zastosowaniu przy produkcji najwy\u017cszej jako\u015bci pigment\u00f3w i oleju, farby te doskonale kryj\u0105 oraz daj\u0105 niezwykle mocne nasycenie kolorem. S\u0105 bardzo trwa\u0142e. Ka\u017cda tubka pakowana jest w oddzielne, estetyczne pude\u0142ko.Niew\u0105tpliw\u0105 zalet\u0105 farb Phoenix Oil Colour tuba 120 ml jest du\u017ca pojemno\u015b\u0107 skorelowana z atrakcyjn\u0105 cen\u0105.Farby polecamy zar\u00f3wno profesjonalnym jak i pocz\u0105tkuj\u0105cym Artystom.Kolory traktuj pogl\u0105dowo, ich odcie\u0144 wy\u015bwietlany na stronie sklepu zale\u017cy od ustawie\u0144 monitora.<\/p>\n<h2>FARBA OLEJNA 120ml PHOENIX 306 LIGHT RED AEQ<\/h2>\n<p>rysunek kota, kolorowe ciasto, kartka walentynkowa zrobiona przez dzieci, rozalia imi\u0119, andrzejki kolorowanki do druku, zabawy na bal karnawa\u0142owy w przedszkolu, zaproszenia urodzinowe do druku, kolorowanki dla dziewczynek, quiz psi patrol, menu na urodziny dziecka, imi\u0119 mira, aron<\/p>\n<p>yyyyy<\/p>\n<p>&nbsp;<\/p>\n","protected":false},"excerpt":{"rendered":"<p>Wysokiej jako\u015bci farby olejne marki Phoenix &#8211; tuba 120 ml. Dzi\u0119ki zastosowaniu przy produkcji najwy\u017cszej jako\u015bci pigment\u00f3w i oleju, farby te doskonale kryj\u0105 oraz daj\u0105 niezwykle mocne nasycenie kolorem. S\u0105 bardzo trwa\u0142e. Ka\u017cda tubka pakowana jest w oddzielne, estetyczne pude\u0142ko.Niew\u0105tpliw\u0105 zalet\u0105 farb Phoenix Oil Colour tuba 120 ml jest du\u017ca pojemno\u015b\u0107 skorelowana z atrakcyjn\u0105 cen\u0105.Farby [&hellip;]<\/p>\n","protected":false},"featured_media":10840,"comment_status":"closed","ping_status":"open","template":"","meta":[],"product_cat":[1921,1397],"product_tag":[676,681,640,876,849],"class_list":["post-10839","product","type-product","status-publish","has-post-thumbnail","hentry","product_cat-aeq","product_cat-farby-i-media-malarskie","product_tag-bursztynek","product_tag-flagi-europy-quiz","product_tag-prezent-dla-rocznej-dziewczynki","product_tag-przyjazn","product_tag-zagadki-matematyczne-dla-dzieci"],"_links":{"self":[{"href":"http:\/\/klubmamgdynia.pl\/index.php\/wp-json\/wp\/v2\/product\/10839","targetHints":{"allow":["GET"]}}],"collection":[{"href":"http:\/\/klubmamgdynia.pl\/index.php\/wp-json\/wp\/v2\/product"}],"about":[{"href":"http:\/\/klubmamgdynia.pl\/index.php\/wp-json\/wp\/v2\/types\/product"}],"replies":[{"embeddable":true,"href":"http:\/\/klubmamgdynia.pl\/index.php\/wp-json\/wp\/v2\/comments?post=10839"}],"wp:featuredmedia":[{"embeddable":true,"href":"http:\/\/klubmamgdynia.pl\/index.php\/wp-json\/wp\/v2\/media\/10840"}],"wp:attachment":[{"href":"http:\/\/klubmamgdynia.pl\/index.php\/wp-json\/wp\/v2\/media?parent=10839"}],"wp:term":[{"taxonomy":"product_cat","embeddable":true,"href":"http:\/\/klubmamgdynia.pl\/index.php\/wp-json\/wp\/v2\/product_cat?post=10839"},{"taxonomy":"product_tag","embeddable":true,"href":"http:\/\/klubmamgdynia.pl\/index.php\/wp-json\/wp\/v2\/product_tag?post=10839"}],"curies":[{"name":"wp","href":"https:\/\/api.w.org\/{rel}","templated":true}]}}