{"id":1084,"date":"2020-11-04T02:26:12","date_gmt":"2020-11-04T01:26:12","guid":{"rendered":"http:\/\/klubmamgdynia.pl\/index.php\/produkt\/adar-lalka-zestaw-z-szafa-419766\/"},"modified":"2026-04-06T21:46:28","modified_gmt":"2026-04-06T19:46:28","slug":"adar-lalka-zestaw-z-szafa-419766","status":"publish","type":"product","link":"http:\/\/klubmamgdynia.pl\/index.php\/produkt\/adar-lalka-zestaw-z-szafa-419766\/","title":{"rendered":"Adar Lalka zestaw z szaf\u0105 419766"},"content":{"rendered":"<p>Lalka 29cm w zestawie z szaf\u0105, butami i torebkami;Wymiary 32x21x6cm<\/p>\n<h2>Adar Lalka zestaw z szaf\u0105 419766 Adar<\/h2>\n<p>walentynka kolorowanka, \u017cyczenia na lany poniedzia\u0142ek wielkanocny, anastazja imi\u0119, halloween dla dzieci 2021, kolorowanki miasto dzieci, janusz korczak cytaty, cytaty o przyja\u017ani ma\u0142y ksi\u0105\u017c\u0119, Keyword, choinka z bibu\u0142y, zagadki matematyczne logiczne, kuba imi\u0119, piosenka przyjed\u017a do nas miko\u0142aju, julian imie, opis do zdj\u0119cia dziecka<\/p>\n<p>yyyyy<\/p>\n<p>&nbsp;<\/p>\n","protected":false},"excerpt":{"rendered":"<p>Lalka 29cm w zestawie z szaf\u0105, butami i torebkami;Wymiary 32x21x6cm Adar Lalka zestaw z szaf\u0105 419766 Adar walentynka kolorowanka, \u017cyczenia na lany poniedzia\u0142ek wielkanocny, anastazja imi\u0119, halloween dla dzieci 2021, kolorowanki miasto dzieci, janusz korczak cytaty, cytaty o przyja\u017ani ma\u0142y ksi\u0105\u017c\u0119, Keyword, choinka z bibu\u0142y, zagadki matematyczne logiczne, kuba imi\u0119, piosenka przyjed\u017a do nas miko\u0142aju, [&hellip;]<\/p>\n","protected":false},"featured_media":1085,"comment_status":"closed","ping_status":"open","template":"","meta":[],"product_cat":[175,65],"product_tag":[728,648,588,635],"class_list":["post-1084","product","type-product","status-publish","has-post-thumbnail","hentry","product_cat-adar","product_cat-lalki","product_tag-bezwarunkowa-milosc-do-dziecka-cytaty","product_tag-dobrej-nocy-i-sza","product_tag-wzruszajace-slowa-dla-przyjaciela","product_tag-znaki-drogowe-do-druku"],"_links":{"self":[{"href":"http:\/\/klubmamgdynia.pl\/index.php\/wp-json\/wp\/v2\/product\/1084","targetHints":{"allow":["GET"]}}],"collection":[{"href":"http:\/\/klubmamgdynia.pl\/index.php\/wp-json\/wp\/v2\/product"}],"about":[{"href":"http:\/\/klubmamgdynia.pl\/index.php\/wp-json\/wp\/v2\/types\/product"}],"replies":[{"embeddable":true,"href":"http:\/\/klubmamgdynia.pl\/index.php\/wp-json\/wp\/v2\/comments?post=1084"}],"wp:featuredmedia":[{"embeddable":true,"href":"http:\/\/klubmamgdynia.pl\/index.php\/wp-json\/wp\/v2\/media\/1085"}],"wp:attachment":[{"href":"http:\/\/klubmamgdynia.pl\/index.php\/wp-json\/wp\/v2\/media?parent=1084"}],"wp:term":[{"taxonomy":"product_cat","embeddable":true,"href":"http:\/\/klubmamgdynia.pl\/index.php\/wp-json\/wp\/v2\/product_cat?post=1084"},{"taxonomy":"product_tag","embeddable":true,"href":"http:\/\/klubmamgdynia.pl\/index.php\/wp-json\/wp\/v2\/product_tag?post=1084"}],"curies":[{"name":"wp","href":"https:\/\/api.w.org\/{rel}","templated":true}]}}