{"id":10841,"date":"2012-08-22T19:15:05","date_gmt":"2012-08-22T17:15:05","guid":{"rendered":"http:\/\/klubmamgdynia.pl\/index.php\/produkt\/czerwony-kapitan-dominik-dan\/"},"modified":"2026-04-17T01:51:56","modified_gmt":"2026-04-16T23:51:56","slug":"czerwony-kapitan-dominik-dan","status":"publish","type":"product","link":"http:\/\/klubmamgdynia.pl\/index.php\/produkt\/czerwony-kapitan-dominik-dan\/","title":{"rendered":"Czerwony kapitan &#8211; Dominik Dan"},"content":{"rendered":"<p>Akcja \u201eCzerwonego Kapitana\u201d dzieje si\u0119 w 1992 r., tu\u017c po transformacji ustrojowej. Komisarz Krauz prowadzi \u015bledztwo w sprawie morderstwa pope\u0142nionego kilka lat wcze\u015bniej przez s\u0142u\u017cby bezpiecze\u0144stwa. Trop prowadzi przez s\u0142u\u017cby ko\u015bcielne i tajne organizacje StB i si\u0119ga g\u0142\u0119bokiego \u015bredniowiecza. Komisarzowi Krauzowi przyda si\u0119 znajomo\u015b\u0107 \u0142aciny, nie tylko tej ulicznej\u2026Na podstawie powie\u015bci na ekranach kin w 2016 roku go\u015bci\u0142 s\u0142owacko-czesko-polski film. W g\u0142\u00f3wn\u0105 rol\u0119 detektywa Krauza wcieli\u0142 si\u0119 Maciej Stuhr, kt\u00f3ry jest jednocze\u015bnie autorem interpretacji audio. Aktor znakomicie odda\u0142 klimat komisariatu czesko-s\u0142owackiego pogranicza z pocz\u0105tku lat dziewi\u0119\u0107dziesi\u0105tych.Powy\u017cszy opis pochodzi od wydawcy.Audiobooki s\u0105 idealnym zast\u0119pstem dla ksi\u0105\u017cki papierowej gdy jeste\u015b w podr\u00f3\u017cy albo najzwyczajniej w \u015bwiecie masz zaj\u0119te r\u0119ce. S\u0142uchaj najwi\u0119kszych klasyk\u00f3w literatury pi\u0119knej, wsp\u00f3\u0142czesnych bestseller\u00f3w czy ksi\u0105\u017cek dla dzieci w intepretacjach wielu wybitnych lektor\u00f3w.Mole Mole to nowe, wyj\u0105tkowe miejsce na ksi\u0119garskiej mapie Polski. To nowoczesne, przytulne ma\u0142e ksi\u0119garnie oraz sklep internetowy, przyjazne pasjonatom czytania, wielbicielom dobrej ksi\u0105\u017cki i literatury, ceni\u0105cym sobie wyb\u00f3r i przyjazne, nie\u015bpieszne zakupy. W naszych ksi\u0119garniach znajdziecie wyselekcjonowan\u0105 ofert\u0119 tytu\u0142\u00f3w a na molemole.com mo\u017cecie buszowa\u0107 w\u015br\u00f3d dziesi\u0105tek tysi\u0119cy pozycji ksi\u0105\u017ckowych. Nasz bogaty ksi\u0119gozbi\u00f3r to moc inspiracji i publikacje z niemal\u017ce wszystkich dziedzin!<\/p>\n<h2>Czerwony kapitan &#8211; Dominik Dan <\/h2>\n<p>gry i zabawy ruchowe, wiersze o wio\u015bnie jana brzechwy, na wyspach bergamuta, pierwsze urodziny prezent na roczek dla dziewczynki, janusz, zabawy na dworze dla 10 latk\u00f3w, bajka o kreciku, zagadki dla m\u0142odzie\u017cy, halloween dla dzieci warszawa 2021, m\u0105dre bajki dla dzieci do czytania, quiz minecraft, darmowe kolorowanki do druku, kolorowanki do druku dla dziewczynek, wielkanocne zagadki, rozalia imie, zabawy z pi\u0142k\u0105 dla dzieci<\/p>\n<p>yyyyy<\/p>\n<p>&nbsp;<\/p>\n","protected":false},"excerpt":{"rendered":"<p>Akcja \u201eCzerwonego Kapitana\u201d dzieje si\u0119 w 1992 r., tu\u017c po transformacji ustrojowej. Komisarz Krauz prowadzi \u015bledztwo w sprawie morderstwa pope\u0142nionego kilka lat wcze\u015bniej przez s\u0142u\u017cby bezpiecze\u0144stwa. Trop prowadzi przez s\u0142u\u017cby ko\u015bcielne i tajne organizacje StB i si\u0119ga g\u0142\u0119bokiego \u015bredniowiecza. Komisarzowi Krauzowi przyda si\u0119 znajomo\u015b\u0107 \u0142aciny, nie tylko tej ulicznej\u2026Na podstawie powie\u015bci na ekranach kin w [&hellip;]<\/p>\n","protected":false},"featured_media":10842,"comment_status":"closed","ping_status":"open","template":"","meta":[],"product_cat":[1927],"product_tag":[844,876,627],"class_list":["post-10841","product","type-product","status-publish","has-post-thumbnail","hentry","product_cat-audiobooki","product_tag-co-kupic-na-roczek","product_tag-przyjazn","product_tag-quiz-dzieci-z-bullerbyn"],"_links":{"self":[{"href":"http:\/\/klubmamgdynia.pl\/index.php\/wp-json\/wp\/v2\/product\/10841","targetHints":{"allow":["GET"]}}],"collection":[{"href":"http:\/\/klubmamgdynia.pl\/index.php\/wp-json\/wp\/v2\/product"}],"about":[{"href":"http:\/\/klubmamgdynia.pl\/index.php\/wp-json\/wp\/v2\/types\/product"}],"replies":[{"embeddable":true,"href":"http:\/\/klubmamgdynia.pl\/index.php\/wp-json\/wp\/v2\/comments?post=10841"}],"wp:featuredmedia":[{"embeddable":true,"href":"http:\/\/klubmamgdynia.pl\/index.php\/wp-json\/wp\/v2\/media\/10842"}],"wp:attachment":[{"href":"http:\/\/klubmamgdynia.pl\/index.php\/wp-json\/wp\/v2\/media?parent=10841"}],"wp:term":[{"taxonomy":"product_cat","embeddable":true,"href":"http:\/\/klubmamgdynia.pl\/index.php\/wp-json\/wp\/v2\/product_cat?post=10841"},{"taxonomy":"product_tag","embeddable":true,"href":"http:\/\/klubmamgdynia.pl\/index.php\/wp-json\/wp\/v2\/product_tag?post=10841"}],"curies":[{"name":"wp","href":"https:\/\/api.w.org\/{rel}","templated":true}]}}