{"id":10843,"date":"2014-08-31T10:21:29","date_gmt":"2014-08-31T08:21:29","guid":{"rendered":"http:\/\/klubmamgdynia.pl\/index.php\/produkt\/amos-bis-amos-bis-futura-dynamic-14\/"},"modified":"2026-04-26T14:59:23","modified_gmt":"2026-04-26T12:59:23","slug":"amos-bis-amos-bis-futura-dynamic-14","status":"publish","type":"product","link":"http:\/\/klubmamgdynia.pl\/index.php\/produkt\/amos-bis-amos-bis-futura-dynamic-14\/","title":{"rendered":"Amos-Bis Amos &#8211; Bis Futura Dynamic 1,4"},"content":{"rendered":"<p>AMOS &#8211; BIS FUTURA DYNAMIC 1,4<\/p>\n<h2>Amos-Bis Amos &#8211; Bis Futura Dynamic 1,4 Amos<\/h2>\n<p>szlaczki dla dzieci, film animowany o \u015bwi\u0119tach, bombki do kolorowania, wierszyk o choince, miasto dzieci pl, gdzie na ferie zimowe 2022, bajki do czytania dla dzieci, quizy online, motto dla nauczyciela, testy ma\u0142y ksi\u0105\u017ce, dobre \u017carty na prima aprilis, sentencje ma\u0142y ksi\u0105\u017ce cytaty, konstancja imie, zagadki dla 5 latka, zabawy dla 5 latka, dawne ko\u0142ysanki teksty, kolorowanki star wars, czytanki na dobranoc, na roczek dla dziewczynki, ozdoby wielkanocne z dzie\u0107mi<\/p>\n<p>yyyyy<\/p>\n<p>&nbsp;<\/p>\n","protected":false},"excerpt":{"rendered":"<p>AMOS &#8211; BIS FUTURA DYNAMIC 1,4 Amos-Bis Amos &#8211; Bis Futura Dynamic 1,4 Amos szlaczki dla dzieci, film animowany o \u015bwi\u0119tach, bombki do kolorowania, wierszyk o choince, miasto dzieci pl, gdzie na ferie zimowe 2022, bajki do czytania dla dzieci, quizy online, motto dla nauczyciela, testy ma\u0142y ksi\u0105\u017ce, dobre \u017carty na prima aprilis, sentencje ma\u0142y [&hellip;]<\/p>\n","protected":false},"featured_media":10844,"comment_status":"closed","ping_status":"open","template":"","meta":[],"product_cat":[1898,1925],"product_tag":[772,763,846,738],"class_list":["post-10843","product","type-product","status-publish","has-post-thumbnail","hentry","product_cat-amos","product_cat-bagazniki-bazowe","product_tag-45-panstw-europy-i-ich-stolice-quiz","product_tag-fabian","product_tag-rysowanki","product_tag-wroclaw-dla-dzieci"],"_links":{"self":[{"href":"http:\/\/klubmamgdynia.pl\/index.php\/wp-json\/wp\/v2\/product\/10843","targetHints":{"allow":["GET"]}}],"collection":[{"href":"http:\/\/klubmamgdynia.pl\/index.php\/wp-json\/wp\/v2\/product"}],"about":[{"href":"http:\/\/klubmamgdynia.pl\/index.php\/wp-json\/wp\/v2\/types\/product"}],"replies":[{"embeddable":true,"href":"http:\/\/klubmamgdynia.pl\/index.php\/wp-json\/wp\/v2\/comments?post=10843"}],"wp:featuredmedia":[{"embeddable":true,"href":"http:\/\/klubmamgdynia.pl\/index.php\/wp-json\/wp\/v2\/media\/10844"}],"wp:attachment":[{"href":"http:\/\/klubmamgdynia.pl\/index.php\/wp-json\/wp\/v2\/media?parent=10843"}],"wp:term":[{"taxonomy":"product_cat","embeddable":true,"href":"http:\/\/klubmamgdynia.pl\/index.php\/wp-json\/wp\/v2\/product_cat?post=10843"},{"taxonomy":"product_tag","embeddable":true,"href":"http:\/\/klubmamgdynia.pl\/index.php\/wp-json\/wp\/v2\/product_tag?post=10843"}],"curies":[{"name":"wp","href":"https:\/\/api.w.org\/{rel}","templated":true}]}}