{"id":10845,"date":"2018-06-20T15:08:28","date_gmt":"2018-06-20T13:08:28","guid":{"rendered":"http:\/\/klubmamgdynia.pl\/index.php\/produkt\/tm-toys-roblox-figurka-social-medusa-influencer\/"},"modified":"2026-04-24T16:57:16","modified_gmt":"2026-04-24T14:57:16","slug":"tm-toys-roblox-figurka-social-medusa-influencer","status":"publish","type":"product","link":"http:\/\/klubmamgdynia.pl\/index.php\/produkt\/tm-toys-roblox-figurka-social-medusa-influencer\/","title":{"rendered":"TM Toys Roblox Figurka Social Medusa Influencer"},"content":{"rendered":"<p>Roblox Avatar Shop Series Collection &#8211; Social Medusa Influencer z Selfie StickJej obecno\u015b\u0107 w mediach spo\u0142eczno\u015bciowych rozpala \u015bwiat!\u2026Po namy\u015ble, po prostu zamienia to w kamie\u0144.Zestaw Social Medusa Influencer z Selfie Stick zawiera figurk\u0119 i wiele akcesori\u00f3w inspirowanych najpopularniejszymi przedmiotami w sklepie dla awatar\u00f3w Roblox.Po\u0142\u0105cz i dopasuj ka\u017cdy przedmiot, aby stworzy\u0107 w\u0142asn\u0105 unikaln\u0105 posta\u0107!Seria Avatar Shop zawiera figurk\u0119 i wymienne akcesoria inspirowane najpopularniejszymi przedmiotami w RobloxMieszaj i dopasowuj cz\u0119\u015bci, aby zbudowa\u0107 w\u0142asn\u0105 unikaln\u0105 posta\u0107 RobloxUdekoruj swoje figurki do\u0142\u0105czonymi akcesoriamiKa\u017cdy pakiet zawiera kod do wykorzystania, aby odblokowa\u0107 ekskluzywny wirtualny przedmiot w grzeZbierz wszystkie swoje ulubione figurki Roblox ju\u017c dzi\u015b!<\/p>\n<h2>TM Toys Roblox Figurka Social Medusa Influencer TM Toys<\/h2>\n<p>minecraft kolorowanki, zima z\u0142a tekst, kolorowanki dla dziewczynek lol, piosenka dla taty przedszkole, jaki prezent na roczek dla dziewczynki, kolorowanki do druku konie, plac zabaw pozna\u0144, kr\u00f3tkie bajki do czytania na dobranoc, oliwier znaczenie imienia, stare piosenki dla dzieci teksty, aurelia, ma\u0142y ksi\u0105\u017ce cytaty o przyja\u017ani<\/p>\n<p>yyyyy<\/p>\n<p>&nbsp;<\/p>\n","protected":false},"excerpt":{"rendered":"<p>Roblox Avatar Shop Series Collection &#8211; Social Medusa Influencer z Selfie StickJej obecno\u015b\u0107 w mediach spo\u0142eczno\u015bciowych rozpala \u015bwiat!\u2026Po namy\u015ble, po prostu zamienia to w kamie\u0144.Zestaw Social Medusa Influencer z Selfie Stick zawiera figurk\u0119 i wiele akcesori\u00f3w inspirowanych najpopularniejszymi przedmiotami w sklepie dla awatar\u00f3w Roblox.Po\u0142\u0105cz i dopasuj ka\u017cdy przedmiot, aby stworzy\u0107 w\u0142asn\u0105 unikaln\u0105 posta\u0107!Seria Avatar Shop [&hellip;]<\/p>\n","protected":false},"featured_media":10846,"comment_status":"closed","ping_status":"open","template":"","meta":[],"product_cat":[95,145],"product_tag":[761,802,583,738],"class_list":["post-10845","product","type-product","status-publish","has-post-thumbnail","hentry","product_cat-figurki-makiety-i-zestawy","product_cat-tm-toys","product_tag-choinko-piekna-jak-las-tekst","product_tag-co-kupic-dziewczynce-na-roczek","product_tag-kolysanki-dla-dzieci-tekst","product_tag-wroclaw-dla-dzieci"],"_links":{"self":[{"href":"http:\/\/klubmamgdynia.pl\/index.php\/wp-json\/wp\/v2\/product\/10845","targetHints":{"allow":["GET"]}}],"collection":[{"href":"http:\/\/klubmamgdynia.pl\/index.php\/wp-json\/wp\/v2\/product"}],"about":[{"href":"http:\/\/klubmamgdynia.pl\/index.php\/wp-json\/wp\/v2\/types\/product"}],"replies":[{"embeddable":true,"href":"http:\/\/klubmamgdynia.pl\/index.php\/wp-json\/wp\/v2\/comments?post=10845"}],"wp:featuredmedia":[{"embeddable":true,"href":"http:\/\/klubmamgdynia.pl\/index.php\/wp-json\/wp\/v2\/media\/10846"}],"wp:attachment":[{"href":"http:\/\/klubmamgdynia.pl\/index.php\/wp-json\/wp\/v2\/media?parent=10845"}],"wp:term":[{"taxonomy":"product_cat","embeddable":true,"href":"http:\/\/klubmamgdynia.pl\/index.php\/wp-json\/wp\/v2\/product_cat?post=10845"},{"taxonomy":"product_tag","embeddable":true,"href":"http:\/\/klubmamgdynia.pl\/index.php\/wp-json\/wp\/v2\/product_tag?post=10845"}],"curies":[{"name":"wp","href":"https:\/\/api.w.org\/{rel}","templated":true}]}}