{"id":10847,"date":"2015-11-26T21:08:43","date_gmt":"2015-11-26T20:08:43","guid":{"rendered":"http:\/\/klubmamgdynia.pl\/index.php\/produkt\/textiel-dinozaury-dinozaur-dino-posciel-dziecieca-140x200\/"},"modified":"2026-05-17T22:28:57","modified_gmt":"2026-05-17T20:28:57","slug":"textiel-dinozaury-dinozaur-dino-posciel-dziecieca-140x200","status":"publish","type":"product","link":"http:\/\/klubmamgdynia.pl\/index.php\/produkt\/textiel-dinozaury-dinozaur-dino-posciel-dziecieca-140x200\/","title":{"rendered":"Textiel Dinozaury Dinozaur Dino Po\u015bciel Dzieci\u0119ca 140X200"},"content":{"rendered":"<p>Dwustronna Po\u015bcielDINOZAURYPo\u015bciel posiada pi\u0119kne, nasycone kolory nawet po wielu praniach. Mi\u0119kka i przyjemna w dotyku. Twoje dziecko b\u0119dzie zachwycone!Po\u015bciel sk\u0142ada si\u0119 z dw\u00f3ch cz\u0119\u015bci.Poszewki na poduszk\u0119 (50x75cm)Poszwy pasuj\u0105cej na ko\u0142dr\u0119 (140x200cm)Tkanina 50% bawe\u0142na 50% poliesterPo\u015bciel dwustronna . Na odwrocie poszewki i poszwy widnieje inny wz\u00f3rSpraw rado\u015b\u0107 swojemu dziecku i podaruj mu prezent z kt\u00f3rego na pewno si\u0119 ucieszy.<\/p>\n<h2>Textiel Dinozaury Dinozaur Dino Po\u015bciel Dzieci\u0119ca 140X200 Textiel<\/h2>\n<p>kolorowanka dla dziewczynki, rzadkie imiona \u017ce\u0144skie polskie, dobrej nocy, zagadki dla dzieci 6-7 lat online, papugi do druku, plac zabaw pozna\u0144, co na prezent dla nastolatk\u00f3w, labirynt dla dzieci, quiz o koniach, nowe quizy do rozwi\u0105zania, test z lektury asiunia, gabriel imi\u0119, obrazki do druku, zimowe zabawy dla dzieci<\/p>\n<p>yyyyy<\/p>\n<p>&nbsp;<\/p>\n","protected":false},"excerpt":{"rendered":"<p>Dwustronna Po\u015bcielDINOZAURYPo\u015bciel posiada pi\u0119kne, nasycone kolory nawet po wielu praniach. Mi\u0119kka i przyjemna w dotyku. Twoje dziecko b\u0119dzie zachwycone!Po\u015bciel sk\u0142ada si\u0119 z dw\u00f3ch cz\u0119\u015bci.Poszewki na poduszk\u0119 (50x75cm)Poszwy pasuj\u0105cej na ko\u0142dr\u0119 (140x200cm)Tkanina 50% bawe\u0142na 50% poliesterPo\u015bciel dwustronna . Na odwrocie poszewki i poszwy widnieje inny wz\u00f3rSpraw rado\u015b\u0107 swojemu dziecku i podaruj mu prezent z kt\u00f3rego na [&hellip;]<\/p>\n","protected":false},"featured_media":10848,"comment_status":"closed","ping_status":"open","template":"","meta":[],"product_cat":[994,1003],"product_tag":[750,768,677,767],"class_list":["post-10847","product","type-product","status-publish","has-post-thumbnail","hentry","product_cat-komplety-poscieli-dla-dzieci","product_cat-textiel","product_tag-imie-kostek","product_tag-krotkie-zagadki-logiczne","product_tag-milosz-imie","product_tag-zaproszenia-urodzinowe-do-druku"],"_links":{"self":[{"href":"http:\/\/klubmamgdynia.pl\/index.php\/wp-json\/wp\/v2\/product\/10847","targetHints":{"allow":["GET"]}}],"collection":[{"href":"http:\/\/klubmamgdynia.pl\/index.php\/wp-json\/wp\/v2\/product"}],"about":[{"href":"http:\/\/klubmamgdynia.pl\/index.php\/wp-json\/wp\/v2\/types\/product"}],"replies":[{"embeddable":true,"href":"http:\/\/klubmamgdynia.pl\/index.php\/wp-json\/wp\/v2\/comments?post=10847"}],"wp:featuredmedia":[{"embeddable":true,"href":"http:\/\/klubmamgdynia.pl\/index.php\/wp-json\/wp\/v2\/media\/10848"}],"wp:attachment":[{"href":"http:\/\/klubmamgdynia.pl\/index.php\/wp-json\/wp\/v2\/media?parent=10847"}],"wp:term":[{"taxonomy":"product_cat","embeddable":true,"href":"http:\/\/klubmamgdynia.pl\/index.php\/wp-json\/wp\/v2\/product_cat?post=10847"},{"taxonomy":"product_tag","embeddable":true,"href":"http:\/\/klubmamgdynia.pl\/index.php\/wp-json\/wp\/v2\/product_tag?post=10847"}],"curies":[{"name":"wp","href":"https:\/\/api.w.org\/{rel}","templated":true}]}}