{"id":10851,"date":"2019-12-30T08:57:52","date_gmt":"2019-12-30T07:57:52","guid":{"rendered":"http:\/\/klubmamgdynia.pl\/index.php\/produkt\/amos-cienkopis-stabilo-point-88-44-zolcien\/"},"modified":"2026-04-29T13:12:05","modified_gmt":"2026-04-29T11:12:05","slug":"amos-cienkopis-stabilo-point-88-44-zolcien","status":"publish","type":"product","link":"http:\/\/klubmamgdynia.pl\/index.php\/produkt\/amos-cienkopis-stabilo-point-88-44-zolcien\/","title":{"rendered":"Amos Cienkopis Stabilo Point 88 44 \u017b\u00f3\u0142cie\u0144"},"content":{"rendered":"<p>Uniwersalny i najpopularniejszy cienkopis do pisania, podkre\u015blania i kre\u015blenia. Idealny do pracy z linijk\u0105. Niezawodny znak rozpoznawczy: jasne, pod\u0142u\u017cne paski na pomara\u0144czowej obudowie. Mocna, oprawiona w metal ko\u0144c\u00f3wka jest odporna na z\u0142amania i rozwarstwienia, co gwarantuje wysoki komfort pisania a\u017c do ca\u0142kowitego wyczerpania tuszu. Grubo\u015b\u0107 linii \u2013 0,4 mm. Dost\u0119pny w 25 kolorach! Parametry: najpopularniejszy cienkopis Stabilo Point 88 ko\u0144c\u00f3wka fibrowa 0,4 mm wentylowana skuwka ko\u0144c\u00f3wka oprawiona w metal skuwka w kolorze tuszu tusz na bazie wody &#8211; nie wysycha nawet przy d\u0142u\u017cszym pozostawieniu bez skuwki kolor \u017c\u00f3\u0142cie\u0144 88\/44 cena dotyczy jednej sztuki<\/p>\n<h2>Amos Cienkopis Stabilo Point 88 44 \u017b\u00f3\u0142cie\u0144 Amos<\/h2>\n<p>krzy\u017c\u00f3wki dla dzieci, ci\u0119\u017ckie zagadki, quiz znaki drogowe, lato, gda\u0144sk atrakcje dla m\u0142odzie\u017cy, stare piosenki, kolorowanka wakacje, rzadkie imiona dla dziewczynek, zagadki logiczne, uk\u0142ad s\u0142oneczny dla dzieci, kolorowanki lato, planety uk\u0142ad s\u0142oneczny dla dzieci do druku, co na roczek<\/p>\n<p>yyyyy<\/p>\n<p>&nbsp;<\/p>\n","protected":false},"excerpt":{"rendered":"<p>Uniwersalny i najpopularniejszy cienkopis do pisania, podkre\u015blania i kre\u015blenia. Idealny do pracy z linijk\u0105. Niezawodny znak rozpoznawczy: jasne, pod\u0142u\u017cne paski na pomara\u0144czowej obudowie. Mocna, oprawiona w metal ko\u0144c\u00f3wka jest odporna na z\u0142amania i rozwarstwienia, co gwarantuje wysoki komfort pisania a\u017c do ca\u0142kowitego wyczerpania tuszu. Grubo\u015b\u0107 linii \u2013 0,4 mm. Dost\u0119pny w 25 kolorach! Parametry: najpopularniejszy [&hellip;]<\/p>\n","protected":false},"featured_media":10852,"comment_status":"closed","ping_status":"open","template":"","meta":[],"product_cat":[1898,962],"product_tag":[868,651,616,653],"class_list":["post-10851","product","type-product","status-publish","has-post-thumbnail","hentry","product_cat-amos","product_cat-szkolne-przybory-do-pisania","product_tag-quizy-dla-dzieci","product_tag-quizy-online","product_tag-test-mikolajek-25-pytan","product_tag-warszawa-dla-dzieci"],"_links":{"self":[{"href":"http:\/\/klubmamgdynia.pl\/index.php\/wp-json\/wp\/v2\/product\/10851","targetHints":{"allow":["GET"]}}],"collection":[{"href":"http:\/\/klubmamgdynia.pl\/index.php\/wp-json\/wp\/v2\/product"}],"about":[{"href":"http:\/\/klubmamgdynia.pl\/index.php\/wp-json\/wp\/v2\/types\/product"}],"replies":[{"embeddable":true,"href":"http:\/\/klubmamgdynia.pl\/index.php\/wp-json\/wp\/v2\/comments?post=10851"}],"wp:featuredmedia":[{"embeddable":true,"href":"http:\/\/klubmamgdynia.pl\/index.php\/wp-json\/wp\/v2\/media\/10852"}],"wp:attachment":[{"href":"http:\/\/klubmamgdynia.pl\/index.php\/wp-json\/wp\/v2\/media?parent=10851"}],"wp:term":[{"taxonomy":"product_cat","embeddable":true,"href":"http:\/\/klubmamgdynia.pl\/index.php\/wp-json\/wp\/v2\/product_cat?post=10851"},{"taxonomy":"product_tag","embeddable":true,"href":"http:\/\/klubmamgdynia.pl\/index.php\/wp-json\/wp\/v2\/product_tag?post=10851"}],"curies":[{"name":"wp","href":"https:\/\/api.w.org\/{rel}","templated":true}]}}