{"id":10853,"date":"2023-09-04T09:03:49","date_gmt":"2023-09-04T07:03:49","guid":{"rendered":"http:\/\/klubmamgdynia.pl\/?post_type=product&#038;p=10853"},"modified":"2026-04-30T13:24:19","modified_gmt":"2026-04-30T11:24:19","slug":"belki-aluminiowe-dynamic-12-do-bagaznikow-amos","status":"publish","type":"product","link":"http:\/\/klubmamgdynia.pl\/index.php\/produkt\/belki-aluminiowe-dynamic-12-do-bagaznikow-amos\/","title":{"rendered":"Belki Aluminiowe Dynamic 1,2 do baga\u017cnik\u00f3w Amos"},"content":{"rendered":"<p>Belki aluminiowe<\/p>\n<h2>Belki Aluminiowe Dynamic 1,2 do baga\u017cnik\u00f3w Amos Amos<\/h2>\n<p>prezent dla rocznej dziewczynki, aurora imi\u0119, zak\u0142adka do ksi\u0105\u017cki szablon, kolorowanki lego ninjago, prezent dla nastolatka, by\u0142a sobie \u017cabka ma\u0142a tekst, przyjed\u017a do nas miko\u0142aju tekst, quiz opowie\u015bci z narnii, opis o dziecku, kolorowanka europa, dawne ko\u0142ysanki teksty, karnawa\u0142 maska karnawa\u0142owa szablon, zaczarowana zagroda &#8211; test, estera, skalne miasto, co mo\u017cna zrobi\u0107 z rolki papieru, obrazki do druku<\/p>\n<p>yyyyy<\/p>\n<p>&nbsp;<\/p>\n","protected":false},"excerpt":{"rendered":"<p>Belki aluminiowe Belki Aluminiowe Dynamic 1,2 do baga\u017cnik\u00f3w Amos Amos prezent dla rocznej dziewczynki, aurora imi\u0119, zak\u0142adka do ksi\u0105\u017cki szablon, kolorowanki lego ninjago, prezent dla nastolatka, by\u0142a sobie \u017cabka ma\u0142a tekst, przyjed\u017a do nas miko\u0142aju tekst, quiz opowie\u015bci z narnii, opis o dziecku, kolorowanka europa, dawne ko\u0142ysanki teksty, karnawa\u0142 maska karnawa\u0142owa szablon, zaczarowana zagroda &#8211; [&hellip;]<\/p>\n","protected":false},"featured_media":10854,"comment_status":"closed","ping_status":"open","template":"","meta":[],"product_cat":[1898,1925],"product_tag":[839,774,665,602,741,736],"class_list":["post-10853","product","type-product","status-publish","has-post-thumbnail","hentry","product_cat-amos","product_cat-bagazniki-bazowe","product_tag-bajki-na-dobranoc-do-czytania","product_tag-prezent-na-roczek-nie-zabawka","product_tag-proste-zagadki","product_tag-quiz-o-zwierzetach-domowych","product_tag-wlochy","product_tag-zabawki-na-roczek"],"_links":{"self":[{"href":"http:\/\/klubmamgdynia.pl\/index.php\/wp-json\/wp\/v2\/product\/10853","targetHints":{"allow":["GET"]}}],"collection":[{"href":"http:\/\/klubmamgdynia.pl\/index.php\/wp-json\/wp\/v2\/product"}],"about":[{"href":"http:\/\/klubmamgdynia.pl\/index.php\/wp-json\/wp\/v2\/types\/product"}],"replies":[{"embeddable":true,"href":"http:\/\/klubmamgdynia.pl\/index.php\/wp-json\/wp\/v2\/comments?post=10853"}],"wp:featuredmedia":[{"embeddable":true,"href":"http:\/\/klubmamgdynia.pl\/index.php\/wp-json\/wp\/v2\/media\/10854"}],"wp:attachment":[{"href":"http:\/\/klubmamgdynia.pl\/index.php\/wp-json\/wp\/v2\/media?parent=10853"}],"wp:term":[{"taxonomy":"product_cat","embeddable":true,"href":"http:\/\/klubmamgdynia.pl\/index.php\/wp-json\/wp\/v2\/product_cat?post=10853"},{"taxonomy":"product_tag","embeddable":true,"href":"http:\/\/klubmamgdynia.pl\/index.php\/wp-json\/wp\/v2\/product_tag?post=10853"}],"curies":[{"name":"wp","href":"https:\/\/api.w.org\/{rel}","templated":true}]}}