{"id":10855,"date":"2019-05-02T04:55:19","date_gmt":"2019-05-02T02:55:19","guid":{"rendered":"http:\/\/klubmamgdynia.pl\/index.php\/produkt\/janod-puzzle-w-walizce-podwodny-swiat-100-el-6-j02947\/"},"modified":"2026-05-17T20:53:38","modified_gmt":"2026-05-17T18:53:38","slug":"janod-puzzle-w-walizce-podwodny-swiat-100-el-6-j02947","status":"publish","type":"product","link":"http:\/\/klubmamgdynia.pl\/index.php\/produkt\/janod-puzzle-w-walizce-podwodny-swiat-100-el-6-j02947\/","title":{"rendered":"Janod Puzzle w walizce Podwodny \u015bwiat 100 el 6+ J02947"},"content":{"rendered":"<p>Janod Puzzle W Walizce Podwodny \u015bwiat 100el                            <\/p>\n<p>a                            <\/p>\n<p>Zestaw puzzli w walizce Podwodny \u015bwiat francuskiej marki JANOD sk\u0142ada si\u0119 ze 100 element\u00f3w, po u\u0142o\u017ceniu tworz\u0105cych pi\u0119kny, bogaty w szczeg\u00f3\u0142y obrazek, przedstawiaj\u0105cy morskie stworzenia, m.in. wieloryba, rekina, o\u015bmiornic\u0119, ryby, kraby i wiele innych, a tak\u017ce obserwuj\u0105cego je nurka, oraz marynarza w \u0142odzi, wypatruj\u0105cego przez lunet\u0119 latarni na horyzoncie. Puzzle wykonane s\u0105 z solidnego kartonu. Zaprojektowane i wykonane we Francji. Zapakowane w estetyczn\u0105 walizeczk\u0119 z r\u0105czk\u0105. Idealnie nadaj\u0105 si\u0119 na prezent.                            <\/p>\n<p>a                            <\/p>\n<p>Uk\u0142adanie puzzli stymuluje rozw\u00f3j m\u00f3zgu dziecka ju\u017c od najm\u0142odszych lat. To znakomity trening pami\u0119ci i koncentracji, kt\u00f3ry dodatkowo uczy rozpoznawania kszta\u0142t\u00f3w oraz logicznego my\u015blenia. Puzzle rozwijaj\u0105 te\u017c wiar\u0119 we w\u0142asne mo\u017cliwo\u015bci, \u0107wicz\u0105 sprawno\u015b\u0107 manualn\u0105 d\u0142oni i cierpliwo\u015b\u0107.Zabawka rozwija:umiej\u0119tno\u015b\u0107 budowania i projektowaniapami\u0119\u0107 i koncentracj\u0119wiek:\u00a06+liczba element\u00f3w:\u00a0100materia\u0142: kartondesign: Francjawymiary produktu:\u00a050 x 40\u00a0cmwaga produktu: 0,38 kgwymiary opakowania:\u00a0\u00a025 x 7 x 24 cmbezpiecze\u0144stwo i jako\u015b\u0107: EN71-1; EN71-2, EN71-3; REACH                            <\/p>\n<p>a                            <\/p>\n<p>Janod od 1970 roku niezmiennie projektuje zabawki, kt\u00f3re s\u0105 synonimem innowacyjno\u015bci, francuskiego designu i najwy\u017cszej jako\u015bci. Unikalne zabawki Janod tworzone s\u0105 z drewna i innych doskona\u0142ych materia\u0142\u00f3w, a przede wszystkim z dzieci\u0119cych marze\u0144!\u00a0W obecnej ofercie Janod jest ponad 500 produkt\u00f3w, z kt\u00f3rych kluczowe to zabawki drewniane, puzzle, uk\u0142adanki i zabawki magnetyczne. Wszystkie produkty projektowane s\u0105 we Francji przez w\u0142asnych designer\u00f3w. St\u0105d wiele motyw\u00f3w i wzor\u00f3w powtarza si\u0119 w kolekcjach, tworz\u0105c wyj\u0105tkowy, bajkowy \u015bwiat Janod.\u00a0Wszystkie zabawki tworzone s\u0105 z dba\u0142o\u015bci\u0105 o szczeg\u00f3\u0142y, z najwy\u017cszej jako\u015bci materia\u0142\u00f3w, bezpiecznych dla dzieci. Zabawki spe\u0142niaj\u0105 restrykcyjne normy bezpiecze\u0144stwa, takie jak EN71-1, EN71-2, EN71-3 oraz REACH.<\/p>\n<h2>Janod Puzzle w walizce Podwodny \u015bwiat 100 el 6+ J02947 Janod<\/h2>\n<p>kolorowanki do druku lol, quiz o ro\u015blinach, nauka zegara do druku, lol surprise kolorowanka, dzieci z bullerbyn quiz, test opowie\u015bci z narnii lew czarownica i stara szafa do druku, atrakcje dla dzieci tr\u00f3jmiasto, skye psi patrol kolorowanka, \u0142amig\u0142\u00f3wki dla dzieci, wr\u00f3\u017cby andrzejkowe dla dzieci online<\/p>\n<p>yyyyy<\/p>\n<p>&nbsp;<\/p>\n","protected":false},"excerpt":{"rendered":"<p>Janod Puzzle W Walizce Podwodny \u015bwiat 100el a Zestaw puzzli w walizce Podwodny \u015bwiat francuskiej marki JANOD sk\u0142ada si\u0119 ze 100 element\u00f3w, po u\u0142o\u017ceniu tworz\u0105cych pi\u0119kny, bogaty w szczeg\u00f3\u0142y obrazek, przedstawiaj\u0105cy morskie stworzenia, m.in. wieloryba, rekina, o\u015bmiornic\u0119, ryby, kraby i wiele innych, a tak\u017ce obserwuj\u0105cego je nurka, oraz marynarza w \u0142odzi, wypatruj\u0105cego przez lunet\u0119 latarni [&hellip;]<\/p>\n","protected":false},"featured_media":10856,"comment_status":"closed","ping_status":"open","template":"","meta":[],"product_cat":[557,90],"product_tag":[763,734,759,711],"class_list":["post-10855","product","type-product","status-publish","has-post-thumbnail","hentry","product_cat-janod","product_cat-puzzle","product_tag-fabian","product_tag-milan-imie","product_tag-pomysly-na-prezent-dla-nastolatkow","product_tag-prezenty-dla-nastolatkow"],"_links":{"self":[{"href":"http:\/\/klubmamgdynia.pl\/index.php\/wp-json\/wp\/v2\/product\/10855","targetHints":{"allow":["GET"]}}],"collection":[{"href":"http:\/\/klubmamgdynia.pl\/index.php\/wp-json\/wp\/v2\/product"}],"about":[{"href":"http:\/\/klubmamgdynia.pl\/index.php\/wp-json\/wp\/v2\/types\/product"}],"replies":[{"embeddable":true,"href":"http:\/\/klubmamgdynia.pl\/index.php\/wp-json\/wp\/v2\/comments?post=10855"}],"wp:featuredmedia":[{"embeddable":true,"href":"http:\/\/klubmamgdynia.pl\/index.php\/wp-json\/wp\/v2\/media\/10856"}],"wp:attachment":[{"href":"http:\/\/klubmamgdynia.pl\/index.php\/wp-json\/wp\/v2\/media?parent=10855"}],"wp:term":[{"taxonomy":"product_cat","embeddable":true,"href":"http:\/\/klubmamgdynia.pl\/index.php\/wp-json\/wp\/v2\/product_cat?post=10855"},{"taxonomy":"product_tag","embeddable":true,"href":"http:\/\/klubmamgdynia.pl\/index.php\/wp-json\/wp\/v2\/product_tag?post=10855"}],"curies":[{"name":"wp","href":"https:\/\/api.w.org\/{rel}","templated":true}]}}