{"id":10857,"date":"2023-06-15T14:17:24","date_gmt":"2023-06-15T12:17:24","guid":{"rendered":"http:\/\/klubmamgdynia.pl\/?post_type=product&#038;p=10857"},"modified":"2026-04-07T14:23:18","modified_gmt":"2026-04-07T12:23:18","slug":"simba-laura-lalka-z-laskotkami","status":"publish","type":"product","link":"http:\/\/klubmamgdynia.pl\/index.php\/produkt\/simba-laura-lalka-z-laskotkami\/","title":{"rendered":"Simba Laura Lalka z \u0142askotkami"},"content":{"rendered":"<p>Lalka bobas laura marki Simba ma \u0142askotki! Wystarczy lekko pogilgota\u0107 lalk\u0119 w st\u00f3pk\u0119, by us\u0142ysze\u0107 jej radosny \u015bmiech. Lalka, r\u00f3wnie\u017c potrafi p\u0142aka\u0107 i czka\u0107, co pobudza w dziecku empati\u0119. Laura w buzi ma smoczek, dzi\u0119ki kt\u00f3remu bobas si\u0119 uspokaja. Lalka wydaje 25 dzieci\u0119ce d\u017awi\u0119ki. Lalka jest ubrana w r\u00f3\u017cow\u0105 pi\u017camk\u0119 z jednoro\u017ccem i t\u0119cz\u0105 oraz czapeczk\u0119. Laura jest uroczym, ma\u0142ym bobaskiem, kt\u00f3ry potrzebuje du\u017co troski i mi\u0142o\u015bci.Charakterystyka:- ubrana w uroczy r\u00f3\u017cowy str\u00f3j: pi\u017camka, czapeczka i smoczek- pomaga dziecku wykszta\u0142ci\u0107 poczucie empatii, rozwija wyobra\u017anie i odpowiedzialno\u015b\u0107- posiada specjalny efekt &#8211; mo\u017cna j\u0105 gilgota\u0107, po kt\u00f3rym wydaje odpowiedni d\u017awi\u0119k- wydaje 25 d\u017awi\u0119k\u00f3w, w tym mama (potrafi p\u0142aka\u0107 \u015bmia\u0107 si\u0119 oraz czka\u0107)- wymaga: 3&#215;1,5V LR44 (baterie testowe w zestawie)- idealny prezent dla ka\u017cdej kochaj\u0105cej lalki dziewczynki<\/p>\n<h2>Simba Laura Lalka z \u0142askotkami Simba<\/h2>\n<p>opowie\u015b\u0107 wigilijna test z odpowiedziami, zaproszenia urodzinowe do druku, z\u0142ote my\u015bli o przyja\u017ani, wiersze \u0142ama\u0144ce j\u0119zykowe dla dzieci, prezent na roczek dziewczynka, ksi\u0105\u017cka dla dzieci online, list do sw mikolaja, test z lektury dzieci z bullerbyn, tajemniczy ogr\u00f3d test z lektury, dziewczynka z parku pytania i odpowiedzi, zosia samosia, kuchcikowo przepisy dla dzieci, \u015bmieszne zagadki, quiz znaki drogowe, prezent na 1 urodziny dla dziewczynki<\/p>\n<p>yyyyy<\/p>\n<p>&nbsp;<\/p>\n","protected":false},"excerpt":{"rendered":"<p>Lalka bobas laura marki Simba ma \u0142askotki! Wystarczy lekko pogilgota\u0107 lalk\u0119 w st\u00f3pk\u0119, by us\u0142ysze\u0107 jej radosny \u015bmiech. Lalka, r\u00f3wnie\u017c potrafi p\u0142aka\u0107 i czka\u0107, co pobudza w dziecku empati\u0119. Laura w buzi ma smoczek, dzi\u0119ki kt\u00f3remu bobas si\u0119 uspokaja. Lalka wydaje 25 dzieci\u0119ce d\u017awi\u0119ki. Lalka jest ubrana w r\u00f3\u017cow\u0105 pi\u017camk\u0119 z jednoro\u017ccem i t\u0119cz\u0105 oraz [&hellip;]<\/p>\n","protected":false},"featured_media":10858,"comment_status":"closed","ping_status":"open","template":"","meta":[],"product_cat":[65,279],"product_tag":[627,579,714,805],"class_list":["post-10857","product","type-product","status-publish","has-post-thumbnail","hentry","product_cat-lalki","product_cat-simba","product_tag-quiz-dzieci-z-bullerbyn","product_tag-quiz-opowiesci-z-narnii-lew-czarownica-i-stara-szafa","product_tag-zagadki-logiczne","product_tag-znaczenie-imienia-alan"],"_links":{"self":[{"href":"http:\/\/klubmamgdynia.pl\/index.php\/wp-json\/wp\/v2\/product\/10857","targetHints":{"allow":["GET"]}}],"collection":[{"href":"http:\/\/klubmamgdynia.pl\/index.php\/wp-json\/wp\/v2\/product"}],"about":[{"href":"http:\/\/klubmamgdynia.pl\/index.php\/wp-json\/wp\/v2\/types\/product"}],"replies":[{"embeddable":true,"href":"http:\/\/klubmamgdynia.pl\/index.php\/wp-json\/wp\/v2\/comments?post=10857"}],"wp:featuredmedia":[{"embeddable":true,"href":"http:\/\/klubmamgdynia.pl\/index.php\/wp-json\/wp\/v2\/media\/10858"}],"wp:attachment":[{"href":"http:\/\/klubmamgdynia.pl\/index.php\/wp-json\/wp\/v2\/media?parent=10857"}],"wp:term":[{"taxonomy":"product_cat","embeddable":true,"href":"http:\/\/klubmamgdynia.pl\/index.php\/wp-json\/wp\/v2\/product_cat?post=10857"},{"taxonomy":"product_tag","embeddable":true,"href":"http:\/\/klubmamgdynia.pl\/index.php\/wp-json\/wp\/v2\/product_tag?post=10857"}],"curies":[{"name":"wp","href":"https:\/\/api.w.org\/{rel}","templated":true}]}}