{"id":1086,"date":"2011-09-24T03:06:50","date_gmt":"2011-09-24T01:06:50","guid":{"rendered":"http:\/\/klubmamgdynia.pl\/index.php\/produkt\/silverlit-auto-exost-134-zdalnie-sterowane-x-monster-5-te-20612\/"},"modified":"2026-04-06T02:52:00","modified_gmt":"2026-04-06T00:52:00","slug":"silverlit-auto-exost-134-zdalnie-sterowane-x-monster-5-te-20612","status":"publish","type":"product","link":"http:\/\/klubmamgdynia.pl\/index.php\/produkt\/silverlit-auto-exost-134-zdalnie-sterowane-x-monster-5-te-20612\/","title":{"rendered":"SILVERLIT AUTO EXOST 1:34 ZDALNIE STEROWANE X-MONSTER 5+ TE 20612"},"content":{"rendered":"<p>Auto Exost zdalnie sterowane X-Monster TE 20612 firmy Silverlit to sportowy pojazd, kt\u00f3ry porusza si\u0119 na czterech du\u017cych ko\u0142ach, dzi\u0119ki temu \u015bwietnie poradzi sobie nawet w najtrudniejszym terenie. Pot\u0119\u017cne, odporne na wstrz\u0105sy opony przystosowane s\u0105 do jazdy po r\u00f3\u017cnych nawierzchniach.Samoch\u00f3d X-Monster Silverlit pilotem to wspania\u0142y pomys\u0142 na wsp\u00f3ln\u0105 przygod\u0119 podczas zabawy z dzieckiem w domu, w parku lub ogrodzie.Wiek dziecka: 5 \u207aSkala modelu: 1:34Zasi\u0119g pilota: 25 mMaksymalna pr\u0119dko\u015b\u0107 auta: 8 km\/hWymagane baterie: 5 x AAABaterie nie s\u0105 do\u0142\u0105czone do zestawu.Wymiary opakowania: 22 x 16 x 10 cmOpakowanie stanowi element produktu.Kod EAN: 4891813206125<\/p>\n<h2>SILVERLIT AUTO EXOST 1:34 ZDALNIE STEROWANE X-MONSTER 5+ TE 20612 Silverlit<\/h2>\n<p>stare bajki, m\u00f3j przyjaciel mi\u015b scenariusz zaj\u0119\u0107 w przedszkolu, testy z lektury opowie\u015bci z narni lew czarownica i stara szafa, pomys\u0142 na roczek<\/p>\n<p>yyyyy<\/p>\n<p>&nbsp;<\/p>\n","protected":false},"excerpt":{"rendered":"<p>Auto Exost zdalnie sterowane X-Monster TE 20612 firmy Silverlit to sportowy pojazd, kt\u00f3ry porusza si\u0119 na czterech du\u017cych ko\u0142ach, dzi\u0119ki temu \u015bwietnie poradzi sobie nawet w najtrudniejszym terenie. Pot\u0119\u017cne, odporne na wstrz\u0105sy opony przystosowane s\u0105 do jazdy po r\u00f3\u017cnych nawierzchniach.Samoch\u00f3d X-Monster Silverlit pilotem to wspania\u0142y pomys\u0142 na wsp\u00f3ln\u0105 przygod\u0119 podczas zabawy z dzieckiem w domu, [&hellip;]<\/p>\n","protected":false},"featured_media":1087,"comment_status":"closed","ping_status":"open","template":"","meta":[],"product_cat":[146,337],"product_tag":[645,734,582,703,841],"class_list":["post-1086","product","type-product","status-publish","has-post-thumbnail","hentry","product_cat-silverlit","product_cat-zabawki-zdalnie-sterowane","product_tag-latwe-zagadki","product_tag-milan-imie","product_tag-nauka-pisania-literek-do-wydruku-pdf","product_tag-prezent-dla-nastolatki","product_tag-quiz-o-flagach"],"_links":{"self":[{"href":"http:\/\/klubmamgdynia.pl\/index.php\/wp-json\/wp\/v2\/product\/1086","targetHints":{"allow":["GET"]}}],"collection":[{"href":"http:\/\/klubmamgdynia.pl\/index.php\/wp-json\/wp\/v2\/product"}],"about":[{"href":"http:\/\/klubmamgdynia.pl\/index.php\/wp-json\/wp\/v2\/types\/product"}],"replies":[{"embeddable":true,"href":"http:\/\/klubmamgdynia.pl\/index.php\/wp-json\/wp\/v2\/comments?post=1086"}],"wp:featuredmedia":[{"embeddable":true,"href":"http:\/\/klubmamgdynia.pl\/index.php\/wp-json\/wp\/v2\/media\/1087"}],"wp:attachment":[{"href":"http:\/\/klubmamgdynia.pl\/index.php\/wp-json\/wp\/v2\/media?parent=1086"}],"wp:term":[{"taxonomy":"product_cat","embeddable":true,"href":"http:\/\/klubmamgdynia.pl\/index.php\/wp-json\/wp\/v2\/product_cat?post=1086"},{"taxonomy":"product_tag","embeddable":true,"href":"http:\/\/klubmamgdynia.pl\/index.php\/wp-json\/wp\/v2\/product_tag?post=1086"}],"curies":[{"name":"wp","href":"https:\/\/api.w.org\/{rel}","templated":true}]}}