{"id":10861,"date":"2018-03-14T02:26:08","date_gmt":"2018-03-14T01:26:08","guid":{"rendered":"http:\/\/klubmamgdynia.pl\/index.php\/produkt\/viga-toys-viga-drewniane-puzzle-montessori-slon-z-pinezkami-44601\/"},"modified":"2026-04-14T14:31:07","modified_gmt":"2026-04-14T12:31:07","slug":"viga-toys-viga-drewniane-puzzle-montessori-slon-z-pinezkami-44601","status":"publish","type":"product","link":"http:\/\/klubmamgdynia.pl\/index.php\/produkt\/viga-toys-viga-drewniane-puzzle-montessori-slon-z-pinezkami-44601\/","title":{"rendered":"Viga Toys VIGA Drewniane Puzzle Montessori S\u0142o\u0144 z Pinezkami (44601)"},"content":{"rendered":"<p>Zabawa inspirowana metod\u0105 Marii Montessori pozwala na zapoznanie si\u0119 ma\u0142ych dzieci ze zwierz\u0119tami, stymuluj\u0105c przy tym gest, dotyk, rozwijaj\u0105c percepcj\u0119 kszta\u0142t\u00f3w i poczucie przestrzeni. To multisensoryczne podej\u015bcie sprzyja bardziej gruntownemu uczeniu si\u0119, kt\u00f3re jest bardzo wa\u017cne dla rozwoju poznawczego.Charakterystyka:- puzzle sk\u0142adaj\u0105 si\u0119 z 8 element\u00f3w z pinezkami- zadaniem dziecka jest u\u0142o\u017cenie s\u0142onia z dost\u0119pnych element\u00f3w, dopasowuj\u0105c nie tylko obrazek, ale te\u017c kszta\u0142t odpowiednich element\u00f3w- pinezki u\u0142atwiaj\u0105 ma\u0142ym r\u0105czkom z\u0142apanie i utrzymanie w d\u0142oni element\u00f3w puzzli- do zebrania ca\u0142a kolekcja zwierz\u0119cych puzzliZabawka rozwija:- sensoryk\u0119- motoryk\u0119 ma\u0142\u0105- koordynacj\u0119 r\u0119ka-oko- wyobra\u017ani\u0119<\/p>\n<h2>Viga Toys VIGA Drewniane Puzzle Montessori S\u0142o\u0144 z Pinezkami (44601) Viga<\/h2>\n<p>kwiatek kwiaty do druku szablony, test z lektury ania z zielonego wzg\u00f3rza klasa 6 z odpowiedziami, imiona dla dzieci 2019, znaczenie imienia lilia, gotowe zaproszenia na urodziny do wydrukowania, oryginalny prezent na roczek dla ch\u0142opca, dzieci z bullerbyn quiz, zabawka na roczek dla dziewczynki, cytaty o mamie, zdrowe przepisy dla dzieci, kolorowanki wed\u0142ug kodu do druku, prezent dla jedenastolatki, sentencje ma\u0142y ksi\u0105\u017ce cytaty, ale kino program, zabawy z 7 latkiem, zadania dla 7 latka do druku, opisy do zdj dziecka, kr\u00f3tkie czytanki dla dzieci do wydruku, wzory dyplom\u00f3w do pobrania, koty kolorowanki do druku, laurka kolorowanki na dzie\u0144 mamy<\/p>\n<p>yyyyy<\/p>\n<p>&nbsp;<\/p>\n","protected":false},"excerpt":{"rendered":"<p>Zabawa inspirowana metod\u0105 Marii Montessori pozwala na zapoznanie si\u0119 ma\u0142ych dzieci ze zwierz\u0119tami, stymuluj\u0105c przy tym gest, dotyk, rozwijaj\u0105c percepcj\u0119 kszta\u0142t\u00f3w i poczucie przestrzeni. To multisensoryczne podej\u015bcie sprzyja bardziej gruntownemu uczeniu si\u0119, kt\u00f3re jest bardzo wa\u017cne dla rozwoju poznawczego.Charakterystyka:- puzzle sk\u0142adaj\u0105 si\u0119 z 8 element\u00f3w z pinezkami- zadaniem dziecka jest u\u0142o\u017cenie s\u0142onia z dost\u0119pnych element\u00f3w, [&hellip;]<\/p>\n","protected":false},"featured_media":10862,"comment_status":"closed","ping_status":"open","template":"","meta":[],"product_cat":[90,1106],"product_tag":[834,711,751,771,820],"class_list":["post-10861","product","type-product","status-publish","has-post-thumbnail","hentry","product_cat-puzzle","product_cat-viga","product_tag-bajka-do-czytania-na-dobranoc","product_tag-prezenty-dla-nastolatkow","product_tag-psi-patrol-kolorowanka","product_tag-stolice-europy-quiz","product_tag-ziemia-wyspa-zielona-tekst"],"_links":{"self":[{"href":"http:\/\/klubmamgdynia.pl\/index.php\/wp-json\/wp\/v2\/product\/10861","targetHints":{"allow":["GET"]}}],"collection":[{"href":"http:\/\/klubmamgdynia.pl\/index.php\/wp-json\/wp\/v2\/product"}],"about":[{"href":"http:\/\/klubmamgdynia.pl\/index.php\/wp-json\/wp\/v2\/types\/product"}],"replies":[{"embeddable":true,"href":"http:\/\/klubmamgdynia.pl\/index.php\/wp-json\/wp\/v2\/comments?post=10861"}],"wp:featuredmedia":[{"embeddable":true,"href":"http:\/\/klubmamgdynia.pl\/index.php\/wp-json\/wp\/v2\/media\/10862"}],"wp:attachment":[{"href":"http:\/\/klubmamgdynia.pl\/index.php\/wp-json\/wp\/v2\/media?parent=10861"}],"wp:term":[{"taxonomy":"product_cat","embeddable":true,"href":"http:\/\/klubmamgdynia.pl\/index.php\/wp-json\/wp\/v2\/product_cat?post=10861"},{"taxonomy":"product_tag","embeddable":true,"href":"http:\/\/klubmamgdynia.pl\/index.php\/wp-json\/wp\/v2\/product_tag?post=10861"}],"curies":[{"name":"wp","href":"https:\/\/api.w.org\/{rel}","templated":true}]}}