{"id":10863,"date":"2019-02-01T02:59:51","date_gmt":"2019-02-01T01:59:51","guid":{"rendered":"http:\/\/klubmamgdynia.pl\/index.php\/produkt\/barbie-mebelki-maly-zestaw-l9479-4899\/"},"modified":"2026-04-04T02:48:41","modified_gmt":"2026-04-04T00:48:41","slug":"barbie-mebelki-maly-zestaw-l9479-4899","status":"publish","type":"product","link":"http:\/\/klubmamgdynia.pl\/index.php\/produkt\/barbie-mebelki-maly-zestaw-l9479-4899\/","title":{"rendered":"Barbie Mebelki Ma\u0142y Zestaw L9479\/4899"},"content":{"rendered":"<p>Autor:ISBN: 5907762000604EAN: 5907762000604Wydawnictwo: AmeetWydanie: oprawa: kartonStrony: Format: 30&#215;27 cm<\/p>\n<h2>Barbie Mebelki Ma\u0142y Zestaw L9479\/4899 AMEET<\/h2>\n<p>znaki drogowe do druku, zabawy halloweenowe dla dzieci, walentynka dla syna, wierszyki na lany poniedzia\u0142ek, cytaty o dziecku i mamie, cytaty o rodzinie i dzieciach, matylda imi\u0119, bajki do czytania na dobranoc, jeremi imi\u0119, prezent dla 7 latki, bajka dla dziewczynek, quiz psi patrol, zabawy ruchowe dla dzieci w przedszkolu, miko\u0142ajek sprawdzian z lektury z odpowiedziami, prezent na roczek dla chlopca, zabawy dla 5 6 latk\u00f3w, pomys\u0142y na roczek, kolorowanki kotki do druku, szablon krokus kolorowanka, zagadki matematyczne na logik\u0119, \u017carty na prima aprilis dla mamy<\/p>\n<p>yyyyy<\/p>\n<p>&nbsp;<\/p>\n","protected":false},"excerpt":{"rendered":"<p>Autor:ISBN: 5907762000604EAN: 5907762000604Wydawnictwo: AmeetWydanie: oprawa: kartonStrony: Format: 30&#215;27 cm Barbie Mebelki Ma\u0142y Zestaw L9479\/4899 AMEET znaki drogowe do druku, zabawy halloweenowe dla dzieci, walentynka dla syna, wierszyki na lany poniedzia\u0142ek, cytaty o dziecku i mamie, cytaty o rodzinie i dzieciach, matylda imi\u0119, bajki do czytania na dobranoc, jeremi imi\u0119, prezent dla 7 latki, bajka dla [&hellip;]<\/p>\n","protected":false},"featured_media":10864,"comment_status":"closed","ping_status":"open","template":"","meta":[],"product_cat":[172,1923],"product_tag":[744,654,737],"class_list":["post-10863","product","type-product","status-publish","has-post-thumbnail","hentry","product_cat-akcesoria-dla-lalek","product_cat-ameet","product_tag-kolorowanki-swiateczne-do-wydruku","product_tag-krotkie-bajki-dla-dzieci-do-czytania","product_tag-test-z-lektury-felix-net-i-nika-oraz-gang-niewidzialnych-ludzi"],"_links":{"self":[{"href":"http:\/\/klubmamgdynia.pl\/index.php\/wp-json\/wp\/v2\/product\/10863","targetHints":{"allow":["GET"]}}],"collection":[{"href":"http:\/\/klubmamgdynia.pl\/index.php\/wp-json\/wp\/v2\/product"}],"about":[{"href":"http:\/\/klubmamgdynia.pl\/index.php\/wp-json\/wp\/v2\/types\/product"}],"replies":[{"embeddable":true,"href":"http:\/\/klubmamgdynia.pl\/index.php\/wp-json\/wp\/v2\/comments?post=10863"}],"wp:featuredmedia":[{"embeddable":true,"href":"http:\/\/klubmamgdynia.pl\/index.php\/wp-json\/wp\/v2\/media\/10864"}],"wp:attachment":[{"href":"http:\/\/klubmamgdynia.pl\/index.php\/wp-json\/wp\/v2\/media?parent=10863"}],"wp:term":[{"taxonomy":"product_cat","embeddable":true,"href":"http:\/\/klubmamgdynia.pl\/index.php\/wp-json\/wp\/v2\/product_cat?post=10863"},{"taxonomy":"product_tag","embeddable":true,"href":"http:\/\/klubmamgdynia.pl\/index.php\/wp-json\/wp\/v2\/product_tag?post=10863"}],"curies":[{"name":"wp","href":"https:\/\/api.w.org\/{rel}","templated":true}]}}