{"id":10865,"date":"2025-05-04T01:30:39","date_gmt":"2025-05-03T23:30:39","guid":{"rendered":"http:\/\/klubmamgdynia.pl\/?post_type=product&#038;p=10865"},"modified":"2026-04-12T16:36:49","modified_gmt":"2026-04-12T14:36:49","slug":"cricco-dlugopisy-zelowe-brokatowe-10-kolorow-w-etui","status":"publish","type":"product","link":"http:\/\/klubmamgdynia.pl\/index.php\/produkt\/cricco-dlugopisy-zelowe-brokatowe-10-kolorow-w-etui\/","title":{"rendered":"Cricco D\u0142ugopisy \u017celowe, brokatowe 10 kolor\u00f3w w etui"},"content":{"rendered":"<p>Zestaw d\u0142ugopis\u00f3w \u017celowych CRICCO brokat 10kol.<\/p>\n<h2>Cricco D\u0142ugopisy \u017celowe, brokatowe 10 kolor\u00f3w w etui Amos<\/h2>\n<p>opowie\u015bci z narnii lew czarownica i stara szafa test do wydruku, peppa kolorowanka, maska batmana do druku, dymitr, lektura asiunia &#8211; test, aniela znaczenie imienia, ach \u015bpij kochanie tekst, test narnia lew czarownica i stara szafa, prezenty urodzinowe dla nastolatk\u00f3w, cytaty o dzieciach, wobies, zagadki dla dzieci 7 lat, kolorowanka minecraft<\/p>\n<p>yyyyy<\/p>\n<p>&nbsp;<\/p>\n","protected":false},"excerpt":{"rendered":"<p>Zestaw d\u0142ugopis\u00f3w \u017celowych CRICCO brokat 10kol. Cricco D\u0142ugopisy \u017celowe, brokatowe 10 kolor\u00f3w w etui Amos opowie\u015bci z narnii lew czarownica i stara szafa test do wydruku, peppa kolorowanka, maska batmana do druku, dymitr, lektura asiunia &#8211; test, aniela znaczenie imienia, ach \u015bpij kochanie tekst, test narnia lew czarownica i stara szafa, prezenty urodzinowe dla nastolatk\u00f3w, [&hellip;]<\/p>\n","protected":false},"featured_media":10866,"comment_status":"closed","ping_status":"open","template":"","meta":[],"product_cat":[1898,413],"product_tag":[829,680,578,800],"class_list":["post-10865","product","type-product","status-publish","has-post-thumbnail","hentry","product_cat-amos","product_cat-artykuly-pismiennicze","product_tag-bajki-do-czytania-na-dobranoc","product_tag-cytaty-z-malego-ksiecia","product_tag-fajne-zarty-na-prima-aprilis","product_tag-zagadki-smieszne"],"_links":{"self":[{"href":"http:\/\/klubmamgdynia.pl\/index.php\/wp-json\/wp\/v2\/product\/10865","targetHints":{"allow":["GET"]}}],"collection":[{"href":"http:\/\/klubmamgdynia.pl\/index.php\/wp-json\/wp\/v2\/product"}],"about":[{"href":"http:\/\/klubmamgdynia.pl\/index.php\/wp-json\/wp\/v2\/types\/product"}],"replies":[{"embeddable":true,"href":"http:\/\/klubmamgdynia.pl\/index.php\/wp-json\/wp\/v2\/comments?post=10865"}],"wp:featuredmedia":[{"embeddable":true,"href":"http:\/\/klubmamgdynia.pl\/index.php\/wp-json\/wp\/v2\/media\/10866"}],"wp:attachment":[{"href":"http:\/\/klubmamgdynia.pl\/index.php\/wp-json\/wp\/v2\/media?parent=10865"}],"wp:term":[{"taxonomy":"product_cat","embeddable":true,"href":"http:\/\/klubmamgdynia.pl\/index.php\/wp-json\/wp\/v2\/product_cat?post=10865"},{"taxonomy":"product_tag","embeddable":true,"href":"http:\/\/klubmamgdynia.pl\/index.php\/wp-json\/wp\/v2\/product_tag?post=10865"}],"curies":[{"name":"wp","href":"https:\/\/api.w.org\/{rel}","templated":true}]}}