{"id":10867,"date":"2016-11-04T19:05:52","date_gmt":"2016-11-04T18:05:52","guid":{"rendered":"http:\/\/klubmamgdynia.pl\/index.php\/produkt\/ameet-auta-bujdy-na-resorach-teczka-k97\/"},"modified":"2026-04-26T22:05:50","modified_gmt":"2026-04-26T20:05:50","slug":"ameet-auta-bujdy-na-resorach-teczka-k97","status":"publish","type":"product","link":"http:\/\/klubmamgdynia.pl\/index.php\/produkt\/ameet-auta-bujdy-na-resorach-teczka-k97\/","title":{"rendered":"Ameet Auta. Bujdy Na Resorach. Teczka K97"},"content":{"rendered":"<p>Zestaw ksi\u0105\u017ceczek dla dzieci sk\u0142ada si\u0119 z 4 ksi\u0105\u017ceczek do kolorowania z zadaniami oraz kompletu kredek. Doskona\u0142y na prezent!<\/p>\n<h2>Ameet Auta. Bujdy Na Resorach. Teczka K97 AMEET<\/h2>\n<p>test lew czarownica i stara szafa, zaproszenia na urodziny do wydruku, ko\u0142ysanki dla dzieci + tekst, zagadki wielkanocne dla dzieci, dla dzieci warszawa, prezenty dla 16 latki, kolorowanka my little pony, zagadka matematyczna, zaproszenie na urodziny dziecka do druku, zabawy na bal karnawa\u0142owy w przedszkolu<\/p>\n<p><a href=\"https:\/\/estore.asus.com\/pl\/asus-expertbook-b7-flip-b7402f.html\">https:\/\/estore.asus.com\/pl\/asus-expertbook-b7-flip-b7402f.html<\/a><\/p>\n<p>&nbsp;<\/p>\n","protected":false},"excerpt":{"rendered":"<p>Zestaw ksi\u0105\u017ceczek dla dzieci sk\u0142ada si\u0119 z 4 ksi\u0105\u017ceczek do kolorowania z zadaniami oraz kompletu kredek. Doskona\u0142y na prezent! Ameet Auta. Bujdy Na Resorach. Teczka K97 AMEET test lew czarownica i stara szafa, zaproszenia na urodziny do wydruku, ko\u0142ysanki dla dzieci + tekst, zagadki wielkanocne dla dzieci, dla dzieci warszawa, prezenty dla 16 latki, kolorowanka [&hellip;]<\/p>\n","protected":false},"featured_media":10868,"comment_status":"closed","ping_status":"open","template":"","meta":[],"product_cat":[1923,83],"product_tag":[831,781,752],"class_list":["post-10867","product","type-product","status-publish","has-post-thumbnail","hentry","product_cat-ameet","product_cat-auta-i-inne-pojazdy-do-zabawy","product_tag-bruno","product_tag-cytaty-o-wychowaniu-dzieci","product_tag-kuba-imie"],"_links":{"self":[{"href":"http:\/\/klubmamgdynia.pl\/index.php\/wp-json\/wp\/v2\/product\/10867","targetHints":{"allow":["GET"]}}],"collection":[{"href":"http:\/\/klubmamgdynia.pl\/index.php\/wp-json\/wp\/v2\/product"}],"about":[{"href":"http:\/\/klubmamgdynia.pl\/index.php\/wp-json\/wp\/v2\/types\/product"}],"replies":[{"embeddable":true,"href":"http:\/\/klubmamgdynia.pl\/index.php\/wp-json\/wp\/v2\/comments?post=10867"}],"wp:featuredmedia":[{"embeddable":true,"href":"http:\/\/klubmamgdynia.pl\/index.php\/wp-json\/wp\/v2\/media\/10868"}],"wp:attachment":[{"href":"http:\/\/klubmamgdynia.pl\/index.php\/wp-json\/wp\/v2\/media?parent=10867"}],"wp:term":[{"taxonomy":"product_cat","embeddable":true,"href":"http:\/\/klubmamgdynia.pl\/index.php\/wp-json\/wp\/v2\/product_cat?post=10867"},{"taxonomy":"product_tag","embeddable":true,"href":"http:\/\/klubmamgdynia.pl\/index.php\/wp-json\/wp\/v2\/product_tag?post=10867"}],"curies":[{"name":"wp","href":"https:\/\/api.w.org\/{rel}","templated":true}]}}