{"id":10871,"date":"2011-08-01T16:19:06","date_gmt":"2011-08-01T14:19:06","guid":{"rendered":"http:\/\/klubmamgdynia.pl\/index.php\/produkt\/addo-mis-pierwsza-przytulanka-zestaw-do-szycia-31817102\/"},"modified":"2026-04-03T12:30:42","modified_gmt":"2026-04-03T10:30:42","slug":"addo-mis-pierwsza-przytulanka-zestaw-do-szycia-31817102","status":"publish","type":"product","link":"http:\/\/klubmamgdynia.pl\/index.php\/produkt\/addo-mis-pierwsza-przytulanka-zestaw-do-szycia-31817102\/","title":{"rendered":"Addo Mi\u015b Pierwsza Przytulanka Zestaw Do Szycia (31817102)"},"content":{"rendered":"<p>Dzi\u0119ki temu wspania\u0142emu zestawowi w kilka minut mo\u017cesz stworzy\u0107 swoj\u0105 przytulank\u0119.Mi\u015b wykonany jest z mi\u0142ego w dotyku materia\u0142u, po wypchaniu stanie si\u0119 Twoj\u0105 ulubion\u0105 maskotk\u0105.Mi\u015b b\u0119dzie idealnym kandydatem do wsp\u00f3lnych podr\u00f3\u017cy, dzi\u0119ki temu \u017ce jest niedu\u017cy wsz\u0119dzie mo\u017cesz go zabra\u0107 ze sob\u0105.ZAWARTO\u015a\u0106:- mi\u015b,- certyfikat adopcji,- T-shirt dla misia,- wype\u0142nienie misia,- plastikowa ig\u0142\u0105 z nitk\u0105,- serduszko do wypisania \u017cyczenia,- instrukcja.WIEK:5 lat +WYMIARY:opakowania 30 x 25 x 7,5 cmwysoko\u015b\u0107 misia ok 33 cmWAGA:295 gUWAGI:Nieodpowiednie dla dzieci poni\u017cej 3 lat ze wzgl\u0119du na ma\u0142e cz\u0119\u015bci.Produkt zalecany dla dzieci w wieku powy\u017cej 5 lat.<\/p>\n<h2>Addo Mi\u015b Pierwsza Przytulanka Zestaw Do Szycia (31817102) Russell<\/h2>\n<p>kr\u00f3tkie bajki na dobranoc do czytania, sta\u0142a pod \u015bniegiem, marianna, prezent dla nastolatk\u00f3w na \u015bwi\u0119ta, pierwsze urodziny prezent na roczek dla ch\u0142opca, kr\u00f3tkie czytanki dla dzieci do wydruku, film animowany o \u015bwi\u0119tach, by\u0142a sobie \u017cabka ma\u0142a tekst, kolorowanka uk\u0142ad s\u0142oneczny dla dzieci do druku, proste \u017carty na prima aprilis, kolorowanki do wydruku, zaproszenia urodzinowe do wydruku chomikuj, opis o dziecku<\/p>\n<p>yyyyy<\/p>\n<p>&nbsp;<\/p>\n","protected":false},"excerpt":{"rendered":"<p>Dzi\u0119ki temu wspania\u0142emu zestawowi w kilka minut mo\u017cesz stworzy\u0107 swoj\u0105 przytulank\u0119.Mi\u015b wykonany jest z mi\u0142ego w dotyku materia\u0142u, po wypchaniu stanie si\u0119 Twoj\u0105 ulubion\u0105 maskotk\u0105.Mi\u015b b\u0119dzie idealnym kandydatem do wsp\u00f3lnych podr\u00f3\u017cy, dzi\u0119ki temu \u017ce jest niedu\u017cy wsz\u0119dzie mo\u017cesz go zabra\u0107 ze sob\u0105.ZAWARTO\u015a\u0106:- mi\u015b,- certyfikat adopcji,- T-shirt dla misia,- wype\u0142nienie misia,- plastikowa ig\u0142\u0105 z nitk\u0105,- serduszko [&hellip;]<\/p>\n","protected":false},"featured_media":10872,"comment_status":"closed","ping_status":"open","template":"","meta":[],"product_cat":[422,21],"product_tag":[671,816,814,751,577],"class_list":["post-10871","product","type-product","status-publish","has-post-thumbnail","hentry","product_cat-russell","product_cat-zabawki-plastyczne","product_tag-cicha-noc-po-angielsku-tekst","product_tag-place-zabaw-warszawa","product_tag-prezenty-dla-nastolatek","product_tag-psi-patrol-kolorowanka","product_tag-znaki-drogowe-test"],"_links":{"self":[{"href":"http:\/\/klubmamgdynia.pl\/index.php\/wp-json\/wp\/v2\/product\/10871","targetHints":{"allow":["GET"]}}],"collection":[{"href":"http:\/\/klubmamgdynia.pl\/index.php\/wp-json\/wp\/v2\/product"}],"about":[{"href":"http:\/\/klubmamgdynia.pl\/index.php\/wp-json\/wp\/v2\/types\/product"}],"replies":[{"embeddable":true,"href":"http:\/\/klubmamgdynia.pl\/index.php\/wp-json\/wp\/v2\/comments?post=10871"}],"wp:featuredmedia":[{"embeddable":true,"href":"http:\/\/klubmamgdynia.pl\/index.php\/wp-json\/wp\/v2\/media\/10872"}],"wp:attachment":[{"href":"http:\/\/klubmamgdynia.pl\/index.php\/wp-json\/wp\/v2\/media?parent=10871"}],"wp:term":[{"taxonomy":"product_cat","embeddable":true,"href":"http:\/\/klubmamgdynia.pl\/index.php\/wp-json\/wp\/v2\/product_cat?post=10871"},{"taxonomy":"product_tag","embeddable":true,"href":"http:\/\/klubmamgdynia.pl\/index.php\/wp-json\/wp\/v2\/product_tag?post=10871"}],"curies":[{"name":"wp","href":"https:\/\/api.w.org\/{rel}","templated":true}]}}