{"id":10873,"date":"2011-05-16T04:27:39","date_gmt":"2011-05-16T02:27:39","guid":{"rendered":"http:\/\/klubmamgdynia.pl\/index.php\/produkt\/la-manuli-la-manuli-zestaw-kreatywny-koraliki-do-prasowania\/"},"modified":"2026-04-04T16:18:27","modified_gmt":"2026-04-04T14:18:27","slug":"la-manuli-la-manuli-zestaw-kreatywny-koraliki-do-prasowania","status":"publish","type":"product","link":"http:\/\/klubmamgdynia.pl\/index.php\/produkt\/la-manuli-la-manuli-zestaw-kreatywny-koraliki-do-prasowania\/","title":{"rendered":"La Manuli La Manuli Zestaw Kreatywny Koraliki Do Prasowania"},"content":{"rendered":"<p>Koraliki do prasowania La Manuli \u015awiec\u0105ce 5 Wzor\u00f3w<\/p>\n<h2>La Manuli La Manuli Zestaw Kreatywny Koraliki Do Prasowania <\/h2>\n<p>quiz o polsce dla dzieci, zagadki logiczne dla dzieci 10 lat do druku, zagadki logiczne dla dzieci, warszawa dzieci, henryk, kolorowanka lego ninjago, dobrej nocy i sza, quiz o wio\u015bnie, kolorowanki miasto dzieci, kolorowanki uk\u0142ad s\u0142oneczny, filmy animowane o \u015bwi\u0119tach, akademia pana kleksa &#8211; test z odpowiedziami do druku, zadania logiczne dla dzieci, zaproszenie na urodziny do druku, rozrywka dla dzieci, bajka o smoku wawelskim, dziecko cytaty, zagadki dla dzieci 9-10 lat z odpowiedziami, zagadki zagadki, kolorowanki dla ch\u0142opc\u00f3w do druku<\/p>\n<p>yyyyy<\/p>\n<p>&nbsp;<\/p>\n","protected":false},"excerpt":{"rendered":"<p>Koraliki do prasowania La Manuli \u015awiec\u0105ce 5 Wzor\u00f3w La Manuli La Manuli Zestaw Kreatywny Koraliki Do Prasowania quiz o polsce dla dzieci, zagadki logiczne dla dzieci 10 lat do druku, zagadki logiczne dla dzieci, warszawa dzieci, henryk, kolorowanka lego ninjago, dobrej nocy i sza, quiz o wio\u015bnie, kolorowanki miasto dzieci, kolorowanki uk\u0142ad s\u0142oneczny, filmy animowane [&hellip;]<\/p>\n","protected":false},"featured_media":10874,"comment_status":"closed","ping_status":"open","template":"","meta":[],"product_cat":[21],"product_tag":[580,638,717,576,850,597,577],"class_list":["post-10873","product","type-product","status-publish","has-post-thumbnail","hentry","product_cat-zabawki-plastyczne","product_tag-janusz","product_tag-miastodzieci","product_tag-prezent-roczek","product_tag-trudne-zagadki","product_tag-wroclaw-atrakcje-dla-dzieci","product_tag-zagadki-o-zimie","product_tag-znaki-drogowe-test"],"_links":{"self":[{"href":"http:\/\/klubmamgdynia.pl\/index.php\/wp-json\/wp\/v2\/product\/10873","targetHints":{"allow":["GET"]}}],"collection":[{"href":"http:\/\/klubmamgdynia.pl\/index.php\/wp-json\/wp\/v2\/product"}],"about":[{"href":"http:\/\/klubmamgdynia.pl\/index.php\/wp-json\/wp\/v2\/types\/product"}],"replies":[{"embeddable":true,"href":"http:\/\/klubmamgdynia.pl\/index.php\/wp-json\/wp\/v2\/comments?post=10873"}],"wp:featuredmedia":[{"embeddable":true,"href":"http:\/\/klubmamgdynia.pl\/index.php\/wp-json\/wp\/v2\/media\/10874"}],"wp:attachment":[{"href":"http:\/\/klubmamgdynia.pl\/index.php\/wp-json\/wp\/v2\/media?parent=10873"}],"wp:term":[{"taxonomy":"product_cat","embeddable":true,"href":"http:\/\/klubmamgdynia.pl\/index.php\/wp-json\/wp\/v2\/product_cat?post=10873"},{"taxonomy":"product_tag","embeddable":true,"href":"http:\/\/klubmamgdynia.pl\/index.php\/wp-json\/wp\/v2\/product_tag?post=10873"}],"curies":[{"name":"wp","href":"https:\/\/api.w.org\/{rel}","templated":true}]}}