{"id":10877,"date":"2011-11-09T17:41:33","date_gmt":"2011-11-09T16:41:33","guid":{"rendered":"http:\/\/klubmamgdynia.pl\/index.php\/produkt\/la-manuli-koraliki-do-prasowania-6-kolorow-zielony-3000szt\/"},"modified":"2026-04-07T12:42:57","modified_gmt":"2026-04-07T10:42:57","slug":"la-manuli-koraliki-do-prasowania-6-kolorow-zielony-3000szt","status":"publish","type":"product","link":"http:\/\/klubmamgdynia.pl\/index.php\/produkt\/la-manuli-koraliki-do-prasowania-6-kolorow-zielony-3000szt\/","title":{"rendered":"La Manuli Koraliki Do Prasowania 6 Kolor\u00f3w Zielony 3000Szt"},"content":{"rendered":"<p>Koraliki do prasowania 6 Kolor\u00f3w Zielony 3000szt<\/p>\n<h2>La Manuli Koraliki Do Prasowania 6 Kolor\u00f3w Zielony 3000Szt <\/h2>\n<p>jak namalowa\u0107 kota, jasmin imie, motto dla nauczyciela, psi patrol rysunek, cytaty dla mamy, list do sw mikolaja, kolorowanki z bajek, maski karnawa\u0142owe do druku, zings kolorowanka, cukierku ty \u0142obuzie test, gry i zabawy dla dzieci<\/p>\n<p>yyyyy<\/p>\n<p>&nbsp;<\/p>\n","protected":false},"excerpt":{"rendered":"<p>Koraliki do prasowania 6 Kolor\u00f3w Zielony 3000szt La Manuli Koraliki Do Prasowania 6 Kolor\u00f3w Zielony 3000Szt jak namalowa\u0107 kota, jasmin imie, motto dla nauczyciela, psi patrol rysunek, cytaty dla mamy, list do sw mikolaja, kolorowanki z bajek, maski karnawa\u0142owe do druku, zings kolorowanka, cukierku ty \u0142obuzie test, gry i zabawy dla dzieci yyyyy &nbsp;<\/p>\n","protected":false},"featured_media":10878,"comment_status":"closed","ping_status":"open","template":"","meta":[],"product_cat":[21],"product_tag":[663,657,786],"class_list":["post-10877","product","type-product","status-publish","has-post-thumbnail","hentry","product_cat-zabawki-plastyczne","product_tag-kolorowanki-dla-dzieci-do-druku","product_tag-lol-kolorowanka","product_tag-prezent-na-1-urodziny"],"_links":{"self":[{"href":"http:\/\/klubmamgdynia.pl\/index.php\/wp-json\/wp\/v2\/product\/10877","targetHints":{"allow":["GET"]}}],"collection":[{"href":"http:\/\/klubmamgdynia.pl\/index.php\/wp-json\/wp\/v2\/product"}],"about":[{"href":"http:\/\/klubmamgdynia.pl\/index.php\/wp-json\/wp\/v2\/types\/product"}],"replies":[{"embeddable":true,"href":"http:\/\/klubmamgdynia.pl\/index.php\/wp-json\/wp\/v2\/comments?post=10877"}],"wp:featuredmedia":[{"embeddable":true,"href":"http:\/\/klubmamgdynia.pl\/index.php\/wp-json\/wp\/v2\/media\/10878"}],"wp:attachment":[{"href":"http:\/\/klubmamgdynia.pl\/index.php\/wp-json\/wp\/v2\/media?parent=10877"}],"wp:term":[{"taxonomy":"product_cat","embeddable":true,"href":"http:\/\/klubmamgdynia.pl\/index.php\/wp-json\/wp\/v2\/product_cat?post=10877"},{"taxonomy":"product_tag","embeddable":true,"href":"http:\/\/klubmamgdynia.pl\/index.php\/wp-json\/wp\/v2\/product_tag?post=10877"}],"curies":[{"name":"wp","href":"https:\/\/api.w.org\/{rel}","templated":true}]}}