{"id":10879,"date":"2020-10-27T19:19:57","date_gmt":"2020-10-27T18:19:57","guid":{"rendered":"http:\/\/klubmamgdynia.pl\/index.php\/produkt\/amos-bagaznik-dachowy-do-peugeot-traveller-2016\/"},"modified":"2026-04-24T16:59:08","modified_gmt":"2026-04-24T14:59:08","slug":"amos-bagaznik-dachowy-do-peugeot-traveller-2016","status":"publish","type":"product","link":"http:\/\/klubmamgdynia.pl\/index.php\/produkt\/amos-bagaznik-dachowy-do-peugeot-traveller-2016\/","title":{"rendered":"AMOS BAGA\u017bNIK DACHOWY DO PEUGEOT TRAVELLER (2016-&#8230;.)"},"content":{"rendered":"<p>Baga\u017cnik Dachowy Opel Vivaro (2001-2014r) Zamki<\/p>\n<h2>AMOS BAGA\u017bNIK DACHOWY DO PEUGEOT TRAVELLER (2016-&#8230;.) Amos<\/h2>\n<p>czapka g\u00f3rnika szablon chomikuj, co kupi\u0107 nastolatce na urodziny, hymn g\u00f3rniczy, jeziora blisko warszawy, zabawy dla 10 latk\u00f3w, gdzie strumyk p\u0142ynie z wolna tekst, najpi\u0119kniejsze cytaty cytaty dla mamy, warszawa atrakcje dla m\u0142odzie\u017cy, dziecko cytaty z\u0142ote my\u015bli, kolorowanki do druku lol, kolorowanki kotki, bal halloween dla dzieci 2021<\/p>\n<p>yyyyy<\/p>\n<p>&nbsp;<\/p>\n","protected":false},"excerpt":{"rendered":"<p>Baga\u017cnik Dachowy Opel Vivaro (2001-2014r) Zamki AMOS BAGA\u017bNIK DACHOWY DO PEUGEOT TRAVELLER (2016-&#8230;.) Amos czapka g\u00f3rnika szablon chomikuj, co kupi\u0107 nastolatce na urodziny, hymn g\u00f3rniczy, jeziora blisko warszawy, zabawy dla 10 latk\u00f3w, gdzie strumyk p\u0142ynie z wolna tekst, najpi\u0119kniejsze cytaty cytaty dla mamy, warszawa atrakcje dla m\u0142odzie\u017cy, dziecko cytaty z\u0142ote my\u015bli, kolorowanki do druku lol, [&hellip;]<\/p>\n","protected":false},"featured_media":10880,"comment_status":"closed","ping_status":"open","template":"","meta":[],"product_cat":[1898,1925],"product_tag":[859,867,742,596,774],"class_list":["post-10879","product","type-product","status-publish","has-post-thumbnail","hentry","product_cat-amos","product_cat-bagazniki-bazowe","product_tag-dobranoc-pchly-na-noc","product_tag-kolorowanki-dla-dziewczynek","product_tag-piosenki-dla-dzieci-tekst","product_tag-pomysly-na-prima-aprilis","product_tag-prezent-na-roczek-nie-zabawka"],"_links":{"self":[{"href":"http:\/\/klubmamgdynia.pl\/index.php\/wp-json\/wp\/v2\/product\/10879","targetHints":{"allow":["GET"]}}],"collection":[{"href":"http:\/\/klubmamgdynia.pl\/index.php\/wp-json\/wp\/v2\/product"}],"about":[{"href":"http:\/\/klubmamgdynia.pl\/index.php\/wp-json\/wp\/v2\/types\/product"}],"replies":[{"embeddable":true,"href":"http:\/\/klubmamgdynia.pl\/index.php\/wp-json\/wp\/v2\/comments?post=10879"}],"wp:featuredmedia":[{"embeddable":true,"href":"http:\/\/klubmamgdynia.pl\/index.php\/wp-json\/wp\/v2\/media\/10880"}],"wp:attachment":[{"href":"http:\/\/klubmamgdynia.pl\/index.php\/wp-json\/wp\/v2\/media?parent=10879"}],"wp:term":[{"taxonomy":"product_cat","embeddable":true,"href":"http:\/\/klubmamgdynia.pl\/index.php\/wp-json\/wp\/v2\/product_cat?post=10879"},{"taxonomy":"product_tag","embeddable":true,"href":"http:\/\/klubmamgdynia.pl\/index.php\/wp-json\/wp\/v2\/product_tag?post=10879"}],"curies":[{"name":"wp","href":"https:\/\/api.w.org\/{rel}","templated":true}]}}