{"id":1088,"date":"2014-09-16T08:38:46","date_gmt":"2014-09-16T06:38:46","guid":{"rendered":"http:\/\/klubmamgdynia.pl\/index.php\/produkt\/madden-nfl-18-gra-ps4\/"},"modified":"2026-04-06T02:17:31","modified_gmt":"2026-04-06T00:17:31","slug":"madden-nfl-18-gra-ps4","status":"publish","type":"product","link":"http:\/\/klubmamgdynia.pl\/index.php\/produkt\/madden-nfl-18-gra-ps4\/","title":{"rendered":"Madden NFL 18 (Gra PS4)"},"content":{"rendered":"<p>Kolejna ods\u0142ona jednego ze sportowych cykl\u00f3w wydawanych przez koncern Electronic Arts. Najwi\u0119ksz\u0105 zmian\u0105 tegorocznej edycji jest wprowadzenie silnika Frostbite 3, znanego m.in. z serii Battlefield, Dragon Age oraz Need for Speed. Madden NFL 18 jest kolejn\u0105 cz\u0119\u015bci\u0105 niesamowicie popularnej przede wszystkim w Stanach Zjednoczonych serii gier sportowych, produkowanych i wydawanych przez koncern Electronic Arts. Tytu\u0142 tradycyjnie pozwala pokierowa\u0107 wszystkimi dru\u017cynami z ligi NFL, a w tej edycji doczeka\u0142 si\u0119 trybu fabularnego.W grze FIFA 17, innej produkcji sportowej firmy Electronic Arts, pojawi\u0142a si\u0119 pe\u0142noprawna kapania fabularna. Na podobny ruch zdecydowano si\u0119 w Madden NFL 18, wprowadzaj\u0105c tryb Longshot. Poznajemy w nim Devina Wade\u2019a (wcieli\u0142 si\u0119 w niego ameryka\u0144ski aktor i model JR Lemon) \u2013 by\u0142ego, \u015bwietnie rokuj\u0105cego zawodnika z liceum, kt\u00f3ry jednak mia\u0142 trzyletni\u0105 przerw\u0119 w grze. Teraz postanowi\u0142 spr\u00f3bowa\u0107 raz jeszcze dosta\u0107 si\u0119 do ligi NFL.Madden NFL 18 stanowi rozwini\u0119cie pomys\u0142\u00f3w i rozwi\u0105za\u0144 znanych z poprzedniej ods\u0142ony cyklu. Najwi\u0119ksz\u0105 nowo\u015bci\u0105 jest kampania fabularna, polegaj\u0105ca na rozgrywaniu kolejnych spotka\u0144, podczas kt\u00f3rych nale\u017cy wykonywa\u0107 okre\u015blone zadania. W przerwach mi\u0119dzy meczami ogl\u0105damy rozmaite scenki przerywnikowe, pokazuj\u0105ce nie tylko sytuacje zwi\u0105zane bezpo\u015brednio ze sportem, ale tak\u017ce prywatne \u017cycie Devina. Deweloperzy wprowadzili nowe style gry, pozwalaj\u0105c dopasowa\u0107 gameplay pod w\u0142asne upodobania. Arcade oferuje zr\u0119czno\u015bciow\u0105, najbardziej widowiskow\u0105 form\u0119 rozrywki, kt\u00f3ra \u015bwietnie sprawdza si\u0119 w przypadku pocz\u0105tkuj\u0105cych graczy. Simulation to symulacyjny model, w kt\u00f3rym wp\u0142yw na gr\u0119 dru\u017cyny ma forma zawodnik\u00f3w i ich notowania. W tym przypadku stajemy przed wi\u0119kszym wyzwaniem, musimy bra\u0107 pod uwag\u0119 kary i kontuzje oraz inne czynniki losowe. Z kolei Competitive to mieszanka obu wcze\u015bniejszych styli \u2013 wymaga wi\u0119kszego zaanga\u017cowania i umiej\u0119tno\u015bci ni\u017c Arcade, ale np. zawodnicy nie borykaj\u0105 si\u0119 z kontuzjami. W produkcji pojawi\u0142 si\u0119 te\u017c usprawniony system poda\u0144 nazwany Target Passing. Dzia\u0142a on na do\u015b\u0107 prostej zasadzie \u2013 specjalny wska\u017anik pokazuje miejsce, w kt\u00f3re poleci rzucona pi\u0142ka. Dok\u0142adne opanowanie tej techniki daje wi\u0119cej mo\u017cliwo\u015bci rozgrywania akcji, aczkolwiek nawet pomimo prostego sterowania nie jest to tak \u0142atwe jak si\u0119 wydaje.Madden NFL 18 w wersji na platform\u0119 PlayStation 4 oferuje szereg rozmaitych tryb\u00f3w, w kt\u00f3rych mo\u017cemy bawi\u0107 si\u0119 samemu lub z innymi graczami. Opr\u00f3cz kampanii fabularnej mo\u017cemy rozgrywa\u0107 spotkania towarzyskie, prowadzi\u0107 zesp\u00f3\u0142 w lidze czy te\u017c gra\u0107 w popularnym Ultimate Team (zbieranie kart z zawodnikami i tworzenie z nich dru\u017cyn).Deweloperzy ze studia EA Tiburon, wzorem swoich koleg\u00f3w odpowiedzialnych za cykl FIFA, postanowili przenie\u015b\u0107 si\u0119 na silnik Frostbite. Flagowa technologia \u201eElektronik\u00f3w\u201d sprawdzi\u0142a si\u0119 bowiem nie tylko w strzelankach i grach wy\u015bcigowych, ale jest tak\u017ce z powodzeniem wykorzystywana w produkcjach sportowych. TRAILER<\/p>\n<h2>Madden NFL 18 (Gra PS4) EA Sports<\/h2>\n<p>kiedy dzieci chodz\u0105 na halloween, kreatywne zabawy dla 10 latka, jak dobra\u0107 narty dla dziecka, rzadkie imiona, prezenty na 1 roczek, malowanki dla dziewczynek<\/p>\n<p>yyyyy<\/p>\n<p>&nbsp;<\/p>\n","protected":false},"excerpt":{"rendered":"<p>Kolejna ods\u0142ona jednego ze sportowych cykl\u00f3w wydawanych przez koncern Electronic Arts. Najwi\u0119ksz\u0105 zmian\u0105 tegorocznej edycji jest wprowadzenie silnika Frostbite 3, znanego m.in. z serii Battlefield, Dragon Age oraz Need for Speed. Madden NFL 18 jest kolejn\u0105 cz\u0119\u015bci\u0105 niesamowicie popularnej przede wszystkim w Stanach Zjednoczonych serii gier sportowych, produkowanych i wydawanych przez koncern Electronic Arts. Tytu\u0142 [&hellip;]<\/p>\n","protected":false},"featured_media":1089,"comment_status":"closed","ping_status":"open","template":"","meta":[],"product_cat":[342,203],"product_tag":[784,808,692,586,721],"class_list":["post-1088","product","type-product","status-publish","has-post-thumbnail","hentry","product_cat-ea-sports","product_cat-gry-playstation-4","product_tag-hymn-gorniczy","product_tag-imie-mia","product_tag-prezenty-na-roczek","product_tag-smieszne-zagadki","product_tag-zagadki-matematyczne"],"_links":{"self":[{"href":"http:\/\/klubmamgdynia.pl\/index.php\/wp-json\/wp\/v2\/product\/1088","targetHints":{"allow":["GET"]}}],"collection":[{"href":"http:\/\/klubmamgdynia.pl\/index.php\/wp-json\/wp\/v2\/product"}],"about":[{"href":"http:\/\/klubmamgdynia.pl\/index.php\/wp-json\/wp\/v2\/types\/product"}],"replies":[{"embeddable":true,"href":"http:\/\/klubmamgdynia.pl\/index.php\/wp-json\/wp\/v2\/comments?post=1088"}],"wp:featuredmedia":[{"embeddable":true,"href":"http:\/\/klubmamgdynia.pl\/index.php\/wp-json\/wp\/v2\/media\/1089"}],"wp:attachment":[{"href":"http:\/\/klubmamgdynia.pl\/index.php\/wp-json\/wp\/v2\/media?parent=1088"}],"wp:term":[{"taxonomy":"product_cat","embeddable":true,"href":"http:\/\/klubmamgdynia.pl\/index.php\/wp-json\/wp\/v2\/product_cat?post=1088"},{"taxonomy":"product_tag","embeddable":true,"href":"http:\/\/klubmamgdynia.pl\/index.php\/wp-json\/wp\/v2\/product_tag?post=1088"}],"curies":[{"name":"wp","href":"https:\/\/api.w.org\/{rel}","templated":true}]}}