{"id":10881,"date":"2019-11-16T16:37:24","date_gmt":"2019-11-16T15:37:24","guid":{"rendered":"http:\/\/klubmamgdynia.pl\/index.php\/produkt\/sylvanian-families-rodzina-karmelkowych-pieskow-5459\/"},"modified":"2026-04-06T01:30:25","modified_gmt":"2026-04-05T23:30:25","slug":"sylvanian-families-rodzina-karmelkowych-pieskow-5459","status":"publish","type":"product","link":"http:\/\/klubmamgdynia.pl\/index.php\/produkt\/sylvanian-families-rodzina-karmelkowych-pieskow-5459\/","title":{"rendered":"Sylvanian Families Rodzina Karmelkowych Piesk\u00f3w 5459"},"content":{"rendered":"<p>EPOCHSYLVANIAN FAMILIESRODZINA KARMELKOWYCH PIESK\u00d3W5459NOWO\u015a\u0106Rodzina karmelkowych piesk\u00f3w ubrana w tradycyjne stroje, przyci\u0105gnie Twoja uwag\u0119. Mama i tata oraz ma\u0142e dziecko i c\u00f3reczka sp\u0119dzaj\u0105 uroczysty dzie\u0144 w swoim miasteczku. Ca\u0142a rodzina wspaniale si\u0119 bawi, a Ty mo\u017cesz bawi\u0107 si\u0119 razem z nimi.Ojciec Lance uwielbia tradycyjne \u015bwi\u0119ta, kt\u00f3re obchodzone s\u0105 w miasteczku.Mama, Vivian uwielbia si\u0119 stroi\u0107, dba o swoja rodzin\u0119 i pilnuje ich dobrego wizerunku.C\u00f3rka Carlie, to odzwierciedlenie mamy , a dziecko Justin, to ma\u0142y psotnik.Ubranka mo\u017cna zdejmowa\u0107.Zestaw zawiera:figurki: mama Vivian i tata Lance figurk\u0119: c\u00f3rka Carlie figurk\u0119: dziecko Hilton.Wymiary zabawki:figurka du\u017ca: oko\u0142o 8 cm figurka ma\u0142a: oko\u0142o 7 cm. figurka dziecka: oko\u0142o 5cm.Wymiary i waga opakowania:20 x 17 x 5,5 cm 0,20 kg.Polecane dla wieku: 3-9 lat.<\/p>\n<h2>Sylvanian Families Rodzina Karmelkowych Piesk\u00f3w 5459 Epoch<\/h2>\n<p>rado\u015b\u0107 dziecka cytaty, oskar imie, dobrej nocy, zagadki logiczne i odpowiedzi, zagadki dla 7 latk\u00f3w, przeczytaj mi wiersz, rzadkie imiona \u017ce\u0144skie, zagadki dla dzieci z odpowiedziami, bajka o piesku do czytania, kolorowanki dla dziewczynek lol, zagadki dla dzieci 7-8 lat, prezent na roczek nie zabawka, alan imi\u0119, prezenty dla nastolatk\u00f3w 2021, zabawy z pi\u0142k\u0105, karty matematyczne tabliczka mno\u017cenia do wydruku, opowiadanie o miko\u0142aju dla przedszkolak\u00f3w, kolorowanki do druku dla ch\u0142opc\u00f3w, maski karnawa\u0142owe do druku<\/p>\n<p>yyyyy<\/p>\n<p>&nbsp;<\/p>\n","protected":false},"excerpt":{"rendered":"<p>EPOCHSYLVANIAN FAMILIESRODZINA KARMELKOWYCH PIESK\u00d3W5459NOWO\u015a\u0106Rodzina karmelkowych piesk\u00f3w ubrana w tradycyjne stroje, przyci\u0105gnie Twoja uwag\u0119. Mama i tata oraz ma\u0142e dziecko i c\u00f3reczka sp\u0119dzaj\u0105 uroczysty dzie\u0144 w swoim miasteczku. Ca\u0142a rodzina wspaniale si\u0119 bawi, a Ty mo\u017cesz bawi\u0107 si\u0119 razem z nimi.Ojciec Lance uwielbia tradycyjne \u015bwi\u0119ta, kt\u00f3re obchodzone s\u0105 w miasteczku.Mama, Vivian uwielbia si\u0119 stroi\u0107, dba o [&hellip;]<\/p>\n","protected":false},"featured_media":10882,"comment_status":"closed","ping_status":"open","template":"","meta":[],"product_cat":[263,95],"product_tag":[828,618,714,694],"class_list":["post-10881","product","type-product","status-publish","has-post-thumbnail","hentry","product_cat-epoch","product_cat-figurki-makiety-i-zestawy","product_tag-filmy-wigilijne-dla-dzieci","product_tag-lato-lato-lato-czeka-tekst","product_tag-zagadki-logiczne","product_tag-zagadki-swiateczne-dla-dzieci"],"_links":{"self":[{"href":"http:\/\/klubmamgdynia.pl\/index.php\/wp-json\/wp\/v2\/product\/10881","targetHints":{"allow":["GET"]}}],"collection":[{"href":"http:\/\/klubmamgdynia.pl\/index.php\/wp-json\/wp\/v2\/product"}],"about":[{"href":"http:\/\/klubmamgdynia.pl\/index.php\/wp-json\/wp\/v2\/types\/product"}],"replies":[{"embeddable":true,"href":"http:\/\/klubmamgdynia.pl\/index.php\/wp-json\/wp\/v2\/comments?post=10881"}],"wp:featuredmedia":[{"embeddable":true,"href":"http:\/\/klubmamgdynia.pl\/index.php\/wp-json\/wp\/v2\/media\/10882"}],"wp:attachment":[{"href":"http:\/\/klubmamgdynia.pl\/index.php\/wp-json\/wp\/v2\/media?parent=10881"}],"wp:term":[{"taxonomy":"product_cat","embeddable":true,"href":"http:\/\/klubmamgdynia.pl\/index.php\/wp-json\/wp\/v2\/product_cat?post=10881"},{"taxonomy":"product_tag","embeddable":true,"href":"http:\/\/klubmamgdynia.pl\/index.php\/wp-json\/wp\/v2\/product_tag?post=10881"}],"curies":[{"name":"wp","href":"https:\/\/api.w.org\/{rel}","templated":true}]}}