{"id":10883,"date":"2024-04-23T04:03:00","date_gmt":"2024-04-23T02:03:00","guid":{"rendered":"http:\/\/klubmamgdynia.pl\/?post_type=product&#038;p=10883"},"modified":"2026-04-23T12:55:48","modified_gmt":"2026-04-23T10:55:48","slug":"dziurkacz-ozdobny-2-5cm-kwiatek-d25-117","status":"publish","type":"product","link":"http:\/\/klubmamgdynia.pl\/index.php\/produkt\/dziurkacz-ozdobny-2-5cm-kwiatek-d25-117\/","title":{"rendered":"Dziurkacz ozdobny 2.5cm Kwiatek D25-117"},"content":{"rendered":"<p>Dziurkacz ozdobny Brewis, wykrawaj\u0105cy otw\u00f3r w kszta\u0142cie kwiatka z sze\u015bcioma p\u0142atkami. Prosty w obs\u0142udze dziurkacz, kt\u00f3ry doskonale sprawdzi si\u0119 w dziurkowaniu papieru lub pianki. Nieoceniona pomoc przy tworzeniu kartek okoliczno\u015bciowych, ozdobnych kopert oraz r\u00f3\u017cnego rodzaju dekoracji.Model: D25-117Kszta\u0142t otworu: kwiatek (6 p\u0142atk\u00f3w)Wielko\u015b\u0107 otworu: 2.5cm<\/p>\n<h2>Dziurkacz ozdobny 2.5cm Kwiatek D25-117 Amos<\/h2>\n<p>zagadki dla dzieci 14 lat, bajka o emocjach, zaproszenia urodzinowe do wydruku chomikuj, atrakcje dla dzieci wroc\u0142aw i okolice, szlaczki, rzadkie imiona dla dziewczynek, wr\u00f3\u017cby andrzejkowe kolory<\/p>\n<p>yyyyy<\/p>\n<p>&nbsp;<\/p>\n","protected":false},"excerpt":{"rendered":"<p>Dziurkacz ozdobny Brewis, wykrawaj\u0105cy otw\u00f3r w kszta\u0142cie kwiatka z sze\u015bcioma p\u0142atkami. Prosty w obs\u0142udze dziurkacz, kt\u00f3ry doskonale sprawdzi si\u0119 w dziurkowaniu papieru lub pianki. Nieoceniona pomoc przy tworzeniu kartek okoliczno\u015bciowych, ozdobnych kopert oraz r\u00f3\u017cnego rodzaju dekoracji.Model: D25-117Kszta\u0142t otworu: kwiatek (6 p\u0142atk\u00f3w)Wielko\u015b\u0107 otworu: 2.5cm Dziurkacz ozdobny 2.5cm Kwiatek D25-117 Amos zagadki dla dzieci 14 lat, bajka [&hellip;]<\/p>\n","protected":false},"featured_media":10884,"comment_status":"closed","ping_status":"open","template":"","meta":[],"product_cat":[1898,1926],"product_tag":[578,790,853,675],"class_list":["post-10883","product","type-product","status-publish","has-post-thumbnail","hentry","product_cat-amos","product_cat-dziurkacze-i-zszywacze","product_tag-fajne-zarty-na-prima-aprilis","product_tag-gry-planszowe-dla-nastolatkow","product_tag-kolorowanki-do-druku-dla-doroslych","product_tag-test-z-lektury-kajko-i-kokosz-szkola-latania"],"_links":{"self":[{"href":"http:\/\/klubmamgdynia.pl\/index.php\/wp-json\/wp\/v2\/product\/10883","targetHints":{"allow":["GET"]}}],"collection":[{"href":"http:\/\/klubmamgdynia.pl\/index.php\/wp-json\/wp\/v2\/product"}],"about":[{"href":"http:\/\/klubmamgdynia.pl\/index.php\/wp-json\/wp\/v2\/types\/product"}],"replies":[{"embeddable":true,"href":"http:\/\/klubmamgdynia.pl\/index.php\/wp-json\/wp\/v2\/comments?post=10883"}],"wp:featuredmedia":[{"embeddable":true,"href":"http:\/\/klubmamgdynia.pl\/index.php\/wp-json\/wp\/v2\/media\/10884"}],"wp:attachment":[{"href":"http:\/\/klubmamgdynia.pl\/index.php\/wp-json\/wp\/v2\/media?parent=10883"}],"wp:term":[{"taxonomy":"product_cat","embeddable":true,"href":"http:\/\/klubmamgdynia.pl\/index.php\/wp-json\/wp\/v2\/product_cat?post=10883"},{"taxonomy":"product_tag","embeddable":true,"href":"http:\/\/klubmamgdynia.pl\/index.php\/wp-json\/wp\/v2\/product_tag?post=10883"}],"curies":[{"name":"wp","href":"https:\/\/api.w.org\/{rel}","templated":true}]}}