{"id":10885,"date":"2015-09-11T16:29:54","date_gmt":"2015-09-11T14:29:54","guid":{"rendered":"http:\/\/klubmamgdynia.pl\/index.php\/produkt\/amos-bagaznik-dachowy-belki-do-suzuki-wagon-r-2003-2007\/"},"modified":"2026-05-01T17:35:44","modified_gmt":"2026-05-01T15:35:44","slug":"amos-bagaznik-dachowy-belki-do-suzuki-wagon-r-2003-2007","status":"publish","type":"product","link":"http:\/\/klubmamgdynia.pl\/index.php\/produkt\/amos-bagaznik-dachowy-belki-do-suzuki-wagon-r-2003-2007\/","title":{"rendered":"AMOS BAGA\u017bNIK DACHOWY BELKI DO SUZUKI WAGON R 2003-2007"},"content":{"rendered":"<p>Baga\u017cnik dachowy belki do Suzuki Wagon R 2003-2007<\/p>\n<h2>AMOS BAGA\u017bNIK DACHOWY BELKI DO SUZUKI WAGON R 2003-2007 Amos<\/h2>\n<p>kolorowanka ksi\u0119\u017cniczka, smerfy kolorowanka, kr\u00f3tkie cytaty o mamie, nowoczesna babcia wiersz, na roczek dla dziewczynki, zaj\u0105czek z jajka ugotowanego, zagadki, bajka o sowie, test z lektury dzieci z bullerbyn, szablon krokus kolorowanka, zagadki przyrodnicze, atrakcje we wroc\u0142awiu dla dzieci, szablon choinki do wydruku, atrakcje wroc\u0142aw i okolice<\/p>\n<p>yyyyy<\/p>\n<p>&nbsp;<\/p>\n","protected":false},"excerpt":{"rendered":"<p>Baga\u017cnik dachowy belki do Suzuki Wagon R 2003-2007 AMOS BAGA\u017bNIK DACHOWY BELKI DO SUZUKI WAGON R 2003-2007 Amos kolorowanka ksi\u0119\u017cniczka, smerfy kolorowanka, kr\u00f3tkie cytaty o mamie, nowoczesna babcia wiersz, na roczek dla dziewczynki, zaj\u0105czek z jajka ugotowanego, zagadki, bajka o sowie, test z lektury dzieci z bullerbyn, szablon krokus kolorowanka, zagadki przyrodnicze, atrakcje we wroc\u0142awiu [&hellip;]<\/p>\n","protected":false},"featured_media":10886,"comment_status":"closed","ping_status":"open","template":"","meta":[],"product_cat":[1898,1925],"product_tag":[639,589,760,592,635],"class_list":["post-10885","product","type-product","status-publish","has-post-thumbnail","hentry","product_cat-amos","product_cat-bagazniki-bazowe","product_tag-nela-imie","product_tag-prezent-dla-rocznego-dziecka","product_tag-zagadka-matematyczna","product_tag-zagadki-dla-dzieci","product_tag-znaki-drogowe-do-druku"],"_links":{"self":[{"href":"http:\/\/klubmamgdynia.pl\/index.php\/wp-json\/wp\/v2\/product\/10885","targetHints":{"allow":["GET"]}}],"collection":[{"href":"http:\/\/klubmamgdynia.pl\/index.php\/wp-json\/wp\/v2\/product"}],"about":[{"href":"http:\/\/klubmamgdynia.pl\/index.php\/wp-json\/wp\/v2\/types\/product"}],"replies":[{"embeddable":true,"href":"http:\/\/klubmamgdynia.pl\/index.php\/wp-json\/wp\/v2\/comments?post=10885"}],"wp:featuredmedia":[{"embeddable":true,"href":"http:\/\/klubmamgdynia.pl\/index.php\/wp-json\/wp\/v2\/media\/10886"}],"wp:attachment":[{"href":"http:\/\/klubmamgdynia.pl\/index.php\/wp-json\/wp\/v2\/media?parent=10885"}],"wp:term":[{"taxonomy":"product_cat","embeddable":true,"href":"http:\/\/klubmamgdynia.pl\/index.php\/wp-json\/wp\/v2\/product_cat?post=10885"},{"taxonomy":"product_tag","embeddable":true,"href":"http:\/\/klubmamgdynia.pl\/index.php\/wp-json\/wp\/v2\/product_tag?post=10885"}],"curies":[{"name":"wp","href":"https:\/\/api.w.org\/{rel}","templated":true}]}}