{"id":10887,"date":"2013-05-27T13:38:23","date_gmt":"2013-05-27T11:38:23","guid":{"rendered":"http:\/\/klubmamgdynia.pl\/index.php\/produkt\/russell-moja-wlasna-przytulanka-rodzina-misiow-zrob-to-sam-cz10155\/"},"modified":"2026-04-20T17:30:10","modified_gmt":"2026-04-20T15:30:10","slug":"russell-moja-wlasna-przytulanka-rodzina-misiow-zrob-to-sam-cz10155","status":"publish","type":"product","link":"http:\/\/klubmamgdynia.pl\/index.php\/produkt\/russell-moja-wlasna-przytulanka-rodzina-misiow-zrob-to-sam-cz10155\/","title":{"rendered":"Russell Moja W\u0142asna Przytulanka Rodzina Misi\u00f3w Zr\u00f3b To Sam (Cz10155)"},"content":{"rendered":"<p>Dzi\u0119ki temu wspania\u0142emu zestawowi w kilka minut mo\u017cesz stworzy\u0107 ca\u0142\u0105 rodzink\u0119 przytulanek.Misie wykonany jest z mi\u0142ego w dotyku materia\u0142u, po wypchaniu stan\u0105 Twoj\u0105 ulubion\u0105 rodzink\u0105.Misie b\u0119d\u0119 idealnym kandydatem do wsp\u00f3lnych podr\u00f3\u017cy.Mo\u017cesz bawi\u0107 si\u0119 wszystkimi razem lub ka\u017cdym z osobna.To jedyna i niepowtarzalna misiowa rodzinka.ZAWARTO\u015a\u0106:- 3 misie,- 3 certyfikaty adopcji,- 3 szaliki dla przytulanek,- 3 wype\u0142nienia misi\u00f3w,- plastikowa ig\u0142a z 3 ni\u0107mi ,- instrukcja.WIEK:5 lat +WYMIARY:opakowania 45 x 30 x 10 cm,wysoko\u015b\u0107 misa dziecka ok. 22 cm,wysoko\u015b\u0107 misia taty ok. 33 cm,wysoko\u015b\u0107 misia mamy ok. 27 cm,WAGA:590 gUWAGI:Nieodpowiednie dla dzieci poni\u017cej 3 lat ze wzgl\u0119du na ma\u0142e cz\u0119\u015bci.Produkt zalecany dla dzieci w wieku powy\u017cej 5 lat.<\/p>\n<h2>Russell Moja W\u0142asna Przytulanka Rodzina Misi\u00f3w Zr\u00f3b To Sam (Cz10155) Russell<\/h2>\n<p>prezent dla nastolatek, afryka\u0144skie imiona, imi\u0119 kuba, zabawki dla rocznej dziewczynki, zagadki dla dzieci 10 12 lat z odpowiedziami, \u017cyczenia bo\u017ce narodzenie oryginalne, liwia imi\u0119<\/p>\n<p>yyyyy<\/p>\n<p>&nbsp;<\/p>\n","protected":false},"excerpt":{"rendered":"<p>Dzi\u0119ki temu wspania\u0142emu zestawowi w kilka minut mo\u017cesz stworzy\u0107 ca\u0142\u0105 rodzink\u0119 przytulanek.Misie wykonany jest z mi\u0142ego w dotyku materia\u0142u, po wypchaniu stan\u0105 Twoj\u0105 ulubion\u0105 rodzink\u0105.Misie b\u0119d\u0119 idealnym kandydatem do wsp\u00f3lnych podr\u00f3\u017cy.Mo\u017cesz bawi\u0107 si\u0119 wszystkimi razem lub ka\u017cdym z osobna.To jedyna i niepowtarzalna misiowa rodzinka.ZAWARTO\u015a\u0106:- 3 misie,- 3 certyfikaty adopcji,- 3 szaliki dla przytulanek,- 3 wype\u0142nienia [&hellip;]<\/p>\n","protected":false},"featured_media":10888,"comment_status":"closed","ping_status":"open","template":"","meta":[],"product_cat":[422,21],"product_tag":[677,858,704,857,724],"class_list":["post-10887","product","type-product","status-publish","has-post-thumbnail","hentry","product_cat-russell","product_cat-zabawki-plastyczne","product_tag-milosz-imie","product_tag-podchwytliwe-zagadki","product_tag-prezent-dla-nastolatka","product_tag-zagadki-dla-dzieci-7-8-lat","product_tag-zagadki-podchwytliwe"],"_links":{"self":[{"href":"http:\/\/klubmamgdynia.pl\/index.php\/wp-json\/wp\/v2\/product\/10887","targetHints":{"allow":["GET"]}}],"collection":[{"href":"http:\/\/klubmamgdynia.pl\/index.php\/wp-json\/wp\/v2\/product"}],"about":[{"href":"http:\/\/klubmamgdynia.pl\/index.php\/wp-json\/wp\/v2\/types\/product"}],"replies":[{"embeddable":true,"href":"http:\/\/klubmamgdynia.pl\/index.php\/wp-json\/wp\/v2\/comments?post=10887"}],"wp:featuredmedia":[{"embeddable":true,"href":"http:\/\/klubmamgdynia.pl\/index.php\/wp-json\/wp\/v2\/media\/10888"}],"wp:attachment":[{"href":"http:\/\/klubmamgdynia.pl\/index.php\/wp-json\/wp\/v2\/media?parent=10887"}],"wp:term":[{"taxonomy":"product_cat","embeddable":true,"href":"http:\/\/klubmamgdynia.pl\/index.php\/wp-json\/wp\/v2\/product_cat?post=10887"},{"taxonomy":"product_tag","embeddable":true,"href":"http:\/\/klubmamgdynia.pl\/index.php\/wp-json\/wp\/v2\/product_tag?post=10887"}],"curies":[{"name":"wp","href":"https:\/\/api.w.org\/{rel}","templated":true}]}}