{"id":10889,"date":"2022-01-26T04:01:07","date_gmt":"2022-01-26T03:01:07","guid":{"rendered":"http:\/\/klubmamgdynia.pl\/index.php\/produkt\/funko-pop-tv-squid-game-player-001-oh-il-nam\/"},"modified":"2026-05-17T22:42:56","modified_gmt":"2026-05-17T20:42:56","slug":"funko-pop-tv-squid-game-player-001-oh-il-nam","status":"publish","type":"product","link":"http:\/\/klubmamgdynia.pl\/index.php\/produkt\/funko-pop-tv-squid-game-player-001-oh-il-nam\/","title":{"rendered":"Funko Pop Tv: Squid Game Player 001: Oh Il Nam"},"content":{"rendered":"<p>kolekcjonerskie gad\u017cety przedstawiaj\u0105ce bohater\u00f3w popkultury to mi\u0119dzynarodowy hit. urocze ludziki z wielkimi g\u0142owami podbi\u0142y serca fan\u00f3w zar\u00f3wno serialu gra o tron, film\u00f3w o harrym potterze, jak i mi\u0142o\u015bnik\u00f3w dragon balla, fallouta, fortnite i warhammera.funko wykonane s\u0105 z mocnego materia\u0142u &#8211; winylu, kt\u00f3ry zapewnia im trwa\u0142o\u015b\u0107 i odporno\u015b\u0107. estetycznie wykonane pude\u0142ko z przezroczystym okienkiem sprawia, \u017ce \u015bwietnie prezentuj\u0105 si\u0119 na p\u00f3\u0142kach i biurkach kolekcjoner\u00f3w.akcesoria funko to kolekcjonerskie gad\u017cety dla fan\u00f3w popkultury. co oznacza, \u017ce nasza kolekcja z czasem zacznie nabiera\u0107 na warto\u015bci. producent tak skonstruowa\u0142 opakowania, \u017ce pozostawione w nich figurki wygl\u0105daj\u0105 naprawd\u0119 pi\u0119knie. warto zachowa\u0107 oryginalne pude\u0142ko, gdy\u017c z biegiem czasu najlepiej zachowane figurki funko staj\u0105 si\u0119 poszukiwanymi przez kolekcjoner\u00f3w rarytasami.podaruj znajomemu geekowi rado\u015b\u0107 albo do\u0142\u0105cz do grona kolekcjoner\u00f3w i rozszerz swoje zbiory o nowych bohater\u00f3w stworzonych przez pasjonat\u00f3w z funko!<\/p>\n<h2>Funko Pop Tv: Squid Game Player 001: Oh Il Nam Funko<\/h2>\n<p>zagadki \u015bwi\u0105teczne dla dzieci, o mamie, co kupi\u0107 dziecku na roczek, cytaty o dzieciach i rodzicach, serce kolorowanka<\/p>\n<p>yyyyy<\/p>\n<p>&nbsp;<\/p>\n","protected":false},"excerpt":{"rendered":"<p>kolekcjonerskie gad\u017cety przedstawiaj\u0105ce bohater\u00f3w popkultury to mi\u0119dzynarodowy hit. urocze ludziki z wielkimi g\u0142owami podbi\u0142y serca fan\u00f3w zar\u00f3wno serialu gra o tron, film\u00f3w o harrym potterze, jak i mi\u0142o\u015bnik\u00f3w dragon balla, fallouta, fortnite i warhammera.funko wykonane s\u0105 z mocnego materia\u0142u &#8211; winylu, kt\u00f3ry zapewnia im trwa\u0142o\u015b\u0107 i odporno\u015b\u0107. estetycznie wykonane pude\u0142ko z przezroczystym okienkiem sprawia, \u017ce [&hellip;]<\/p>\n","protected":false},"featured_media":10890,"comment_status":"closed","ping_status":"open","template":"","meta":[],"product_cat":[97,1709],"product_tag":[640,735,760,608,715],"class_list":["post-10889","product","type-product","status-publish","has-post-thumbnail","hentry","product_cat-figurki-kolekcjonerskie","product_cat-funko","product_tag-prezent-dla-rocznej-dziewczynki","product_tag-prezent-na-roczek-dziewczynka","product_tag-zagadka-matematyczna","product_tag-zagadki-i-odpowiedzi","product_tag-zosia-samosia"],"_links":{"self":[{"href":"http:\/\/klubmamgdynia.pl\/index.php\/wp-json\/wp\/v2\/product\/10889","targetHints":{"allow":["GET"]}}],"collection":[{"href":"http:\/\/klubmamgdynia.pl\/index.php\/wp-json\/wp\/v2\/product"}],"about":[{"href":"http:\/\/klubmamgdynia.pl\/index.php\/wp-json\/wp\/v2\/types\/product"}],"replies":[{"embeddable":true,"href":"http:\/\/klubmamgdynia.pl\/index.php\/wp-json\/wp\/v2\/comments?post=10889"}],"wp:featuredmedia":[{"embeddable":true,"href":"http:\/\/klubmamgdynia.pl\/index.php\/wp-json\/wp\/v2\/media\/10890"}],"wp:attachment":[{"href":"http:\/\/klubmamgdynia.pl\/index.php\/wp-json\/wp\/v2\/media?parent=10889"}],"wp:term":[{"taxonomy":"product_cat","embeddable":true,"href":"http:\/\/klubmamgdynia.pl\/index.php\/wp-json\/wp\/v2\/product_cat?post=10889"},{"taxonomy":"product_tag","embeddable":true,"href":"http:\/\/klubmamgdynia.pl\/index.php\/wp-json\/wp\/v2\/product_tag?post=10889"}],"curies":[{"name":"wp","href":"https:\/\/api.w.org\/{rel}","templated":true}]}}