{"id":10891,"date":"2024-10-25T05:06:45","date_gmt":"2024-10-25T03:06:45","guid":{"rendered":"http:\/\/klubmamgdynia.pl\/?post_type=product&#038;p=10891"},"modified":"2026-05-17T22:32:14","modified_gmt":"2026-05-17T20:32:14","slug":"ameet-lego-friends-moje-przyjaciolki","status":"publish","type":"product","link":"http:\/\/klubmamgdynia.pl\/index.php\/produkt\/ameet-lego-friends-moje-przyjaciolki\/","title":{"rendered":"Ameet Lego \u00ae Friends Moje Przyjaci\u00f3\u0142ki"},"content":{"rendered":"<p>Hej! To my: Olivia, Mia, Andrea, Emma i Stephanie. Przygotowa\u0142y\u015bmy dla Ciebie niezwyk\u0142\u0105 zabaw\u0119. Zapro\u015b do niej swoje przyjaci\u00f3\u0142ki i sprawd\u017acie, jak dobrze si\u0119 znacie! Spos\u00f3b na to jest prosty! Najpierw Ty uzupe\u0142nisz strony, dzielisz si\u0119 swoimi sekretami, a potem kolejne strony wype\u0142niaj\u0105 Twoje najlepsze kole\u017canki. Czy jest co\u015b, czego o sobie nie wiecie?Ta ksi\u0105\u017cka to prawdziwa skarbnica Waszej przyja\u017ani!ISBN:  9788325315849EAN:  9788325315849Wydawnictwo:  AmeetRok wydania:  2014Ilo\u015b\u0107 stron:  96Oprawa:  mi\u0119kkaFormat:  19.0&#215;19.0cm<\/p>\n<h2>Ameet Lego \u00ae Friends Moje Przyjaci\u00f3\u0142ki AMEET<\/h2>\n<p>prezent dla 7 latka ch\u0142opca, kartk\u00f3wki z zegara, kolorowanki lego ninjago, malowanka do druku, test z opowie\u015bci z narnii lew czarownica i stara szafa, eksperyment dla dzieci wulkan, zagadki o owocach, bezpieczne kosmetyki do makija\u017cu dla dzieci, jasmin imie<\/p>\n<p>yyyyy<\/p>\n<p>&nbsp;<\/p>\n","protected":false},"excerpt":{"rendered":"<p>Hej! To my: Olivia, Mia, Andrea, Emma i Stephanie. Przygotowa\u0142y\u015bmy dla Ciebie niezwyk\u0142\u0105 zabaw\u0119. Zapro\u015b do niej swoje przyjaci\u00f3\u0142ki i sprawd\u017acie, jak dobrze si\u0119 znacie! Spos\u00f3b na to jest prosty! Najpierw Ty uzupe\u0142nisz strony, dzielisz si\u0119 swoimi sekretami, a potem kolejne strony wype\u0142niaj\u0105 Twoje najlepsze kole\u017canki. Czy jest co\u015b, czego o sobie nie wiecie?Ta ksi\u0105\u017cka [&hellip;]<\/p>\n","protected":false},"featured_media":10892,"comment_status":"closed","ping_status":"open","template":"","meta":[],"product_cat":[1923,325],"product_tag":[716,768,842,726,708,595],"class_list":["post-10891","product","type-product","status-publish","has-post-thumbnail","hentry","product_cat-ameet","product_cat-szkolne-artykuly-papiernicze","product_tag-filmy-animowane-o-swietach","product_tag-krotkie-zagadki-logiczne","product_tag-plac-zabaw-poznan","product_tag-quiz-zemsta","product_tag-zabawy-ruchowe-dla-dzieci","product_tag-zagadki-dla-6-latka"],"_links":{"self":[{"href":"http:\/\/klubmamgdynia.pl\/index.php\/wp-json\/wp\/v2\/product\/10891","targetHints":{"allow":["GET"]}}],"collection":[{"href":"http:\/\/klubmamgdynia.pl\/index.php\/wp-json\/wp\/v2\/product"}],"about":[{"href":"http:\/\/klubmamgdynia.pl\/index.php\/wp-json\/wp\/v2\/types\/product"}],"replies":[{"embeddable":true,"href":"http:\/\/klubmamgdynia.pl\/index.php\/wp-json\/wp\/v2\/comments?post=10891"}],"wp:featuredmedia":[{"embeddable":true,"href":"http:\/\/klubmamgdynia.pl\/index.php\/wp-json\/wp\/v2\/media\/10892"}],"wp:attachment":[{"href":"http:\/\/klubmamgdynia.pl\/index.php\/wp-json\/wp\/v2\/media?parent=10891"}],"wp:term":[{"taxonomy":"product_cat","embeddable":true,"href":"http:\/\/klubmamgdynia.pl\/index.php\/wp-json\/wp\/v2\/product_cat?post=10891"},{"taxonomy":"product_tag","embeddable":true,"href":"http:\/\/klubmamgdynia.pl\/index.php\/wp-json\/wp\/v2\/product_tag?post=10891"}],"curies":[{"name":"wp","href":"https:\/\/api.w.org\/{rel}","templated":true}]}}