{"id":10893,"date":"2014-11-15T03:25:42","date_gmt":"2014-11-15T02:25:42","guid":{"rendered":"http:\/\/klubmamgdynia.pl\/index.php\/produkt\/amos-bagaznik-dachowy-do-opel-combo-van-4d-2012-2018\/"},"modified":"2026-04-06T01:31:45","modified_gmt":"2026-04-05T23:31:45","slug":"amos-bagaznik-dachowy-do-opel-combo-van-4d-2012-2018","status":"publish","type":"product","link":"http:\/\/klubmamgdynia.pl\/index.php\/produkt\/amos-bagaznik-dachowy-do-opel-combo-van-4d-2012-2018\/","title":{"rendered":"AMOS BAGA\u017bNIK DACHOWY DO OPEL COMBO VAN 4D (2012-2018)"},"content":{"rendered":"<p>Baga\u017cnik Dachowy do Hyundai i20 Hb (2015-&#8230;.) D<\/p>\n<h2>AMOS BAGA\u017bNIK DACHOWY DO OPEL COMBO VAN 4D (2012-2018) Amos<\/h2>\n<p>filmy animowane o \u015bwi\u0119tach, felix net i nika oraz gang niewidzialnych ludzi quiz, malowanki, gwiazda do wydruku, quiz bo\u017ce narodzenie, maska iron man, imi\u0119 iwo, misie z bajek, cytaty o przyja\u017ani kr\u00f3tkie, quiz o usa, sentencje na dzie\u0144 nauczyciela, misie z bajek, zagadki zimowe, o\u015brodki wczasowe nad morzem dla rodzin z dzie\u0107mi<\/p>\n<p>yyyyy<\/p>\n<p>&nbsp;<\/p>\n","protected":false},"excerpt":{"rendered":"<p>Baga\u017cnik Dachowy do Hyundai i20 Hb (2015-&#8230;.) D AMOS BAGA\u017bNIK DACHOWY DO OPEL COMBO VAN 4D (2012-2018) Amos filmy animowane o \u015bwi\u0119tach, felix net i nika oraz gang niewidzialnych ludzi quiz, malowanki, gwiazda do wydruku, quiz bo\u017ce narodzenie, maska iron man, imi\u0119 iwo, misie z bajek, cytaty o przyja\u017ani kr\u00f3tkie, quiz o usa, sentencje na [&hellip;]<\/p>\n","protected":false},"featured_media":10894,"comment_status":"closed","ping_status":"open","template":"","meta":[],"product_cat":[1898,1925],"product_tag":[852,618,745,785],"class_list":["post-10893","product","type-product","status-publish","has-post-thumbnail","hentry","product_cat-amos","product_cat-bagazniki-bazowe","product_tag-jak-zrobic-samolot-z-papieru","product_tag-lato-lato-lato-czeka-tekst","product_tag-prezent-dla-15-latki","product_tag-prezent-dla-nastolatkow"],"_links":{"self":[{"href":"http:\/\/klubmamgdynia.pl\/index.php\/wp-json\/wp\/v2\/product\/10893","targetHints":{"allow":["GET"]}}],"collection":[{"href":"http:\/\/klubmamgdynia.pl\/index.php\/wp-json\/wp\/v2\/product"}],"about":[{"href":"http:\/\/klubmamgdynia.pl\/index.php\/wp-json\/wp\/v2\/types\/product"}],"replies":[{"embeddable":true,"href":"http:\/\/klubmamgdynia.pl\/index.php\/wp-json\/wp\/v2\/comments?post=10893"}],"wp:featuredmedia":[{"embeddable":true,"href":"http:\/\/klubmamgdynia.pl\/index.php\/wp-json\/wp\/v2\/media\/10894"}],"wp:attachment":[{"href":"http:\/\/klubmamgdynia.pl\/index.php\/wp-json\/wp\/v2\/media?parent=10893"}],"wp:term":[{"taxonomy":"product_cat","embeddable":true,"href":"http:\/\/klubmamgdynia.pl\/index.php\/wp-json\/wp\/v2\/product_cat?post=10893"},{"taxonomy":"product_tag","embeddable":true,"href":"http:\/\/klubmamgdynia.pl\/index.php\/wp-json\/wp\/v2\/product_tag?post=10893"}],"curies":[{"name":"wp","href":"https:\/\/api.w.org\/{rel}","templated":true}]}}