{"id":10897,"date":"2016-04-05T00:56:03","date_gmt":"2016-04-04T22:56:03","guid":{"rendered":"http:\/\/klubmamgdynia.pl\/index.php\/produkt\/quercetti-tablica-magnetyczna-040-5353\/"},"modified":"2026-04-23T08:12:58","modified_gmt":"2026-04-23T06:12:58","slug":"quercetti-tablica-magnetyczna-040-5353","status":"publish","type":"product","link":"http:\/\/klubmamgdynia.pl\/index.php\/produkt\/quercetti-tablica-magnetyczna-040-5353\/","title":{"rendered":"Quercetti Tablica magnetyczna &#8211; 040-5353"},"content":{"rendered":"<p>DANTE QUERCETTI Tablica MagnetycznaPremium &#8211; Cyfry, Ksztalty 5353 Zestaw zawiera tablicand#281; magnetycznand#261;, cyfry i obrazki. Jedna strona walizki to wyjand#261;tkowa tablica, na kt\u00f3rej moand#380;na rysowaand#263; specjalnymi mazakami, a z drugiej strony znajduje siand#281; tablica magnetyczna, do kt\u00f3rej moand#380;na przyklejaand#263; cyferki i obrazki. Zabawka rozwija koordynacje wzrokowo-ruchowand#261;, uczy koncentracji, tw\u00f3rczego myand#347;lenia. Dziecko poprzez zabawand#281; uczy siand#281; cyfr, kolor\u00f3w i liczenia. Zestaw zawiera: &#8211; 1 dwustronna tablica, &#8211; 48 cyfr, &#8211; 12 kart magnetycznych, &#8211; 1 marker, &#8211; 1 gumka, &#8211; 2 wsporniki. Zabawka dla dziecka: 4 lata + Iloand#347;and#263; element\u00f3w: 65 Waga (z opakowaniem): 2,80 kg<\/p>\n<h2>Quercetti Tablica magnetyczna &#8211; 040-5353 Quercetti<\/h2>\n<p>zagadki dla dzieci z odpowiedziami, test z lektury narnia lew czarownica i stara szafa, prezent dla dziecka 1 rok, krotkie zagadki, minecraft kolorowanki, quiz opowie\u015bci z narnii, \u017carty prima aprilis, zagadki o psach, buziak gify na dobranoc smieszne, test z lektury opowie\u015bci z narnii lew czarownica i stara szafa z odpowiedziami, niespotykane imiona \u017ce\u0144skie<\/p>\n<p>yyyyy<\/p>\n<p>&nbsp;<\/p>\n","protected":false},"excerpt":{"rendered":"<p>DANTE QUERCETTI Tablica MagnetycznaPremium &#8211; Cyfry, Ksztalty 5353 Zestaw zawiera tablicand#281; magnetycznand#261;, cyfry i obrazki. Jedna strona walizki to wyjand#261;tkowa tablica, na kt\u00f3rej moand#380;na rysowaand#263; specjalnymi mazakami, a z drugiej strony znajduje siand#281; tablica magnetyczna, do kt\u00f3rej moand#380;na przyklejaand#263; cyferki i obrazki. Zabawka rozwija koordynacje wzrokowo-ruchowand#261;, uczy koncentracji, tw\u00f3rczego myand#347;lenia. Dziecko poprzez zabawand#281; uczy siand#281; [&hellip;]<\/p>\n","protected":false},"featured_media":10898,"comment_status":"closed","ping_status":"open","template":"","meta":[],"product_cat":[1155,325],"product_tag":[865,719,790,697,731],"class_list":["post-10897","product","type-product","status-publish","has-post-thumbnail","hentry","product_cat-quercetti","product_cat-szkolne-artykuly-papiernicze","product_tag-cytaty-o-dzieciach","product_tag-dziecko-cytaty-zlote-mysli","product_tag-gry-planszowe-dla-nastolatkow","product_tag-krotkie-bajki-do-czytania","product_tag-maly-ksiaze-cytaty"],"_links":{"self":[{"href":"http:\/\/klubmamgdynia.pl\/index.php\/wp-json\/wp\/v2\/product\/10897","targetHints":{"allow":["GET"]}}],"collection":[{"href":"http:\/\/klubmamgdynia.pl\/index.php\/wp-json\/wp\/v2\/product"}],"about":[{"href":"http:\/\/klubmamgdynia.pl\/index.php\/wp-json\/wp\/v2\/types\/product"}],"replies":[{"embeddable":true,"href":"http:\/\/klubmamgdynia.pl\/index.php\/wp-json\/wp\/v2\/comments?post=10897"}],"wp:featuredmedia":[{"embeddable":true,"href":"http:\/\/klubmamgdynia.pl\/index.php\/wp-json\/wp\/v2\/media\/10898"}],"wp:attachment":[{"href":"http:\/\/klubmamgdynia.pl\/index.php\/wp-json\/wp\/v2\/media?parent=10897"}],"wp:term":[{"taxonomy":"product_cat","embeddable":true,"href":"http:\/\/klubmamgdynia.pl\/index.php\/wp-json\/wp\/v2\/product_cat?post=10897"},{"taxonomy":"product_tag","embeddable":true,"href":"http:\/\/klubmamgdynia.pl\/index.php\/wp-json\/wp\/v2\/product_tag?post=10897"}],"curies":[{"name":"wp","href":"https:\/\/api.w.org\/{rel}","templated":true}]}}