{"id":10899,"date":"2024-11-07T16:45:51","date_gmt":"2024-11-07T15:45:51","guid":{"rendered":"http:\/\/klubmamgdynia.pl\/?post_type=product&#038;p=10899"},"modified":"2026-04-06T01:29:30","modified_gmt":"2026-04-05T23:29:30","slug":"hh-poland-odkurzacz-na-baterie-swiatlo-dzwiek-kulki-zabawka","status":"publish","type":"product","link":"http:\/\/klubmamgdynia.pl\/index.php\/produkt\/hh-poland-odkurzacz-na-baterie-swiatlo-dzwiek-kulki-zabawka\/","title":{"rendered":"Hh Poland Odkurzacz Na Baterie \u015awiat\u0142o D\u017awi\u0119k Kulki &#8211; Zabawka"},"content":{"rendered":"<p>Interaktywny Zabawkowy Odkurzacz dla Dzieci Kulki<\/p>\n<h2>Hh Poland Odkurzacz Na Baterie \u015awiat\u0142o D\u017awi\u0119k Kulki &#8211; Zabawka HH Poland<\/h2>\n<p>dawne ko\u0142ysanki teksty, izabela imie, quizy dla dzieci, szybkie zagadki matematyczne, kanapki dla dzieci, atrakcje warszawa dla dzieci, sky kolorowanka, test z lektury magiczne drzewo czerwone krzes\u0142o, kolorowanki lol surprise, roczek dziewczynki, god\u0142o polski do druku, zagadka matematyczna, cytaty o wychowaniu dzieci<\/p>\n<p>yyyyy<\/p>\n<p>&nbsp;<\/p>\n","protected":false},"excerpt":{"rendered":"<p>Interaktywny Zabawkowy Odkurzacz dla Dzieci Kulki Hh Poland Odkurzacz Na Baterie \u015awiat\u0142o D\u017awi\u0119k Kulki &#8211; Zabawka HH Poland dawne ko\u0142ysanki teksty, izabela imie, quizy dla dzieci, szybkie zagadki matematyczne, kanapki dla dzieci, atrakcje warszawa dla dzieci, sky kolorowanka, test z lektury magiczne drzewo czerwone krzes\u0142o, kolorowanki lol surprise, roczek dziewczynki, god\u0142o polski do druku, zagadka [&hellip;]<\/p>\n","protected":false},"featured_media":10900,"comment_status":"closed","ping_status":"open","template":"","meta":[],"product_cat":[290,53],"product_tag":[716,605,639,800],"class_list":["post-10899","product","type-product","status-publish","has-post-thumbnail","hentry","product_cat-hh-poland","product_cat-kaciki-zabaw","product_tag-filmy-animowane-o-swietach","product_tag-milena","product_tag-nela-imie","product_tag-zagadki-smieszne"],"_links":{"self":[{"href":"http:\/\/klubmamgdynia.pl\/index.php\/wp-json\/wp\/v2\/product\/10899","targetHints":{"allow":["GET"]}}],"collection":[{"href":"http:\/\/klubmamgdynia.pl\/index.php\/wp-json\/wp\/v2\/product"}],"about":[{"href":"http:\/\/klubmamgdynia.pl\/index.php\/wp-json\/wp\/v2\/types\/product"}],"replies":[{"embeddable":true,"href":"http:\/\/klubmamgdynia.pl\/index.php\/wp-json\/wp\/v2\/comments?post=10899"}],"wp:featuredmedia":[{"embeddable":true,"href":"http:\/\/klubmamgdynia.pl\/index.php\/wp-json\/wp\/v2\/media\/10900"}],"wp:attachment":[{"href":"http:\/\/klubmamgdynia.pl\/index.php\/wp-json\/wp\/v2\/media?parent=10899"}],"wp:term":[{"taxonomy":"product_cat","embeddable":true,"href":"http:\/\/klubmamgdynia.pl\/index.php\/wp-json\/wp\/v2\/product_cat?post=10899"},{"taxonomy":"product_tag","embeddable":true,"href":"http:\/\/klubmamgdynia.pl\/index.php\/wp-json\/wp\/v2\/product_tag?post=10899"}],"curies":[{"name":"wp","href":"https:\/\/api.w.org\/{rel}","templated":true}]}}