{"id":10901,"date":"2023-08-31T21:59:09","date_gmt":"2023-08-31T19:59:09","guid":{"rendered":"http:\/\/klubmamgdynia.pl\/?post_type=product&#038;p=10901"},"modified":"2026-04-30T03:42:45","modified_gmt":"2026-04-30T01:42:45","slug":"kw-trade-klej-amos-20g-20-sztuk","status":"publish","type":"product","link":"http:\/\/klubmamgdynia.pl\/index.php\/produkt\/kw-trade-klej-amos-20g-20-sztuk\/","title":{"rendered":"Kw Trade Klej Amos 20G 20 Sztuk"},"content":{"rendered":"<p>Wysokiej jako\u015bci klej w sztyfcie , bezbarwny, bezwonny, zmywalny i niebrudz\u0105cy. Zawiera PVP.Nie zawiera kwas\u00f3w ani rozpuszczalnik\u00f3w ,przeznaczony do papieru ,fotografii, tektury i tkanin.Zgodny z normami ASTM oraz CE , przebadany w The Art &amp; Creative Materials Institute ,INC. USA.<\/p>\n<h2>Kw Trade Klej Amos 20G 20 Sztuk Amos<\/h2>\n<p>hymn g\u00f3rniczy, jak narysowa\u0107 koty, wakacyjne kolorowanki, zagadki matematyczne dla przedszkolak\u00f3w, cytaty o mamie, karty pracy dla dzieci z ukrainy pdf, karty pracy dla dzieci z ukrainy do druku, spiderman do druku, zagadki dla 5 latka, lucjan imi\u0119, zagatki matematyczne, quiz stolice europy, prezent dla pi\u0119tnastolatka<\/p>\n<p>yyyyy<\/p>\n<p>&nbsp;<\/p>\n","protected":false},"excerpt":{"rendered":"<p>Wysokiej jako\u015bci klej w sztyfcie , bezbarwny, bezwonny, zmywalny i niebrudz\u0105cy. Zawiera PVP.Nie zawiera kwas\u00f3w ani rozpuszczalnik\u00f3w ,przeznaczony do papieru ,fotografii, tektury i tkanin.Zgodny z normami ASTM oraz CE , przebadany w The Art &amp; Creative Materials Institute ,INC. USA. Kw Trade Klej Amos 20G 20 Sztuk Amos hymn g\u00f3rniczy, jak narysowa\u0107 koty, wakacyjne kolorowanki, [&hellip;]<\/p>\n","protected":false},"featured_media":10902,"comment_status":"closed","ping_status":"open","template":"","meta":[],"product_cat":[1898,297],"product_tag":[777,853,796],"class_list":["post-10901","product","type-product","status-publish","has-post-thumbnail","hentry","product_cat-amos","product_cat-szkolne-artykuly-plastyczne","product_tag-co-na-roczek","product_tag-kolorowanki-do-druku-dla-doroslych","product_tag-zagatki"],"_links":{"self":[{"href":"http:\/\/klubmamgdynia.pl\/index.php\/wp-json\/wp\/v2\/product\/10901","targetHints":{"allow":["GET"]}}],"collection":[{"href":"http:\/\/klubmamgdynia.pl\/index.php\/wp-json\/wp\/v2\/product"}],"about":[{"href":"http:\/\/klubmamgdynia.pl\/index.php\/wp-json\/wp\/v2\/types\/product"}],"replies":[{"embeddable":true,"href":"http:\/\/klubmamgdynia.pl\/index.php\/wp-json\/wp\/v2\/comments?post=10901"}],"wp:featuredmedia":[{"embeddable":true,"href":"http:\/\/klubmamgdynia.pl\/index.php\/wp-json\/wp\/v2\/media\/10902"}],"wp:attachment":[{"href":"http:\/\/klubmamgdynia.pl\/index.php\/wp-json\/wp\/v2\/media?parent=10901"}],"wp:term":[{"taxonomy":"product_cat","embeddable":true,"href":"http:\/\/klubmamgdynia.pl\/index.php\/wp-json\/wp\/v2\/product_cat?post=10901"},{"taxonomy":"product_tag","embeddable":true,"href":"http:\/\/klubmamgdynia.pl\/index.php\/wp-json\/wp\/v2\/product_tag?post=10901"}],"curies":[{"name":"wp","href":"https:\/\/api.w.org\/{rel}","templated":true}]}}