{"id":10903,"date":"2020-01-06T07:59:27","date_gmt":"2020-01-06T06:59:27","guid":{"rendered":"http:\/\/klubmamgdynia.pl\/index.php\/produkt\/amos-bis-na-dach-na-relingi-alfa-alu-1-6\/"},"modified":"2026-04-24T13:17:25","modified_gmt":"2026-04-24T11:17:25","slug":"amos-bis-na-dach-na-relingi-alfa-alu-1-6","status":"publish","type":"product","link":"http:\/\/klubmamgdynia.pl\/index.php\/produkt\/amos-bis-na-dach-na-relingi-alfa-alu-1-6\/","title":{"rendered":"AMOS-BIS na dach na relingi ALFA ALU 1.6"},"content":{"rendered":"<p>Baga\u017cnik dachowy na relingi Amos Alfa Aero 1.6<\/p>\n<h2>AMOS-BIS na dach na relingi ALFA ALU 1.6 Amos<\/h2>\n<p>leon imi\u0119, dzie\u0144 mamy sentencje, kajko i kokosz test z lektury, testy z zemsty, dyplomy szablony pdf, kr\u00f3tkie \u017cyczenia wielkanocne dla dzieci, prima aprilis \u017carty dla rodzic\u00f3w, co kupic na roczek, zagadki \u015bmieszne podchwytliwe, wieliczka bon turystyczny, kolorowanki lol do druku, \u015bwi\u0105teczny film dla dzieci, darmowe quizy, najpi\u0119kniejsze cytaty cytaty dla mamy, choinka z bibu\u0142y, kiekrz, kolorowanki wed\u0142ug kodu do druku, by\u0142 sobie kr\u00f3l, zabawy dla 7 latki, parasol szablon do wydruku<\/p>\n<p>yyyyy<\/p>\n<p>&nbsp;<\/p>\n","protected":false},"excerpt":{"rendered":"<p>Baga\u017cnik dachowy na relingi Amos Alfa Aero 1.6 AMOS-BIS na dach na relingi ALFA ALU 1.6 Amos leon imi\u0119, dzie\u0144 mamy sentencje, kajko i kokosz test z lektury, testy z zemsty, dyplomy szablony pdf, kr\u00f3tkie \u017cyczenia wielkanocne dla dzieci, prima aprilis \u017carty dla rodzic\u00f3w, co kupic na roczek, zagadki \u015bmieszne podchwytliwe, wieliczka bon turystyczny, kolorowanki [&hellip;]<\/p>\n","protected":false},"featured_media":10904,"comment_status":"closed","ping_status":"open","template":"","meta":[],"product_cat":[1898,1925],"product_tag":[802,861,584,592],"class_list":["post-10903","product","type-product","status-publish","has-post-thumbnail","hentry","product_cat-amos","product_cat-bagazniki-bazowe","product_tag-co-kupic-dziewczynce-na-roczek","product_tag-jak-narysowac-psa","product_tag-liwia","product_tag-zagadki-dla-dzieci"],"_links":{"self":[{"href":"http:\/\/klubmamgdynia.pl\/index.php\/wp-json\/wp\/v2\/product\/10903","targetHints":{"allow":["GET"]}}],"collection":[{"href":"http:\/\/klubmamgdynia.pl\/index.php\/wp-json\/wp\/v2\/product"}],"about":[{"href":"http:\/\/klubmamgdynia.pl\/index.php\/wp-json\/wp\/v2\/types\/product"}],"replies":[{"embeddable":true,"href":"http:\/\/klubmamgdynia.pl\/index.php\/wp-json\/wp\/v2\/comments?post=10903"}],"wp:featuredmedia":[{"embeddable":true,"href":"http:\/\/klubmamgdynia.pl\/index.php\/wp-json\/wp\/v2\/media\/10904"}],"wp:attachment":[{"href":"http:\/\/klubmamgdynia.pl\/index.php\/wp-json\/wp\/v2\/media?parent=10903"}],"wp:term":[{"taxonomy":"product_cat","embeddable":true,"href":"http:\/\/klubmamgdynia.pl\/index.php\/wp-json\/wp\/v2\/product_cat?post=10903"},{"taxonomy":"product_tag","embeddable":true,"href":"http:\/\/klubmamgdynia.pl\/index.php\/wp-json\/wp\/v2\/product_tag?post=10903"}],"curies":[{"name":"wp","href":"https:\/\/api.w.org\/{rel}","templated":true}]}}