{"id":10905,"date":"2019-05-21T06:58:12","date_gmt":"2019-05-21T04:58:12","guid":{"rendered":"http:\/\/klubmamgdynia.pl\/index.php\/produkt\/sambro-maskotka-plecak-pluszowy-trolle\/"},"modified":"2026-04-06T00:51:38","modified_gmt":"2026-04-05T22:51:38","slug":"sambro-maskotka-plecak-pluszowy-trolle","status":"publish","type":"product","link":"http:\/\/klubmamgdynia.pl\/index.php\/produkt\/sambro-maskotka-plecak-pluszowy-trolle\/","title":{"rendered":"Sambro Maskotka Plecak Pluszowy Trolle"},"content":{"rendered":"<p>Plecak m\u0142odzie\u017cowy Trolle. Wykonany z wysokiej jako\u015bci materia\u0142u, bardzo funkcjonalny. Mi\u0142y w dotyku. Pluszowy w kszta\u0142cie bohatera Trolle. Wyposa\u017cony w jedn\u0105 komor\u0119 zapinan\u0105 na zamek oraz w regulowane i odpinane na rzep\u0119 ramiona.Ilo\u015b\u0107 sztuk w pakiecie:  1Kod produktu:  2100001573Licencja:  TrollsRozmiary w pakiecie:  26 x 45 x 5 cmSk\u0142ad materia\u0142u:  100% polyester<\/p>\n<h2>Sambro Maskotka Plecak Pluszowy Trolle Sambro<\/h2>\n<p>posz\u0142a ola na spacerek, prezent dla pi\u0119tnastolatka, zagadki logiczne z odpowiedziami, papuga kolorowanka, myszka miki kolorowanka, kolorowanka peppa, prima aprilis pomys\u0142y, prezent na roczek dla dziewczynki, chase kolorowanka, trudne zagadki logiczne z odpowiedziami, kolorowanka piesek, krotkie zagadki, trudne zagadki matematyczne, zagadki z odpowiedziami, pranki na prima aprilis dla rodzic\u00f3w, filmy animowane o \u015bwi\u0119tach, \u015bmieszne \u0142ama\u0144ce j\u0119zykowe, miko\u0142ajek test z lektury<\/p>\n<p>yyyyy<\/p>\n<p>&nbsp;<\/p>\n","protected":false},"excerpt":{"rendered":"<p>Plecak m\u0142odzie\u017cowy Trolle. Wykonany z wysokiej jako\u015bci materia\u0142u, bardzo funkcjonalny. Mi\u0142y w dotyku. Pluszowy w kszta\u0142cie bohatera Trolle. Wyposa\u017cony w jedn\u0105 komor\u0119 zapinan\u0105 na zamek oraz w regulowane i odpinane na rzep\u0119 ramiona.Ilo\u015b\u0107 sztuk w pakiecie: 1Kod produktu: 2100001573Licencja: TrollsRozmiary w pakiecie: 26 x 45 x 5 cmSk\u0142ad materia\u0142u: 100% polyester Sambro Maskotka Plecak Pluszowy [&hellip;]<\/p>\n","protected":false},"featured_media":10906,"comment_status":"closed","ping_status":"open","template":"","meta":[],"product_cat":[180,1867],"product_tag":[848,729,749,625,849],"class_list":["post-10905","product","type-product","status-publish","has-post-thumbnail","hentry","product_cat-plecaki-przedszkolne","product_cat-sambro","product_tag-cytat-o-rodzinie","product_tag-madre-bajki-dla-dzieci-do-czytania","product_tag-najlepsze-zarty-na-prima-aprilis","product_tag-trojmiasto-atrakcje-dla-dzieci","product_tag-zagadki-matematyczne-dla-dzieci"],"_links":{"self":[{"href":"http:\/\/klubmamgdynia.pl\/index.php\/wp-json\/wp\/v2\/product\/10905","targetHints":{"allow":["GET"]}}],"collection":[{"href":"http:\/\/klubmamgdynia.pl\/index.php\/wp-json\/wp\/v2\/product"}],"about":[{"href":"http:\/\/klubmamgdynia.pl\/index.php\/wp-json\/wp\/v2\/types\/product"}],"replies":[{"embeddable":true,"href":"http:\/\/klubmamgdynia.pl\/index.php\/wp-json\/wp\/v2\/comments?post=10905"}],"wp:featuredmedia":[{"embeddable":true,"href":"http:\/\/klubmamgdynia.pl\/index.php\/wp-json\/wp\/v2\/media\/10906"}],"wp:attachment":[{"href":"http:\/\/klubmamgdynia.pl\/index.php\/wp-json\/wp\/v2\/media?parent=10905"}],"wp:term":[{"taxonomy":"product_cat","embeddable":true,"href":"http:\/\/klubmamgdynia.pl\/index.php\/wp-json\/wp\/v2\/product_cat?post=10905"},{"taxonomy":"product_tag","embeddable":true,"href":"http:\/\/klubmamgdynia.pl\/index.php\/wp-json\/wp\/v2\/product_tag?post=10905"}],"curies":[{"name":"wp","href":"https:\/\/api.w.org\/{rel}","templated":true}]}}