{"id":10909,"date":"2017-05-24T11:21:03","date_gmt":"2017-05-24T09:21:03","guid":{"rendered":"http:\/\/klubmamgdynia.pl\/index.php\/produkt\/quercetti-zestaw-works-magnetic-sorting-lotto\/"},"modified":"2026-04-25T01:24:37","modified_gmt":"2026-04-24T23:24:37","slug":"quercetti-zestaw-works-magnetic-sorting-lotto","status":"publish","type":"product","link":"http:\/\/klubmamgdynia.pl\/index.php\/produkt\/quercetti-zestaw-works-magnetic-sorting-lotto\/","title":{"rendered":"Quercetti Zestaw Works Magnetic Sorting Lotto"},"content":{"rendered":"<p>Umie\u015b\u0107 narz\u0119dzia we w\u0142a\u015bciwym miejscu. Dwa obrazki przedstawiaj\u0105 miejsce pracy kucharza i budowniczego. Zadaniem dzieci jest umieszczenie narz\u0119dzi potrzebnych do wykonywania tych zawod\u00f3w w odpowiednich miejscach na obrazkach.<\/p>\n<h2>Quercetti Zestaw Works Magnetic Sorting Lotto Quercetti<\/h2>\n<p>wiosenne zagadki, co na roczek dla ch\u0142opca, prezenty dla 7 latki, kr\u00f3tkie zagadki, pomys\u0142 na prezent dla nastolatki, origami dla dzieci<\/p>\n<p>yyyyy<\/p>\n<p>&nbsp;<\/p>\n","protected":false},"excerpt":{"rendered":"<p>Umie\u015b\u0107 narz\u0119dzia we w\u0142a\u015bciwym miejscu. Dwa obrazki przedstawiaj\u0105 miejsce pracy kucharza i budowniczego. Zadaniem dzieci jest umieszczenie narz\u0119dzi potrzebnych do wykonywania tych zawod\u00f3w w odpowiednich miejscach na obrazkach. Quercetti Zestaw Works Magnetic Sorting Lotto Quercetti wiosenne zagadki, co na roczek dla ch\u0142opca, prezenty dla 7 latki, kr\u00f3tkie zagadki, pomys\u0142 na prezent dla nastolatki, origami dla [&hellip;]<\/p>\n","protected":false},"featured_media":10910,"comment_status":"closed","ping_status":"open","template":"","meta":[],"product_cat":[1155,21],"product_tag":[664,871,853,613,620,651,860],"class_list":["post-10909","product","type-product","status-publish","has-post-thumbnail","hentry","product_cat-quercetti","product_cat-zabawki-plastyczne","product_tag-atrakcje-dla-dzieci-trojmiasto","product_tag-bajka-o-smoku-wawelskim","product_tag-kolorowanki-do-druku-dla-doroslych","product_tag-na-wyspach-bergamutach","product_tag-quiz-opowiesci-z-narnii","product_tag-quizy-online","product_tag-zagadki-logiczne-dla-doroslych"],"_links":{"self":[{"href":"http:\/\/klubmamgdynia.pl\/index.php\/wp-json\/wp\/v2\/product\/10909","targetHints":{"allow":["GET"]}}],"collection":[{"href":"http:\/\/klubmamgdynia.pl\/index.php\/wp-json\/wp\/v2\/product"}],"about":[{"href":"http:\/\/klubmamgdynia.pl\/index.php\/wp-json\/wp\/v2\/types\/product"}],"replies":[{"embeddable":true,"href":"http:\/\/klubmamgdynia.pl\/index.php\/wp-json\/wp\/v2\/comments?post=10909"}],"wp:featuredmedia":[{"embeddable":true,"href":"http:\/\/klubmamgdynia.pl\/index.php\/wp-json\/wp\/v2\/media\/10910"}],"wp:attachment":[{"href":"http:\/\/klubmamgdynia.pl\/index.php\/wp-json\/wp\/v2\/media?parent=10909"}],"wp:term":[{"taxonomy":"product_cat","embeddable":true,"href":"http:\/\/klubmamgdynia.pl\/index.php\/wp-json\/wp\/v2\/product_cat?post=10909"},{"taxonomy":"product_tag","embeddable":true,"href":"http:\/\/klubmamgdynia.pl\/index.php\/wp-json\/wp\/v2\/product_tag?post=10909"}],"curies":[{"name":"wp","href":"https:\/\/api.w.org\/{rel}","templated":true}]}}