{"id":10913,"date":"2015-05-23T06:39:00","date_gmt":"2015-05-23T04:39:00","guid":{"rendered":"http:\/\/klubmamgdynia.pl\/index.php\/produkt\/viga-sorter-edukacyjny-muzyczne-klocki-44052\/"},"modified":"2026-04-23T09:26:31","modified_gmt":"2026-04-23T07:26:31","slug":"viga-sorter-edukacyjny-muzyczne-klocki-44052","status":"publish","type":"product","link":"http:\/\/klubmamgdynia.pl\/index.php\/produkt\/viga-sorter-edukacyjny-muzyczne-klocki-44052\/","title":{"rendered":"Viga Sorter edukacyjny muzyczne klocki 44052"},"content":{"rendered":"<p>VIGA 44052 PolarB SORTER EDUKACYJNY \u2013 MUZYCZNE KLOCKI Przedstawiamy drewnian\u0105 zabawk\u0119 marki VIGA \u2013 sorter edukacyjny Muzyczne klocki z serii PolarB. Tego rodzaju zabawka znakomicie wspiera dziecko w rozwoju koncentracji, sensoryki, motoryki, zr\u0119czno\u015bci i zdolno\u015bci poznawczych. Zabawka w kszta\u0142cie pude\u0142ka-kostki posiada wyci\u0119te otwory na klocki oraz drzwiczki do ich wyjmowania, zestaw 4 geometrycznych klock\u00f3w-grzechotek i 3 klock\u00f3w w kszta\u0142cie zwierz\u0105t (lis, je\u017c, nied\u017awied\u017a polarny). Ca\u0142o\u015b\u0107 wykonana zosta\u0142a z drewna bukowego i pomalowana nietoksycznymi farbami o stonowanych barwach, kt\u00f3re przyci\u0105gn\u0105 wzrok oraz zach\u0119c\u0105 do zabawy daj\u0105c jednocze\u015bnie mn\u00f3stwo rado\u015bci z zabawy. Farby s\u0105 w 100% bezpieczne, spe\u0142niaj\u0105 normy bezpiecze\u0144stwa EN71 i ASTM. Zabawka jest zapakowana w kolorowe opakowanie z okienkiem. Dzi\u0119ki estetycznemu opakowaniu zabawka jest idealna na prezent. Zabawka przeznaczona dla maluch\u00f3w powy\u017cej 18. miesi\u0105ca \u017cycia. Ca\u0142a seria zabawek PolarB zosta\u0142a stworzona przez firm\u0119 VIGA aby sprosta\u0107 oczekiwaniom rodzic\u00f3w i dzieci w doskonaleniu procesu ich rozwoju poprzez zabaw\u0119. DANE TECHNICZNE:Wymiar produktu:d\u0142: 144mm x wys: 120mm x szer: 135mmWymiary opakowania:d\u0142: 150mm x wys: 130mm x szer: 142mm &#8230;<\/p>\n<h2>Viga Sorter edukacyjny muzyczne klocki 44052 Viga<\/h2>\n<p>quizy geograficzne, \u017carty prima aprilis, zabawy dla 7 latka, zaproszenia urodzinowe do wydruku chomikuj, kolorowanka robot, przeczytaj mi wiersz, jak zrobi\u0107 samolot z papieru, \u0142amig\u0142\u00f3wki logiczne, prezenty na roczek, prezenty dla nastolatka, prezenty dla nastolatk\u00f3w, cytaty dziecko, audiobook dla dzieci za darmo, dinozaur bajka, mia imie, kolorowanki do druku zwierz\u0119ta, quiz o bo\u017cym narodzeniu, opis do zdj\u0119cia dziecka, imi\u0119 nela, krotkie zagadki<\/p>\n<p>yyyyy<\/p>\n<p>&nbsp;<\/p>\n","protected":false},"excerpt":{"rendered":"<p>VIGA 44052 PolarB SORTER EDUKACYJNY \u2013 MUZYCZNE KLOCKI Przedstawiamy drewnian\u0105 zabawk\u0119 marki VIGA \u2013 sorter edukacyjny Muzyczne klocki z serii PolarB. Tego rodzaju zabawka znakomicie wspiera dziecko w rozwoju koncentracji, sensoryki, motoryki, zr\u0119czno\u015bci i zdolno\u015bci poznawczych. Zabawka w kszta\u0142cie pude\u0142ka-kostki posiada wyci\u0119te otwory na klocki oraz drzwiczki do ich wyjmowania, zestaw 4 geometrycznych klock\u00f3w-grzechotek i [&hellip;]<\/p>\n","protected":false},"featured_media":10914,"comment_status":"closed","ping_status":"open","template":"","meta":[],"product_cat":[1106,99],"product_tag":[585,858,616,721,779,701],"class_list":["post-10913","product","type-product","status-publish","has-post-thumbnail","hentry","product_cat-viga","product_cat-zabawki-ekologiczne","product_tag-kolorowanki-dla-chlopcow","product_tag-podchwytliwe-zagadki","product_tag-test-mikolajek-25-pytan","product_tag-zagadki-matematyczne","product_tag-zarty-na-prima-aprilis-w-domu","product_tag-zgadywanki-dla-dzieci"],"_links":{"self":[{"href":"http:\/\/klubmamgdynia.pl\/index.php\/wp-json\/wp\/v2\/product\/10913","targetHints":{"allow":["GET"]}}],"collection":[{"href":"http:\/\/klubmamgdynia.pl\/index.php\/wp-json\/wp\/v2\/product"}],"about":[{"href":"http:\/\/klubmamgdynia.pl\/index.php\/wp-json\/wp\/v2\/types\/product"}],"replies":[{"embeddable":true,"href":"http:\/\/klubmamgdynia.pl\/index.php\/wp-json\/wp\/v2\/comments?post=10913"}],"wp:featuredmedia":[{"embeddable":true,"href":"http:\/\/klubmamgdynia.pl\/index.php\/wp-json\/wp\/v2\/media\/10914"}],"wp:attachment":[{"href":"http:\/\/klubmamgdynia.pl\/index.php\/wp-json\/wp\/v2\/media?parent=10913"}],"wp:term":[{"taxonomy":"product_cat","embeddable":true,"href":"http:\/\/klubmamgdynia.pl\/index.php\/wp-json\/wp\/v2\/product_cat?post=10913"},{"taxonomy":"product_tag","embeddable":true,"href":"http:\/\/klubmamgdynia.pl\/index.php\/wp-json\/wp\/v2\/product_tag?post=10913"}],"curies":[{"name":"wp","href":"https:\/\/api.w.org\/{rel}","templated":true}]}}