{"id":10915,"date":"2012-10-05T13:50:06","date_gmt":"2012-10-05T11:50:06","guid":{"rendered":"http:\/\/klubmamgdynia.pl\/index.php\/produkt\/panta-plast-blok-kartonow-kraftowych-b4-18k\/"},"modified":"2026-04-07T12:23:24","modified_gmt":"2026-04-07T10:23:24","slug":"panta-plast-blok-kartonow-kraftowych-b4-18k","status":"publish","type":"product","link":"http:\/\/klubmamgdynia.pl\/index.php\/produkt\/panta-plast-blok-kartonow-kraftowych-b4-18k\/","title":{"rendered":"Panta Plast Blok Karton\u00f3w Kraftowych B4\/18K"},"content":{"rendered":"<p>Autor:ISBN:EAN: 8606003429125Wydawnictwo: Panta PlastWydanie:Strony:Papier 250 g\/m? Ilo\u015b\u0107 kartek: 18 Doskona\u0142y do wszystkich projekt\u00f3w artystycznych Wymiar: 240 x 340 mm<\/p>\n<h2>Panta Plast Blok Karton\u00f3w Kraftowych B4\/18K Panta Plast<\/h2>\n<p>wr\u00f3\u017cby andrzejkowe online dla dzieci, kolorowanki do druku dla dziewczynek, zagadki dla dzieci 7 lat, elzbieta imie, filmy wigilijne dla dzieci, bajka o smoku, gabriela, zaj\u0119cia kulinarne dla dzieci pomys\u0142y, o\u015brodki wczasowe nad morzem dla rodzin z dzie\u0107mi, pole dyniowe pozna\u0144, zaproszenie na urodziny dziecka tekst do druku, elzbieta imie, kolorowanka wr\u00f3\u017cka, imie nadia, farma dyni poznan, ja\u015bmina imie, nietypowe imiona \u017ce\u0144skie, quizy hobbit, trudne zagadki na inteligencje, teksty o rodzinie<\/p>\n<p>yyyyy<\/p>\n<p>&nbsp;<\/p>\n","protected":false},"excerpt":{"rendered":"<p>Autor:ISBN:EAN: 8606003429125Wydawnictwo: Panta PlastWydanie:Strony:Papier 250 g\/m? Ilo\u015b\u0107 kartek: 18 Doskona\u0142y do wszystkich projekt\u00f3w artystycznych Wymiar: 240 x 340 mm Panta Plast Blok Karton\u00f3w Kraftowych B4\/18K Panta Plast wr\u00f3\u017cby andrzejkowe online dla dzieci, kolorowanki do druku dla dziewczynek, zagadki dla dzieci 7 lat, elzbieta imie, filmy wigilijne dla dzieci, bajka o smoku, gabriela, zaj\u0119cia kulinarne dla [&hellip;]<\/p>\n","protected":false},"featured_media":10916,"comment_status":"closed","ping_status":"open","template":"","meta":[],"product_cat":[1896,325],"product_tag":[781,583,674,815,608],"class_list":["post-10915","product","type-product","status-publish","has-post-thumbnail","hentry","product_cat-panta-plast","product_cat-szkolne-artykuly-papiernicze","product_tag-cytaty-o-wychowaniu-dzieci","product_tag-kolysanki-dla-dzieci-tekst","product_tag-miasto-dzieci","product_tag-ozdoby-choinkowe-dla-dzieci","product_tag-zagadki-i-odpowiedzi"],"_links":{"self":[{"href":"http:\/\/klubmamgdynia.pl\/index.php\/wp-json\/wp\/v2\/product\/10915","targetHints":{"allow":["GET"]}}],"collection":[{"href":"http:\/\/klubmamgdynia.pl\/index.php\/wp-json\/wp\/v2\/product"}],"about":[{"href":"http:\/\/klubmamgdynia.pl\/index.php\/wp-json\/wp\/v2\/types\/product"}],"replies":[{"embeddable":true,"href":"http:\/\/klubmamgdynia.pl\/index.php\/wp-json\/wp\/v2\/comments?post=10915"}],"wp:featuredmedia":[{"embeddable":true,"href":"http:\/\/klubmamgdynia.pl\/index.php\/wp-json\/wp\/v2\/media\/10916"}],"wp:attachment":[{"href":"http:\/\/klubmamgdynia.pl\/index.php\/wp-json\/wp\/v2\/media?parent=10915"}],"wp:term":[{"taxonomy":"product_cat","embeddable":true,"href":"http:\/\/klubmamgdynia.pl\/index.php\/wp-json\/wp\/v2\/product_cat?post=10915"},{"taxonomy":"product_tag","embeddable":true,"href":"http:\/\/klubmamgdynia.pl\/index.php\/wp-json\/wp\/v2\/product_tag?post=10915"}],"curies":[{"name":"wp","href":"https:\/\/api.w.org\/{rel}","templated":true}]}}