{"id":10917,"date":"2017-02-04T14:58:17","date_gmt":"2017-02-04T13:58:17","guid":{"rendered":"http:\/\/klubmamgdynia.pl\/index.php\/produkt\/ameet-barbie-teczka-k99\/"},"modified":"2026-04-04T08:06:43","modified_gmt":"2026-04-04T06:06:43","slug":"ameet-barbie-teczka-k99","status":"publish","type":"product","link":"http:\/\/klubmamgdynia.pl\/index.php\/produkt\/ameet-barbie-teczka-k99\/","title":{"rendered":"Ameet Barbie. Teczka K99"},"content":{"rendered":"<p>Zestaw ksi\u0105\u017ceczek dla dzieci sk\u0142ada si\u0119 z 4 ksi\u0105\u017ceczek do kolorowania z zadaniami oraz kompletu kredek. Doskona\u0142y na prezent!<\/p>\n<h2>Ameet Barbie. Teczka K99 AMEET<\/h2>\n<p>kolorowanki dla dziewczynek do druku, zyczenia walentynkowe dla dzieci, nietypowe atrakcje dla dzieci, zagadki \u015bwi\u0105teczne dla dzieci, quizy \u015bwi\u0105teczne bo\u017ce narodzenie, test na znaki drogowe, literki do pisania do druku, kolorowanki pieski, wszystkie kraje \u015bwiata quiz, marcel imi\u0119, bajki dla dzieci online, trudne zagadki z odpowiedziami, zagadki dla dzieci 7 lat, zagadki na bal karnawa\u0142owy w przedszkolu, cytaty o nauczycielach, felix net i nika oraz gang niewidzialnych ludzi test z odpowiedziami, konstancja imie, stare wierszyki dla dzieci, marcel imi\u0119<\/p>\n<p>yyyyy<\/p>\n<p>&nbsp;<\/p>\n","protected":false},"excerpt":{"rendered":"<p>Zestaw ksi\u0105\u017ceczek dla dzieci sk\u0142ada si\u0119 z 4 ksi\u0105\u017ceczek do kolorowania z zadaniami oraz kompletu kredek. Doskona\u0142y na prezent! Ameet Barbie. Teczka K99 AMEET kolorowanki dla dziewczynek do druku, zyczenia walentynkowe dla dzieci, nietypowe atrakcje dla dzieci, zagadki \u015bwi\u0105teczne dla dzieci, quizy \u015bwi\u0105teczne bo\u017ce narodzenie, test na znaki drogowe, literki do pisania do druku, kolorowanki [&hellip;]<\/p>\n","protected":false},"featured_media":10918,"comment_status":"closed","ping_status":"open","template":"","meta":[],"product_cat":[1923,325],"product_tag":[580,804,793],"class_list":["post-10917","product","type-product","status-publish","has-post-thumbnail","hentry","product_cat-ameet","product_cat-szkolne-artykuly-papiernicze","product_tag-janusz","product_tag-ryz-z-owocami","product_tag-zagadki-smieszne-podchwytliwe"],"_links":{"self":[{"href":"http:\/\/klubmamgdynia.pl\/index.php\/wp-json\/wp\/v2\/product\/10917","targetHints":{"allow":["GET"]}}],"collection":[{"href":"http:\/\/klubmamgdynia.pl\/index.php\/wp-json\/wp\/v2\/product"}],"about":[{"href":"http:\/\/klubmamgdynia.pl\/index.php\/wp-json\/wp\/v2\/types\/product"}],"replies":[{"embeddable":true,"href":"http:\/\/klubmamgdynia.pl\/index.php\/wp-json\/wp\/v2\/comments?post=10917"}],"wp:featuredmedia":[{"embeddable":true,"href":"http:\/\/klubmamgdynia.pl\/index.php\/wp-json\/wp\/v2\/media\/10918"}],"wp:attachment":[{"href":"http:\/\/klubmamgdynia.pl\/index.php\/wp-json\/wp\/v2\/media?parent=10917"}],"wp:term":[{"taxonomy":"product_cat","embeddable":true,"href":"http:\/\/klubmamgdynia.pl\/index.php\/wp-json\/wp\/v2\/product_cat?post=10917"},{"taxonomy":"product_tag","embeddable":true,"href":"http:\/\/klubmamgdynia.pl\/index.php\/wp-json\/wp\/v2\/product_tag?post=10917"}],"curies":[{"name":"wp","href":"https:\/\/api.w.org\/{rel}","templated":true}]}}