{"id":10919,"date":"2022-04-22T23:43:16","date_gmt":"2022-04-22T21:43:16","guid":{"rendered":"http:\/\/klubmamgdynia.pl\/index.php\/produkt\/amos-klej-neonowy-5x105ml\/"},"modified":"2026-05-17T22:21:07","modified_gmt":"2026-05-17T20:21:07","slug":"amos-klej-neonowy-5x105ml","status":"publish","type":"product","link":"http:\/\/klubmamgdynia.pl\/index.php\/produkt\/amos-klej-neonowy-5x105ml\/","title":{"rendered":"Amos Klej Neonowy 5X10,5Ml"},"content":{"rendered":"<p>Dekoracyjny klej w p\u0142ynie zawieraj\u0105cy drobinki brokatu, przeznaczony do dekoracji papieru, kartonu, drewna i innych powierzchniWygodny: namaluj wz\u00f3r za pomoc\u0105 kleju i poczekaj a\u017c zaschnieNie wymaga dodatkowych akcesori\u00f3wNie brudzi, nie rozsypuje si\u0119Po zaschni\u0119ciu drobinki brokatu nie wykruszaj\u0105 si\u0119Mo\u017cliwe jest \u0142\u0105czenie Glitter Glue z innymi technikami: farbami witra\u017cowymi, Ciasto-PlastoNeonowy klej zawiera drobinki brokatuW zestawie 5 kolor\u00f3w neonowychPojemno\u015b\u0107: 5 x 10,5 mlZgodne z wymaganiami UE i ASTM D-4236<\/p>\n<h2>Amos Klej Neonowy 5X10,5Ml Amos<\/h2>\n<p>zagadki o bajkach, cytaty z ma\u0142ego ksi\u0119cia, wierszyki na lany poniedzia\u0142ek, loga samochod\u00f3w, podchwytliwe zagadki i odpowiedzi, halloween warszawa 2021 dzieci, cytaty o dzieciach i rodzinie, na wyspach bergamutach, gad\u017cety dla nastolatk\u00f3w 2021, imi\u0119 nela, cytaty o mi\u0142o\u015bci do dziecka, darmowy szablon list do miko\u0142aja, nadia imi\u0119, rainbow dash kolorowanka, roczek dziewczynki, zagadki dla dzieci 14 lat, gry planszowe dla nastolatk\u00f3w, lucjan, zagadki dla dzieci 10-12 lat<\/p>\n<p>yyyyy<\/p>\n<p>&nbsp;<\/p>\n","protected":false},"excerpt":{"rendered":"<p>Dekoracyjny klej w p\u0142ynie zawieraj\u0105cy drobinki brokatu, przeznaczony do dekoracji papieru, kartonu, drewna i innych powierzchniWygodny: namaluj wz\u00f3r za pomoc\u0105 kleju i poczekaj a\u017c zaschnieNie wymaga dodatkowych akcesori\u00f3wNie brudzi, nie rozsypuje si\u0119Po zaschni\u0119ciu drobinki brokatu nie wykruszaj\u0105 si\u0119Mo\u017cliwe jest \u0142\u0105czenie Glitter Glue z innymi technikami: farbami witra\u017cowymi, Ciasto-PlastoNeonowy klej zawiera drobinki brokatuW zestawie 5 kolor\u00f3w [&hellip;]<\/p>\n","protected":false},"featured_media":10920,"comment_status":"closed","ping_status":"open","template":"","meta":[],"product_cat":[1898,297],"product_tag":[863,813,866,614],"class_list":["post-10919","product","type-product","status-publish","has-post-thumbnail","hentry","product_cat-amos","product_cat-szkolne-artykuly-plastyczne","product_tag-bajki-dla-dziewczynek","product_tag-krotkie-zagadki-matematyczne-z-odpowiedziami","product_tag-opis-do-zdjecia-dziecka-na-fb","product_tag-pia"],"_links":{"self":[{"href":"http:\/\/klubmamgdynia.pl\/index.php\/wp-json\/wp\/v2\/product\/10919","targetHints":{"allow":["GET"]}}],"collection":[{"href":"http:\/\/klubmamgdynia.pl\/index.php\/wp-json\/wp\/v2\/product"}],"about":[{"href":"http:\/\/klubmamgdynia.pl\/index.php\/wp-json\/wp\/v2\/types\/product"}],"replies":[{"embeddable":true,"href":"http:\/\/klubmamgdynia.pl\/index.php\/wp-json\/wp\/v2\/comments?post=10919"}],"wp:featuredmedia":[{"embeddable":true,"href":"http:\/\/klubmamgdynia.pl\/index.php\/wp-json\/wp\/v2\/media\/10920"}],"wp:attachment":[{"href":"http:\/\/klubmamgdynia.pl\/index.php\/wp-json\/wp\/v2\/media?parent=10919"}],"wp:term":[{"taxonomy":"product_cat","embeddable":true,"href":"http:\/\/klubmamgdynia.pl\/index.php\/wp-json\/wp\/v2\/product_cat?post=10919"},{"taxonomy":"product_tag","embeddable":true,"href":"http:\/\/klubmamgdynia.pl\/index.php\/wp-json\/wp\/v2\/product_tag?post=10919"}],"curies":[{"name":"wp","href":"https:\/\/api.w.org\/{rel}","templated":true}]}}