{"id":10921,"date":"2015-03-04T18:13:46","date_gmt":"2015-03-04T17:13:46","guid":{"rendered":"http:\/\/klubmamgdynia.pl\/index.php\/produkt\/playbox-farby-akrylowe-12szt\/"},"modified":"2026-04-05T23:32:20","modified_gmt":"2026-04-05T21:32:20","slug":"playbox-farby-akrylowe-12szt","status":"publish","type":"product","link":"http:\/\/klubmamgdynia.pl\/index.php\/produkt\/playbox-farby-akrylowe-12szt\/","title":{"rendered":"Playbox Farby Akrylowe 12Szt."},"content":{"rendered":"<p>Limango.pl to internetowy klub zakupowy dla kobiet i m\u0142odych rodzin, w kt\u00f3rym mog\u0105 kupowa\u0107 wy\u0142\u0105cznie cz\u0142onkowie. W naszej ofercie znajdziecie produkty renomowanych marek &#8211; czasami nawet do 80% taniej.Organizujemy trwaj\u0105ce 3 do 7 dni kampanie sprzeda\u017cowe dla naszych cz\u0142onk\u00f3w w \u015bcis\u0142ej wsp\u00f3\u0142pracy ze znanymi markami z ca\u0142ej Europy.W limango, ze wzgl\u0119du na ograniczenie ilo\u015bciowe produkt\u00f3w obowi\u0105zuje zasada: &#8222;kto pierwszy, ten lepszy!&#8221;. Aby nie przeoczy\u0107 po\u017c\u0105danych produkt\u00f3w, odwiedzaj nas codziennie. Informacje o kampaniach otrzymujesz od nas rano przed ich rozpocz\u0119ciem poprzez rozsy\u0142any newsletter.W limango znajdziecie nie tylko produkty \u015bwiatowych marek, promujemy r\u00f3wnie\u017c uznanych i niszowych polskich producent\u00f3w oraz designer\u00f3w, kt\u00f3rzy tworz\u0105 \u015bwietne i wysokiej jako\u015bci produkty z takich obszar\u00f3w jak: moda, dodatki, odzie\u017c dzieci\u0119ca, obuwie, zdrowie &amp; uroda, sport, trendy &amp; gad\u017cety oraz styl \u017cycia.Wsp\u00f3\u0142pracuj\u0105c bezpo\u015brednio z producentami znanych marek, mo\u017cemy oferowa\u0107 Wam tak korzystne ceny.Opis produktu:- zawarto\u015b\u0107: 12 farb akrylowych w r\u00f3\u017cnych kolorach (ka\u017cda po 12 ml)- kreatywne tworzenie wed\u0142ug w\u0142asnych pomys\u0142\u00f3w<\/p>\n<h2>Playbox Farby Akrylowe 12Szt. Playbox<\/h2>\n<p>film rodzinny o \u015bwi\u0119tach, basen warszawa, eksperymenty dla dzieci wulkan, dziewczynka z parku pytania i odpowiedzi, bal halloween dla dzieci 2021, kr\u00f3tkie zagadki dla doros\u0142ych, prezent dla nastolatki, koty kolorowanka, bardzo trudne zagadki, dobre \u017carty na prima aprilis, okolice wroc\u0142awia atrakcje, pieski, prezent na roczek dla dziewczynki, imi\u0119 nadia, bajki dla dzieci czytane, zabawka na roczek dla ch\u0142opca, mini zoo dolno\u015bl\u0105skie<\/p>\n<p>yyyyy<\/p>\n<p>&nbsp;<\/p>\n","protected":false},"excerpt":{"rendered":"<p>Limango.pl to internetowy klub zakupowy dla kobiet i m\u0142odych rodzin, w kt\u00f3rym mog\u0105 kupowa\u0107 wy\u0142\u0105cznie cz\u0142onkowie. W naszej ofercie znajdziecie produkty renomowanych marek &#8211; czasami nawet do 80% taniej.Organizujemy trwaj\u0105ce 3 do 7 dni kampanie sprzeda\u017cowe dla naszych cz\u0142onk\u00f3w w \u015bcis\u0142ej wsp\u00f3\u0142pracy ze znanymi markami z ca\u0142ej Europy.W limango, ze wzgl\u0119du na ograniczenie ilo\u015bciowe produkt\u00f3w [&hellip;]<\/p>\n","protected":false},"featured_media":10922,"comment_status":"closed","ping_status":"open","template":"","meta":[],"product_cat":[1930,297],"product_tag":[777,680,723,596,857,607],"class_list":["post-10921","product","type-product","status-publish","has-post-thumbnail","hentry","product_cat-playbox","product_cat-szkolne-artykuly-plastyczne","product_tag-co-na-roczek","product_tag-cytaty-z-malego-ksiecia","product_tag-krotkie-bajki-do-czytania-na-dobranoc","product_tag-pomysly-na-prima-aprilis","product_tag-zagadki-dla-dzieci-7-8-lat","product_tag-zarty-na-prima-aprilis-dla-rodzicow"],"_links":{"self":[{"href":"http:\/\/klubmamgdynia.pl\/index.php\/wp-json\/wp\/v2\/product\/10921","targetHints":{"allow":["GET"]}}],"collection":[{"href":"http:\/\/klubmamgdynia.pl\/index.php\/wp-json\/wp\/v2\/product"}],"about":[{"href":"http:\/\/klubmamgdynia.pl\/index.php\/wp-json\/wp\/v2\/types\/product"}],"replies":[{"embeddable":true,"href":"http:\/\/klubmamgdynia.pl\/index.php\/wp-json\/wp\/v2\/comments?post=10921"}],"wp:featuredmedia":[{"embeddable":true,"href":"http:\/\/klubmamgdynia.pl\/index.php\/wp-json\/wp\/v2\/media\/10922"}],"wp:attachment":[{"href":"http:\/\/klubmamgdynia.pl\/index.php\/wp-json\/wp\/v2\/media?parent=10921"}],"wp:term":[{"taxonomy":"product_cat","embeddable":true,"href":"http:\/\/klubmamgdynia.pl\/index.php\/wp-json\/wp\/v2\/product_cat?post=10921"},{"taxonomy":"product_tag","embeddable":true,"href":"http:\/\/klubmamgdynia.pl\/index.php\/wp-json\/wp\/v2\/product_tag?post=10921"}],"curies":[{"name":"wp","href":"https:\/\/api.w.org\/{rel}","templated":true}]}}