{"id":10925,"date":"2018-03-28T01:21:50","date_gmt":"2018-03-27T23:21:50","guid":{"rendered":"http:\/\/klubmamgdynia.pl\/index.php\/produkt\/amos-brelok-witrazowy-little-princess\/"},"modified":"2026-04-07T10:47:12","modified_gmt":"2026-04-07T08:47:12","slug":"amos-brelok-witrazowy-little-princess","status":"publish","type":"product","link":"http:\/\/klubmamgdynia.pl\/index.php\/produkt\/amos-brelok-witrazowy-little-princess\/","title":{"rendered":"Amos Brelok Witra\u017cowy Little Princess"},"content":{"rendered":"<p>witra\u017ce-breloki przeznaczone do samodzielnego wykonaniaobszary wewn\u0105trz wzoru wype\u0142ni\u0107 farbami Glass Deco, u\u0142o\u017cy\u0107 pokolorowane witra\u017ce na r\u00f3wnej powierzchni i pozostawi\u0107 do wyschni\u0119ciagotowe witra\u017ce mo\u017cna po\u0142\u0105czy\u0107 \u017cy\u0142k\u0105 lub \u0142a\u0144cuszkiemw zestawie 6 witra\u017cyk\u00f3wzgodne z wymaganiami UE i ASTM D-4236<\/p>\n<h2>Amos Brelok Witra\u017cowy Little Princess Amos<\/h2>\n<p>atrakcje dla dzieci warszawa, jan pawe\u0142 2 rysunek \u0142atwy dla dzieci, opis o rodzinie, planety do druku dla dzieci, bajki dla dzieci online, kolorowanki uk\u0142ad s\u0142oneczny, zabawki na roczek dla dziewczynki, zagadki o wielkanocy dla dzieci, piosenka na dzie\u0144 mamy tekst, test z lektury opowie\u015bci z narni lew czarownica i stara szafa, ma\u0142y ksi\u0105\u017c\u0119 &#8211; test z odpowiedziami, samochwa\u0142a, ma\u0142y ksi\u0105\u017c\u0119 &#8211; test z odpowiedziami, znajd\u017a r\u00f3\u017cnice, linda<\/p>\n<p>yyyyy<\/p>\n<p>&nbsp;<\/p>\n","protected":false},"excerpt":{"rendered":"<p>witra\u017ce-breloki przeznaczone do samodzielnego wykonaniaobszary wewn\u0105trz wzoru wype\u0142ni\u0107 farbami Glass Deco, u\u0142o\u017cy\u0107 pokolorowane witra\u017ce na r\u00f3wnej powierzchni i pozostawi\u0107 do wyschni\u0119ciagotowe witra\u017ce mo\u017cna po\u0142\u0105czy\u0107 \u017cy\u0142k\u0105 lub \u0142a\u0144cuszkiemw zestawie 6 witra\u017cyk\u00f3wzgodne z wymaganiami UE i ASTM D-4236 Amos Brelok Witra\u017cowy Little Princess Amos atrakcje dla dzieci warszawa, jan pawe\u0142 2 rysunek \u0142atwy dla dzieci, opis o [&hellip;]<\/p>\n","protected":false},"featured_media":10926,"comment_status":"closed","ping_status":"open","template":"","meta":[],"product_cat":[1898,1888],"product_tag":[699,830,770,633],"class_list":["post-10925","product","type-product","status-publish","has-post-thumbnail","hentry","product_cat-amos","product_cat-dekoratorstwo","product_tag-kolorowanki-do-druku-dla-dziewczyn","product_tag-rodzina-cytaty","product_tag-samolot-z-papieru","product_tag-zagadki-z-odpowiedziami"],"_links":{"self":[{"href":"http:\/\/klubmamgdynia.pl\/index.php\/wp-json\/wp\/v2\/product\/10925","targetHints":{"allow":["GET"]}}],"collection":[{"href":"http:\/\/klubmamgdynia.pl\/index.php\/wp-json\/wp\/v2\/product"}],"about":[{"href":"http:\/\/klubmamgdynia.pl\/index.php\/wp-json\/wp\/v2\/types\/product"}],"replies":[{"embeddable":true,"href":"http:\/\/klubmamgdynia.pl\/index.php\/wp-json\/wp\/v2\/comments?post=10925"}],"wp:featuredmedia":[{"embeddable":true,"href":"http:\/\/klubmamgdynia.pl\/index.php\/wp-json\/wp\/v2\/media\/10926"}],"wp:attachment":[{"href":"http:\/\/klubmamgdynia.pl\/index.php\/wp-json\/wp\/v2\/media?parent=10925"}],"wp:term":[{"taxonomy":"product_cat","embeddable":true,"href":"http:\/\/klubmamgdynia.pl\/index.php\/wp-json\/wp\/v2\/product_cat?post=10925"},{"taxonomy":"product_tag","embeddable":true,"href":"http:\/\/klubmamgdynia.pl\/index.php\/wp-json\/wp\/v2\/product_tag?post=10925"}],"curies":[{"name":"wp","href":"https:\/\/api.w.org\/{rel}","templated":true}]}}