{"id":10927,"date":"2021-11-21T12:23:59","date_gmt":"2021-11-21T11:23:59","guid":{"rendered":"http:\/\/klubmamgdynia.pl\/index.php\/produkt\/trefl-kalambury-podroz-po-polsce-01683\/"},"modified":"2026-04-07T01:35:21","modified_gmt":"2026-04-06T23:35:21","slug":"trefl-kalambury-podroz-po-polsce-01683","status":"publish","type":"product","link":"http:\/\/klubmamgdynia.pl\/index.php\/produkt\/trefl-kalambury-podroz-po-polsce-01683\/","title":{"rendered":"Trefl Kalambury Podr\u00f3\u017c Po Polsce 01683"},"content":{"rendered":"<p>Trefl Kalambury Podr\u00f3\u017c Po Polsce 1683Znana i lubiana gra w nowej ods\u0142onie! Tym razem gracze zmierz\u0105 si\u0119 z has\u0142ami dotycz\u0105cymi polskich reali\u00f3w, m.in. popkultury, historii, geografii i show-biznesu. Nie wa\u017cne czy grasz w gronie znajomych czy z rodzin\u0105, \u015bwietna zabawa gwarantowana!\u00a0                            <\/p>\n<p>ZAWARTO\u015a\u0106- plansza do gry- 40 \u017ceton\u00f3w- \u017ceton pucharu- 161 kar- 4 karty pomocy- 4 pionki- tablica sucho\u015bcieralna- mazak sucho\u015bcieralny- g\u0105bka- instrukcja                            <\/p>\n<p>\u00a0\u00a0<\/p>\n<h2>Trefl Kalambury Podr\u00f3\u017c Po Polsce 01683 Trefl<\/h2>\n<p>kolorowanki ninjago, ksi\u0105\u017cka dla dzieci online, quiz o usa, alan imi\u0119, paj\u0105czek na rowerze test, zabawki na roczek, zagadki, lilianna, a \u015bpij kochanie, cytat o dziecku, gry dla nastolatk\u00f3w, literki, sonia imi\u0119, sa\u0142atki dla dzieci, zabawy urodzinowe dla dzieci, najpi\u0119kniejsze cytaty cytaty dla mamy, zagadki wielkanocne dla dzieci, fajne zagadki dla dzieci<\/p>\n<p>yyyyy<\/p>\n<p>&nbsp;<\/p>\n","protected":false},"excerpt":{"rendered":"<p>Trefl Kalambury Podr\u00f3\u017c Po Polsce 1683Znana i lubiana gra w nowej ods\u0142onie! Tym razem gracze zmierz\u0105 si\u0119 z has\u0142ami dotycz\u0105cymi polskich reali\u00f3w, m.in. popkultury, historii, geografii i show-biznesu. Nie wa\u017cne czy grasz w gronie znajomych czy z rodzin\u0105, \u015bwietna zabawa gwarantowana!\u00a0 ZAWARTO\u015a\u0106- plansza do gry- 40 \u017ceton\u00f3w- \u017ceton pucharu- 161 kar- 4 karty pomocy- 4 [&hellip;]<\/p>\n","protected":false},"featured_media":10928,"comment_status":"closed","ping_status":"open","template":"","meta":[],"product_cat":[130,104],"product_tag":[662,727,695,822,607],"class_list":["post-10927","product","type-product","status-publish","has-post-thumbnail","hentry","product_cat-gry-dzieciece","product_cat-trefl","product_tag-bajki-na-dobranoc","product_tag-godlo-polski-do-druku","product_tag-rzadkie-imiona-zenskie","product_tag-wierszyki-o-wakacjach-krotkie","product_tag-zarty-na-prima-aprilis-dla-rodzicow"],"_links":{"self":[{"href":"http:\/\/klubmamgdynia.pl\/index.php\/wp-json\/wp\/v2\/product\/10927","targetHints":{"allow":["GET"]}}],"collection":[{"href":"http:\/\/klubmamgdynia.pl\/index.php\/wp-json\/wp\/v2\/product"}],"about":[{"href":"http:\/\/klubmamgdynia.pl\/index.php\/wp-json\/wp\/v2\/types\/product"}],"replies":[{"embeddable":true,"href":"http:\/\/klubmamgdynia.pl\/index.php\/wp-json\/wp\/v2\/comments?post=10927"}],"wp:featuredmedia":[{"embeddable":true,"href":"http:\/\/klubmamgdynia.pl\/index.php\/wp-json\/wp\/v2\/media\/10928"}],"wp:attachment":[{"href":"http:\/\/klubmamgdynia.pl\/index.php\/wp-json\/wp\/v2\/media?parent=10927"}],"wp:term":[{"taxonomy":"product_cat","embeddable":true,"href":"http:\/\/klubmamgdynia.pl\/index.php\/wp-json\/wp\/v2\/product_cat?post=10927"},{"taxonomy":"product_tag","embeddable":true,"href":"http:\/\/klubmamgdynia.pl\/index.php\/wp-json\/wp\/v2\/product_tag?post=10927"}],"curies":[{"name":"wp","href":"https:\/\/api.w.org\/{rel}","templated":true}]}}