{"id":10929,"date":"2016-08-02T02:05:14","date_gmt":"2016-08-02T00:05:14","guid":{"rendered":"http:\/\/klubmamgdynia.pl\/index.php\/produkt\/malplay-zabawka-do-kapieli-przelewowa-fontanna-krab-224648\/"},"modified":"2026-04-07T11:23:29","modified_gmt":"2026-04-07T09:23:29","slug":"malplay-zabawka-do-kapieli-przelewowa-fontanna-krab-224648","status":"publish","type":"product","link":"http:\/\/klubmamgdynia.pl\/index.php\/produkt\/malplay-zabawka-do-kapieli-przelewowa-fontanna-krab-224648\/","title":{"rendered":"Malplay Zabawka Do K\u0105pieli Przelewowa Fontanna Krab (224648)"},"content":{"rendered":"<p>Zabawka do k\u0105pieli umili dziecku czas sp\u0119dzony w wannie, kt\u00f3ry jeszcze nigdy nie by\u0142 tak zabawny.Produkt ten \u015bwietnie sprawdzi si\u0119 dla dzieci kt\u00f3re boj\u0105 si\u0119 i wzbraniaj\u0105 przed k\u0105piel\u0105.Dzi\u0119ki swoim ma\u0142ym wymiarom i lekkiej konstrukcji jest \u0142atwa do zabrania min. na basen.Poza niesamowita doz\u0105 zabawy, rozwija ona r\u00f3wnie\u017c dzieci\u0119c\u0105 wyobra\u017ani\u0119 i zdolno\u015b\u0107 logicznego my\u015blenia, poprzez jej ruchome elementy.Zabawka jest wykonana z bezpiecznego plastiku o bardzo dobrej jako\u015bci, kt\u00f3ry \u0142atwo si\u0119 czy\u015bci a jej uroczy wygl\u0105d z pewno\u015bci\u0105 zach\u0119ci dziecko do skorzystania z niego.Dzi\u0119ki przyssawce z ty\u0142u zabawki mo\u017cna \u0142atwo j\u0105 zamontowa\u0107 na \u0142azienkowych p\u0142ytkach, wannie lub szybie prysznicowej.Poza g\u0142\u00f3wn\u0105 zabawk\u0105 w zestawie znajdziemy r\u00f3wnie\u017c kubeczek-nabierke z sitkiem, kt\u00f3re u\u0142atwiaj\u0105 nape\u0142nianie zabawki wod\u0105.Parametry:Wymiar opakowania: 20,0 x 10,5 x 32,5 cmWymiar zabawki: 14,0 x 7,0 x 27,5 cmWymiar nabierki: 10,0 x 7,0 x 6,0 cmWiek: od 18 miesi\u0105ca<\/p>\n<h2>Malplay Zabawka Do K\u0105pieli Przelewowa Fontanna Krab (224648) Malplay<\/h2>\n<p>znaczenie imiona marcel, mia\u0142a baba koguta tekst, szlaczki dla dzieci, kolorowanka harry potter do druku, zagadki rymowanki dla dzieci, kolorowanki harry potter, wakacyjne kolorowanki, zadania logiczne dla dzieci, kolorowanki \u015bwi\u0105teczne do druku pdf, znaczenie imienia alan, gdzie strumyk p\u0142ynie z wolna tekst, sa\u0142atki dla dzieci, nela w krainie wombat\u00f3w, test miko\u0142ajek, prezent na roczek dla chrze\u015bniaka<\/p>\n<p>yyyyy<\/p>\n<p>&nbsp;<\/p>\n","protected":false},"excerpt":{"rendered":"<p>Zabawka do k\u0105pieli umili dziecku czas sp\u0119dzony w wannie, kt\u00f3ry jeszcze nigdy nie by\u0142 tak zabawny.Produkt ten \u015bwietnie sprawdzi si\u0119 dla dzieci kt\u00f3re boj\u0105 si\u0119 i wzbraniaj\u0105 przed k\u0105piel\u0105.Dzi\u0119ki swoim ma\u0142ym wymiarom i lekkiej konstrukcji jest \u0142atwa do zabrania min. na basen.Poza niesamowita doz\u0105 zabawy, rozwija ona r\u00f3wnie\u017c dzieci\u0119c\u0105 wyobra\u017ani\u0119 i zdolno\u015b\u0107 logicznego my\u015blenia, poprzez [&hellip;]<\/p>\n","protected":false},"featured_media":10930,"comment_status":"closed","ping_status":"open","template":"","meta":[],"product_cat":[84,295],"product_tag":[731,764,591,782],"class_list":["post-10929","product","type-product","status-publish","has-post-thumbnail","hentry","product_cat-malplay","product_cat-pozostale-zabawki","product_tag-maly-ksiaze-cytaty","product_tag-prezenty-na-roczek-dla-dziewczynki","product_tag-quiz-o-minecraft","product_tag-zagadki-dla-dzieci-z-odpowiedziami"],"_links":{"self":[{"href":"http:\/\/klubmamgdynia.pl\/index.php\/wp-json\/wp\/v2\/product\/10929","targetHints":{"allow":["GET"]}}],"collection":[{"href":"http:\/\/klubmamgdynia.pl\/index.php\/wp-json\/wp\/v2\/product"}],"about":[{"href":"http:\/\/klubmamgdynia.pl\/index.php\/wp-json\/wp\/v2\/types\/product"}],"replies":[{"embeddable":true,"href":"http:\/\/klubmamgdynia.pl\/index.php\/wp-json\/wp\/v2\/comments?post=10929"}],"wp:featuredmedia":[{"embeddable":true,"href":"http:\/\/klubmamgdynia.pl\/index.php\/wp-json\/wp\/v2\/media\/10930"}],"wp:attachment":[{"href":"http:\/\/klubmamgdynia.pl\/index.php\/wp-json\/wp\/v2\/media?parent=10929"}],"wp:term":[{"taxonomy":"product_cat","embeddable":true,"href":"http:\/\/klubmamgdynia.pl\/index.php\/wp-json\/wp\/v2\/product_cat?post=10929"},{"taxonomy":"product_tag","embeddable":true,"href":"http:\/\/klubmamgdynia.pl\/index.php\/wp-json\/wp\/v2\/product_tag?post=10929"}],"curies":[{"name":"wp","href":"https:\/\/api.w.org\/{rel}","templated":true}]}}