{"id":10931,"date":"2022-06-24T19:08:04","date_gmt":"2022-06-24T17:08:04","guid":{"rendered":"http:\/\/klubmamgdynia.pl\/index.php\/produkt\/xoxo-love-hugs-zestaw-zrob-to-sam-mydlo-babeczka-xoxo\/"},"modified":"2026-04-06T17:58:31","modified_gmt":"2026-04-06T15:58:31","slug":"xoxo-love-hugs-zestaw-zrob-to-sam-mydlo-babeczka-xoxo","status":"publish","type":"product","link":"http:\/\/klubmamgdynia.pl\/index.php\/produkt\/xoxo-love-hugs-zestaw-zrob-to-sam-mydlo-babeczka-xoxo\/","title":{"rendered":"Xoxo Love &amp; Hugs Zestaw Zr\u00f3b To Sam Myd\u0142o Babeczka Xoxo"},"content":{"rendered":"<p>Zestaw zr\u00f3b to sam myd\u0142o babeczka Xoxo Uwielbiasz robi\u0107 myd\u0142o albo piec? To mamy dla Ciebie idealna zabawk\u0119! Ten kolorowy zestaw umo\u017cliwi jedno i drugie! Wykonaj najpi\u0119kniejsze myde\u0142ka w formie lod\u00f3w, p\u0105czk\u00f3w i babeczek. Kompletny zestaw do zabaw kreatywnych zawieraj\u0105cy mieszank\u0119 do robienia myd\u0142a, foremki, barwniki i konfetti. Specyfikacja: Wiek: 6+ lat<\/p>\n<h2>Xoxo Love &amp; Hugs Zestaw Zr\u00f3b To Sam Myd\u0142o Babeczka Xoxo Sambro<\/h2>\n<p>ciasteczka na halloween dla dzieci, ciekawe zagadki, prezent na roczek dla dziewczynki, pierwsze urodziny prezent na roczek dla ch\u0142opca<\/p>\n<p>yyyyy<\/p>\n<p>&nbsp;<\/p>\n","protected":false},"excerpt":{"rendered":"<p>Zestaw zr\u00f3b to sam myd\u0142o babeczka Xoxo Uwielbiasz robi\u0107 myd\u0142o albo piec? To mamy dla Ciebie idealna zabawk\u0119! Ten kolorowy zestaw umo\u017cliwi jedno i drugie! Wykonaj najpi\u0119kniejsze myde\u0142ka w formie lod\u00f3w, p\u0105czk\u00f3w i babeczek. Kompletny zestaw do zabaw kreatywnych zawieraj\u0105cy mieszank\u0119 do robienia myd\u0142a, foremki, barwniki i konfetti. Specyfikacja: Wiek: 6+ lat Xoxo Love &amp; [&hellip;]<\/p>\n","protected":false},"featured_media":10932,"comment_status":"closed","ping_status":"open","template":"","meta":[],"product_cat":[1867,21],"product_tag":[668,828,681,813,733],"class_list":["post-10931","product","type-product","status-publish","has-post-thumbnail","hentry","product_cat-sambro","product_cat-zabawki-plastyczne","product_tag-atrakcje-dla-dzieci-wroclaw","product_tag-filmy-wigilijne-dla-dzieci","product_tag-flagi-europy-quiz","product_tag-krotkie-zagadki-matematyczne-z-odpowiedziami","product_tag-zarty-na-prima-aprilis"],"_links":{"self":[{"href":"http:\/\/klubmamgdynia.pl\/index.php\/wp-json\/wp\/v2\/product\/10931","targetHints":{"allow":["GET"]}}],"collection":[{"href":"http:\/\/klubmamgdynia.pl\/index.php\/wp-json\/wp\/v2\/product"}],"about":[{"href":"http:\/\/klubmamgdynia.pl\/index.php\/wp-json\/wp\/v2\/types\/product"}],"replies":[{"embeddable":true,"href":"http:\/\/klubmamgdynia.pl\/index.php\/wp-json\/wp\/v2\/comments?post=10931"}],"wp:featuredmedia":[{"embeddable":true,"href":"http:\/\/klubmamgdynia.pl\/index.php\/wp-json\/wp\/v2\/media\/10932"}],"wp:attachment":[{"href":"http:\/\/klubmamgdynia.pl\/index.php\/wp-json\/wp\/v2\/media?parent=10931"}],"wp:term":[{"taxonomy":"product_cat","embeddable":true,"href":"http:\/\/klubmamgdynia.pl\/index.php\/wp-json\/wp\/v2\/product_cat?post=10931"},{"taxonomy":"product_tag","embeddable":true,"href":"http:\/\/klubmamgdynia.pl\/index.php\/wp-json\/wp\/v2\/product_tag?post=10931"}],"curies":[{"name":"wp","href":"https:\/\/api.w.org\/{rel}","templated":true}]}}