{"id":10935,"date":"2012-07-13T10:58:02","date_gmt":"2012-07-13T08:58:02","guid":{"rendered":"http:\/\/klubmamgdynia.pl\/index.php\/produkt\/amos-bagaznik-dachowy-do-hyundai-elantra-v-sedan-11-15\/"},"modified":"2026-04-29T16:56:50","modified_gmt":"2026-04-29T14:56:50","slug":"amos-bagaznik-dachowy-do-hyundai-elantra-v-sedan-11-15","status":"publish","type":"product","link":"http:\/\/klubmamgdynia.pl\/index.php\/produkt\/amos-bagaznik-dachowy-do-hyundai-elantra-v-sedan-11-15\/","title":{"rendered":"AMOS BAGA\u017bNIK DACHOWY DO HYUNDAI ELANTRA V SEDAN 11-15"},"content":{"rendered":"<p>ZAMKI OS\u0141ONY Z ZAMKIEM DO BAGA\u017bNIK\u00d3W AMOS MODEL DROMADER \ud83d\ude41 ZESTAW PLUS )ZESTAW ZAWIERA KOMPLET 4 ZA\u015aLEPEK Z ZAMKAMI.SERDECZNIE ZAPRASZAMY DO ZAKUP\u00d3W<\/p>\n<h2>AMOS BAGA\u017bNIK DACHOWY DO HYUNDAI ELANTRA V SEDAN 11-15 Amos<\/h2>\n<p>kolorowanki dla dziewczynek do druku, desery dla dzieci, nauka zegara do druku pdf, super zings kolorowanki, stanis\u0142awa znaczenie imienia, gry i zabawy dla dzieci, peppa kolorowanka do druku, wroc\u0142aw i okolice atrakcje, maski na twarz dla dzieci do wydruku, cytaty ma\u0142y ksi\u0105\u017ce, prezent dla rocznego ch\u0142opca, film animowany o \u015bwi\u0119tach, wzruszaj\u0105ce s\u0142owa dla przyjaciela, \u017carty na prima aprilis w domu<\/p>\n<p>yyyyy<\/p>\n<p>&nbsp;<\/p>\n","protected":false},"excerpt":{"rendered":"<p>ZAMKI OS\u0141ONY Z ZAMKIEM DO BAGA\u017bNIK\u00d3W AMOS MODEL DROMADER \ud83d\ude41 ZESTAW PLUS )ZESTAW ZAWIERA KOMPLET 4 ZA\u015aLEPEK Z ZAMKAMI.SERDECZNIE ZAPRASZAMY DO ZAKUP\u00d3W AMOS BAGA\u017bNIK DACHOWY DO HYUNDAI ELANTRA V SEDAN 11-15 Amos kolorowanki dla dziewczynek do druku, desery dla dzieci, nauka zegara do druku pdf, super zings kolorowanki, stanis\u0142awa znaczenie imienia, gry i zabawy dla [&hellip;]<\/p>\n","protected":false},"featured_media":10936,"comment_status":"closed","ping_status":"open","template":"","meta":[],"product_cat":[1898,1925],"product_tag":[831,852,596,840,607],"class_list":["post-10935","product","type-product","status-publish","has-post-thumbnail","hentry","product_cat-amos","product_cat-bagazniki-bazowe","product_tag-bruno","product_tag-jak-zrobic-samolot-z-papieru","product_tag-pomysly-na-prima-aprilis","product_tag-stare-bajki","product_tag-zarty-na-prima-aprilis-dla-rodzicow"],"_links":{"self":[{"href":"http:\/\/klubmamgdynia.pl\/index.php\/wp-json\/wp\/v2\/product\/10935","targetHints":{"allow":["GET"]}}],"collection":[{"href":"http:\/\/klubmamgdynia.pl\/index.php\/wp-json\/wp\/v2\/product"}],"about":[{"href":"http:\/\/klubmamgdynia.pl\/index.php\/wp-json\/wp\/v2\/types\/product"}],"replies":[{"embeddable":true,"href":"http:\/\/klubmamgdynia.pl\/index.php\/wp-json\/wp\/v2\/comments?post=10935"}],"wp:featuredmedia":[{"embeddable":true,"href":"http:\/\/klubmamgdynia.pl\/index.php\/wp-json\/wp\/v2\/media\/10936"}],"wp:attachment":[{"href":"http:\/\/klubmamgdynia.pl\/index.php\/wp-json\/wp\/v2\/media?parent=10935"}],"wp:term":[{"taxonomy":"product_cat","embeddable":true,"href":"http:\/\/klubmamgdynia.pl\/index.php\/wp-json\/wp\/v2\/product_cat?post=10935"},{"taxonomy":"product_tag","embeddable":true,"href":"http:\/\/klubmamgdynia.pl\/index.php\/wp-json\/wp\/v2\/product_tag?post=10935"}],"curies":[{"name":"wp","href":"https:\/\/api.w.org\/{rel}","templated":true}]}}